{"id":6059,"date":"2021-01-05T01:33:48","date_gmt":"2021-01-04T18:33:48","guid":{"rendered":"http:\/\/iposdanang.vn\/iposdanang\/?post_type=product&#038;p=6059"},"modified":"2021-01-14T13:42:56","modified_gmt":"2021-01-14T06:42:56","slug":"may-in-nhiet-ipos-itp5","status":"publish","type":"product","link":"https:\/\/iposdanang.vn\/iposdanang\/index.php\/product\/may-in-nhiet-ipos-itp5\/","title":{"rendered":"M\u00c1Y IN NHI\u1ec6T iPOS iTP5"},"content":{"rendered":"<p><strong>TH\u00d4NG S\u1ed0 K\u1ef8 THU\u1eacT<\/strong><\/p>\n<ul>\n<li><strong>K\u00edch th\u01b0\u1edbc:<\/strong>\u00a0140 (Ngang) x 200 (S\u00e2u) x 150 (Cao)<\/li>\n<li><strong>T\u1ed1c \u0111\u1ed9:<\/strong>\u00a0250mm\/s<\/li>\n<li><strong>Kh\u1ed5 gi\u1ea5y:<\/strong>\u00a080mm c\u1ea3m nhi\u1ec7t<\/li>\n<li><strong>\u0110\u1ed9 b\u1ec1n \u0111\u1ea7u in:\u00a0<\/strong>100km<\/li>\n<li><strong>C\u1eaft gi\u1ea5y:<\/strong>\u00a0T\u1ef1 \u0111\u1ed9ng c\u1eaft gi\u1ea5y<\/li>\n<li><strong>C\u1ed5ng k\u1ebft n\u1ed1i<\/strong>: 3 c\u1ed5ng (USB \u2013 LAN \u2013 COM)<\/li>\n<li>S\u1ea3n ph\u1ea9m \u0111\u1ea1t ti\u00eau chu\u00e2\u0309n Ch\u00e2u \u00c2u<\/li>\n<\/ul>\n<p><strong>Ba\u0309o ha\u0300nh 18 tha\u0301ng cho ma\u0301y in, 12 th\u00e1ng cho \u0111\u1ea7u in v\u1edbi Adapter<br \/>\n<\/strong><\/p>\n<p><strong>Ch\u00ednh s\u00e1ch b\u1ea3o h\u00e0nh:<\/strong> <a href=\"https:\/\/ipos.vn\/wp-content\/uploads\/2020\/06\/Quy-Dinh-Bao-Hanh-Phan-Cung-update-web-iPOS.pdf\">Ph\u1ea7n c\u1ee9ng<\/a>\u00a0v\u00e0\u00a0<a href=\"https:\/\/ipos.vn\/wp-content\/uploads\/2020\/06\/Quy-Dinh-Bao-Hanh-Phan-Mem-iPOS.pdf\">ph\u1ea7n m\u1ec1m<\/a><\/p>\n<p><strong>L\u01b0u \u00fd khi s\u1eed d\u1ee5ng gi\u1ea5y in:<\/strong><\/p>\n<p>\u2013 B\u1ecdc b\u1ea1c, b\u1ea3o qu\u1ea3n n\u01a1i kh\u00f4 r\u00e1o<\/p>\n<p>\u2013 D\u00f9ng gi\u1ea5y ch\u00ednh h\u00e3ng \u0111\u1ec3 \u0111\u1ea3m b\u1ea3o tu\u1ed5i th\u1ecd m\u00e1y in<\/p>\n<p>\u2013 Gi\u1ea5y in kh\u1ed5 ti\u00eau chu\u1ea9n: 80mm<\/p>\n<p>\u2013 \u0110\u01b0\u1eddng k\u00ednh cu\u1ed9n t\u1ed1i \u0111a: 80mm<\/p>\n<p><strong>Mi\u1ec5n ph\u00ed v\u1eadn chuy\u1ec3n to\u00e0n qu\u1ed1c theo ch\u00ednh s\u00e1ch c\u1ee7a iPOSDaNang.vn<\/strong><\/p>\n","protected":false},"excerpt":{"rendered":"<p><strong>TH\u00d4NG S\u1ed0 K\u1ef8 THU\u1eacT<\/strong><\/p>\n<ul>\n<li><strong>K\u00edch th\u01b0\u1edbc:<\/strong>\u00a0140 (Ngang) x 200 (S\u00e2u) x 150 (Cao)<\/li>\n<li><strong>T\u1ed1c \u0111\u1ed9:<\/strong>\u00a0250mm\/s<\/li>\n<li><strong>Kh\u1ed5 gi\u1ea5y:<\/strong>\u00a080mm c\u1ea3m nhi\u1ec7t<\/li>\n<li><strong>\u0110\u1ed9 b\u1ec1n \u0111\u1ea7u in:\u00a0<\/strong>100km<\/li>\n<li><strong>C\u1eaft gi\u1ea5y:<\/strong>\u00a0T\u1ef1 \u0111\u1ed9ng c\u1eaft gi\u1ea5y<\/li>\n<li><strong>C\u1ed5ng k\u1ebft n\u1ed1i<\/strong>: 3 c\u1ed5ng (USB \u2013 LAN \u2013 COM)<\/li>\n<li>S\u1ea3n ph\u1ea9m \u0111\u1ea1t ti\u00eau chu\u00e2\u0309n Ch\u00e2u \u00c2u<\/li>\n<\/ul>\n","protected":false},"featured_media":6372,"template":"","meta":{"_monsterinsights_skip_tracking":false,"_monsterinsights_sitenote_active":false,"_monsterinsights_sitenote_note":"","_monsterinsights_sitenote_category":0},"yoast_head":"<!-- This site is optimized with the Yoast SEO Premium plugin v15.0 - https:\/\/yoast.com\/wordpress\/plugins\/seo\/ -->\n<title>M\u00c1Y IN NHI\u1ec6T iPOS iTP5 - iPOS t\u1ea1i \u0110\u00e0 N\u1eb5ng<\/title>\n<meta name=\"robots\" content=\"index, follow, max-snippet:-1, max-image-preview:large, max-video-preview:-1\" \/>\n<link rel=\"canonical\" href=\"http:\/\/iposdanang.vn\/iposdanang\/index.php\/product\/may-in-nhiet-ipos-itp5\/\" \/>\n<meta property=\"og:locale\" content=\"vi_VN\" \/>\n<meta property=\"og:type\" content=\"article\" \/>\n<meta property=\"og:title\" content=\"M\u00c1Y IN NHI\u1ec6T iPOS iTP5 - iPOS t\u1ea1i \u0110\u00e0 N\u1eb5ng\" \/>\n<meta property=\"og:description\" content=\"TH\u00d4NG S\u1ed0 K\u1ef8 THU\u1eacT   K\u00edch th\u01b0\u1edbc:\u00a0140 (Ngang) x 200 (S\u00e2u) x 150 (Cao)  T\u1ed1c \u0111\u1ed9:\u00a0250mm\/s  Kh\u1ed5 gi\u1ea5y:\u00a080mm c\u1ea3m nhi\u1ec7t  \u0110\u1ed9 b\u1ec1n \u0111\u1ea7u in:\u00a0100km  C\u1eaft gi\u1ea5y:\u00a0T\u1ef1 \u0111\u1ed9ng c\u1eaft gi\u1ea5y  C\u1ed5ng k\u1ebft n\u1ed1i: 3 c\u1ed5ng (USB \u2013 LAN \u2013 COM)  S\u1ea3n ph\u1ea9m \u0111\u1ea1t ti\u00eau chu\u00e2\u0309n Ch\u00e2u \u00c2u\" \/>\n<meta property=\"og:url\" content=\"http:\/\/iposdanang.vn\/iposdanang\/index.php\/product\/may-in-nhiet-ipos-itp5\/\" \/>\n<meta property=\"og:site_name\" content=\"iPOS t\u1ea1i \u0110\u00e0 N\u1eb5ng\" \/>\n<meta property=\"article:modified_time\" content=\"2021-01-14T06:42:56+00:00\" \/>\n<meta property=\"og:image\" content=\"https:\/\/iposdanang.vn\/iposdanang\/wp-content\/uploads\/2021\/01\/ITP5-1-600x600-1.png\" \/>\n\t<meta property=\"og:image:width\" content=\"600\" \/>\n\t<meta property=\"og:image:height\" content=\"600\" \/>\n<meta name=\"twitter:card\" content=\"summary_large_image\" \/>\n<script type=\"application\/ld+json\" class=\"yoast-schema-graph\">{\"@context\":\"https:\/\/schema.org\",\"@graph\":[{\"@type\":\"WebSite\",\"@id\":\"https:\/\/iposdanang.vn\/iposdanang\/#website\",\"url\":\"https:\/\/iposdanang.vn\/iposdanang\/\",\"name\":\"iPOS t\\u1ea1i \\u0110\\u00e0 N\\u1eb5ng\",\"description\":\"iPOSDaNang.vn\",\"potentialAction\":[{\"@type\":\"SearchAction\",\"target\":\"https:\/\/iposdanang.vn\/iposdanang\/?s={search_term_string}\",\"query-input\":\"required name=search_term_string\"}],\"inLanguage\":\"vi\"},{\"@type\":\"ImageObject\",\"@id\":\"http:\/\/iposdanang.vn\/iposdanang\/index.php\/product\/may-in-nhiet-ipos-itp5\/#primaryimage\",\"inLanguage\":\"vi\",\"url\":\"https:\/\/iposdanang.vn\/iposdanang\/wp-content\/uploads\/2021\/01\/ITP5-1-600x600-1.png\",\"width\":600,\"height\":600},{\"@type\":\"WebPage\",\"@id\":\"http:\/\/iposdanang.vn\/iposdanang\/index.php\/product\/may-in-nhiet-ipos-itp5\/#webpage\",\"url\":\"http:\/\/iposdanang.vn\/iposdanang\/index.php\/product\/may-in-nhiet-ipos-itp5\/\",\"name\":\"M\\u00c1Y IN NHI\\u1ec6T iPOS iTP5 - iPOS t\\u1ea1i \\u0110\\u00e0 N\\u1eb5ng\",\"isPartOf\":{\"@id\":\"https:\/\/iposdanang.vn\/iposdanang\/#website\"},\"primaryImageOfPage\":{\"@id\":\"http:\/\/iposdanang.vn\/iposdanang\/index.php\/product\/may-in-nhiet-ipos-itp5\/#primaryimage\"},\"datePublished\":\"2021-01-04T18:33:48+00:00\",\"dateModified\":\"2021-01-14T06:42:56+00:00\",\"inLanguage\":\"vi\",\"potentialAction\":[{\"@type\":\"ReadAction\",\"target\":[\"http:\/\/iposdanang.vn\/iposdanang\/index.php\/product\/may-in-nhiet-ipos-itp5\/\"]}]}]}<\/script>\n<!-- \/ Yoast SEO Premium plugin. -->","_links":{"self":[{"href":"https:\/\/iposdanang.vn\/iposdanang\/index.php\/wp-json\/wp\/v2\/product\/6059"}],"collection":[{"href":"https:\/\/iposdanang.vn\/iposdanang\/index.php\/wp-json\/wp\/v2\/product"}],"about":[{"href":"https:\/\/iposdanang.vn\/iposdanang\/index.php\/wp-json\/wp\/v2\/types\/product"}],"wp:featuredmedia":[{"embeddable":true,"href":"https:\/\/iposdanang.vn\/iposdanang\/index.php\/wp-json\/wp\/v2\/media\/6372"}],"wp:attachment":[{"href":"https:\/\/iposdanang.vn\/iposdanang\/index.php\/wp-json\/wp\/v2\/media?parent=6059"}],"curies":[{"name":"wp","href":"https:\/\/api.w.org\/{rel}","templated":true}]}}