{"id":6198,"date":"2021-01-06T11:32:40","date_gmt":"2021-01-06T04:32:40","guid":{"rendered":"http:\/\/iposdanang.vn\/iposdanang\/?post_type=product&#038;p=6198"},"modified":"2021-01-06T11:32:54","modified_gmt":"2021-01-06T04:32:54","slug":"may-in-nhiet-itp8","status":"publish","type":"product","link":"https:\/\/iposdanang.vn\/iposdanang\/index.php\/product\/may-in-nhiet-itp8\/","title":{"rendered":"M\u00c1Y IN NHI\u1ec6T ITP8"},"content":{"rendered":"<p><strong class=\"desc-text\">TH\u00d4NG S\u1ed0 K\u1ef8 THU\u1eacT<\/strong><\/p>\n<ul>\n<li><strong>T\u1ed1c \u0111\u1ed9:<\/strong>\u00a0300mm\/s<\/li>\n<li><strong>Kh\u1ed5 gi\u1ea5y:<\/strong>\u00a079.5 \u00b1 0.5 mm<\/li>\n<li><strong>\u0110\u1ed9 b\u1ec1n \u0111\u1ea7u in:<\/strong>\u00a0150km<\/li>\n<li><strong>C\u1eaft gi\u1ea5y:<\/strong>\u00a0T\u1ef1 \u0111\u1ed9ng c\u1eaft gi\u1ea5y<\/li>\n<li><strong>C\u1ed5ng giao ti\u1ebfp:<\/strong>\u00a0USB + LAN + Serial<\/li>\n<li><strong>K\u00edch th\u01b0\u1edbc:\u00a0<\/strong>175 x 139 x 122mm<\/li>\n<\/ul>\n<p><strong>Ba\u0309o ha\u0300nh 24 tha\u0301ng t\u1ea1i v\u0103n ph\u00f2ng iPOSDANANG.vn<\/strong><\/p>\n<p><strong>Ch\u00ednh s\u00e1ch b\u1ea3o h\u00e0nh:<\/strong>\u00a0<a href=\"https:\/\/ipos.vn\/wp-content\/uploads\/2020\/06\/Quy-Dinh-Bao-Hanh-Phan-Cung-update-web-iPOS.pdf\">Ph\u1ea7n c\u1ee9ng<\/a>\u00a0v\u00e0\u00a0<a href=\"https:\/\/ipos.vn\/wp-content\/uploads\/2020\/06\/Quy-Dinh-Bao-Hanh-Phan-Mem-iPOS.pdf\">ph\u1ea7n m\u1ec1m<\/a><\/p>\n<p><strong>L\u01b0u \u00fd khi s\u1eed d\u1ee5ng gi\u1ea5y in:<\/strong><\/p>\n<p>\u2013 B\u1ecdc b\u1ea1c, b\u1ea3o qu\u1ea3n n\u01a1i kh\u00f4 r\u00e1o<\/p>\n<p>\u2013 D\u00f9ng gi\u1ea5y ch\u00ednh h\u00e3ng \u0111\u1ec3 \u0111\u1ea3m b\u1ea3o tu\u1ed5i th\u1ecd m\u00e1y in<\/p>\n<p>\u2013 Gi\u1ea5y in kh\u1ed5 ti\u00eau chu\u1ea9n: 80mm<\/p>\n<p>\u2013 \u0110\u01b0\u1eddng k\u00ednh cu\u1ed9n t\u1ed1i \u0111a: 80mm<\/p>\n<p><strong>Mi\u1ec5n ph\u00ed v\u1eadn chuy\u1ec3n to\u00e0n qu\u1ed1c theo ch\u00ednh s\u00e1ch c\u1ee7a iPOSDANANG.VN<\/strong><\/p>\n","protected":false},"excerpt":{"rendered":"<p><strong class=\"desc-text\">TH\u00d4NG S\u1ed0 K\u1ef8 THU\u1eacT<\/strong><\/p>\n<ul>\n<li><strong>T\u1ed1c \u0111\u1ed9:<\/strong>\u00a0300mm\/s<\/li>\n<li><strong>Kh\u1ed5 gi\u1ea5y:<\/strong>\u00a079.5 \u00b1 0.5 mm<\/li>\n<li><strong>\u0110\u1ed9 b\u1ec1n \u0111\u1ea7u in:<\/strong>\u00a0150km<\/li>\n<li><strong>C\u1eaft gi\u1ea5y:<\/strong>\u00a0T\u1ef1 \u0111\u1ed9ng c\u1eaft gi\u1ea5y<\/li>\n<li><strong>C\u1ed5ng giao ti\u1ebfp:<\/strong>\u00a0USB + LAN + Serial<\/li>\n<li><strong>K\u00edch th\u01b0\u1edbc:\u00a0<\/strong>175 x 139 x 122mm<\/li>\n<li>S\u1ea3n ph\u1ea9m \u0111\u1ea1t ti\u00eau chu\u00e2\u0309n Ch\u00e2u \u00c2u<\/li>\n<\/ul>\n","protected":false},"featured_media":6199,"template":"","meta":{"_monsterinsights_skip_tracking":false,"_monsterinsights_sitenote_active":false,"_monsterinsights_sitenote_note":"","_monsterinsights_sitenote_category":0},"yoast_head":"<!-- This site is optimized with the Yoast SEO Premium plugin v15.0 - https:\/\/yoast.com\/wordpress\/plugins\/seo\/ -->\n<title>M\u00c1Y IN NHI\u1ec6T ITP8 - iPOS t\u1ea1i \u0110\u00e0 N\u1eb5ng<\/title>\n<meta name=\"robots\" content=\"index, follow, max-snippet:-1, max-image-preview:large, max-video-preview:-1\" \/>\n<link rel=\"canonical\" href=\"http:\/\/iposdanang.vn\/iposdanang\/index.php\/product\/may-in-nhiet-itp8\/\" \/>\n<meta property=\"og:locale\" content=\"vi_VN\" \/>\n<meta property=\"og:type\" content=\"article\" \/>\n<meta property=\"og:title\" content=\"M\u00c1Y IN NHI\u1ec6T ITP8 - iPOS t\u1ea1i \u0110\u00e0 N\u1eb5ng\" \/>\n<meta property=\"og:description\" content=\"TH\u00d4NG S\u1ed0 K\u1ef8 THU\u1eacT   T\u1ed1c \u0111\u1ed9:\u00a0300mm\/s  Kh\u1ed5 gi\u1ea5y:\u00a079.5 \u00b1 0.5 mm  \u0110\u1ed9 b\u1ec1n \u0111\u1ea7u in:\u00a0150km  C\u1eaft gi\u1ea5y:\u00a0T\u1ef1 \u0111\u1ed9ng c\u1eaft gi\u1ea5y  C\u1ed5ng giao ti\u1ebfp:\u00a0USB + LAN + Serial  K\u00edch th\u01b0\u1edbc:\u00a0175 x 139 x 122mm  S\u1ea3n ph\u1ea9m \u0111\u1ea1t ti\u00eau chu\u00e2\u0309n Ch\u00e2u \u00c2u\" \/>\n<meta property=\"og:url\" content=\"http:\/\/iposdanang.vn\/iposdanang\/index.php\/product\/may-in-nhiet-itp8\/\" \/>\n<meta property=\"og:site_name\" content=\"iPOS t\u1ea1i \u0110\u00e0 N\u1eb5ng\" \/>\n<meta property=\"article:modified_time\" content=\"2021-01-06T04:32:54+00:00\" \/>\n<meta property=\"og:image\" content=\"https:\/\/iposdanang.vn\/iposdanang\/wp-content\/uploads\/2021\/01\/ITP8-1-600x600-1.png\" \/>\n\t<meta property=\"og:image:width\" content=\"600\" \/>\n\t<meta property=\"og:image:height\" content=\"600\" \/>\n<meta name=\"twitter:card\" content=\"summary_large_image\" \/>\n<script type=\"application\/ld+json\" class=\"yoast-schema-graph\">{\"@context\":\"https:\/\/schema.org\",\"@graph\":[{\"@type\":\"WebSite\",\"@id\":\"https:\/\/iposdanang.vn\/iposdanang\/#website\",\"url\":\"https:\/\/iposdanang.vn\/iposdanang\/\",\"name\":\"iPOS t\\u1ea1i \\u0110\\u00e0 N\\u1eb5ng\",\"description\":\"iPOSDaNang.vn\",\"potentialAction\":[{\"@type\":\"SearchAction\",\"target\":\"https:\/\/iposdanang.vn\/iposdanang\/?s={search_term_string}\",\"query-input\":\"required name=search_term_string\"}],\"inLanguage\":\"vi\"},{\"@type\":\"ImageObject\",\"@id\":\"http:\/\/iposdanang.vn\/iposdanang\/index.php\/product\/may-in-nhiet-itp8\/#primaryimage\",\"inLanguage\":\"vi\",\"url\":\"https:\/\/iposdanang.vn\/iposdanang\/wp-content\/uploads\/2021\/01\/ITP8-1-600x600-1.png\",\"width\":600,\"height\":600},{\"@type\":\"WebPage\",\"@id\":\"http:\/\/iposdanang.vn\/iposdanang\/index.php\/product\/may-in-nhiet-itp8\/#webpage\",\"url\":\"http:\/\/iposdanang.vn\/iposdanang\/index.php\/product\/may-in-nhiet-itp8\/\",\"name\":\"M\\u00c1Y IN NHI\\u1ec6T ITP8 - iPOS t\\u1ea1i \\u0110\\u00e0 N\\u1eb5ng\",\"isPartOf\":{\"@id\":\"https:\/\/iposdanang.vn\/iposdanang\/#website\"},\"primaryImageOfPage\":{\"@id\":\"http:\/\/iposdanang.vn\/iposdanang\/index.php\/product\/may-in-nhiet-itp8\/#primaryimage\"},\"datePublished\":\"2021-01-06T04:32:40+00:00\",\"dateModified\":\"2021-01-06T04:32:54+00:00\",\"inLanguage\":\"vi\",\"potentialAction\":[{\"@type\":\"ReadAction\",\"target\":[\"http:\/\/iposdanang.vn\/iposdanang\/index.php\/product\/may-in-nhiet-itp8\/\"]}]}]}<\/script>\n<!-- \/ Yoast SEO Premium plugin. -->","_links":{"self":[{"href":"https:\/\/iposdanang.vn\/iposdanang\/index.php\/wp-json\/wp\/v2\/product\/6198"}],"collection":[{"href":"https:\/\/iposdanang.vn\/iposdanang\/index.php\/wp-json\/wp\/v2\/product"}],"about":[{"href":"https:\/\/iposdanang.vn\/iposdanang\/index.php\/wp-json\/wp\/v2\/types\/product"}],"wp:featuredmedia":[{"embeddable":true,"href":"https:\/\/iposdanang.vn\/iposdanang\/index.php\/wp-json\/wp\/v2\/media\/6199"}],"wp:attachment":[{"href":"https:\/\/iposdanang.vn\/iposdanang\/index.php\/wp-json\/wp\/v2\/media?parent=6198"}],"curies":[{"name":"wp","href":"https:\/\/api.w.org\/{rel}","templated":true}]}}