{"id":6207,"date":"2021-01-06T15:16:11","date_gmt":"2021-01-06T08:16:11","guid":{"rendered":"http:\/\/iposdanang.vn\/iposdanang\/?post_type=product&#038;p=6207"},"modified":"2021-01-06T15:24:06","modified_gmt":"2021-01-06T08:24:06","slug":"may-in-nhiet-di-dong","status":"publish","type":"product","link":"https:\/\/iposdanang.vn\/iposdanang\/index.php\/product\/may-in-nhiet-di-dong\/","title":{"rendered":"M\u00c1Y IN NHI\u1ec6T DI \u0110\u1ed8NG"},"content":{"rendered":"<h3><strong>GI\u1edaI THI\u1ec6U S\u1ea2N PH\u1ea8M M\u00c1Y IN NHI\u1ec6T DI \u0110\u1ed8NG<\/strong><\/h3>\n<p><strong>M\u00e1y in ho\u00e1 \u0111\u01a1n nhi\u1ec7t di \u0111\u1ed9ng<\/strong>\u00a0ng\u00e0y c\u00e0ng \u0111\u01b0\u1ee3c \u00e1p d\u1ee5ng r\u1ed9ng r\u00e3i trong \u0111\u1eddi s\u1ed1ng. \u0110\u1eb7c bi\u1ec7t trong c\u00e1c l\u0129nh v\u1ef1c thu ti\u1ec1n th\u00f4ng d\u1ee5ng c\u1ee7a \u0111\u1eddi s\u1ed1ng nh\u01b0 ho\u00e1 \u0111\u01a1n \u0111i\u1ec7n, n\u01b0\u1edbc, internet\u2026 C\u00f4ng ngh\u1ec7 hi\u1ec7n \u0111\u1ea1i v\u1edbi c\u00e1c thi\u1ebft b\u1ecb di \u0111\u1ed9ng \u0111\u00e3 th\u1ef1c s\u1ef1 l\u00e0m thay \u0111\u1ed5i th\u1ebf gi\u1edbi v\u00e0 tr\u1edf th\u00e0nh l\u00e0 m\u1ed9t ti\u00eau chu\u1ea9n cho t\u1ea5t c\u1ea3 c\u00e1c thi\u1ebft b\u1ecb \u0111i\u1ec7n t\u1eed.<\/p>\n<p>&nbsp;<\/p>\n<p><img loading=\"lazy\" class=\"alignnone size-medium wp-image-6208\" src=\"http:\/\/iposdanang.vn\/iposdanang\/wp-content\/uploads\/2021\/01\/Di-dong-1-600x600-1-300x300.jpg\" alt=\"\" width=\"300\" height=\"300\" srcset=\"https:\/\/iposdanang.vn\/iposdanang\/wp-content\/uploads\/2021\/01\/Di-dong-1-600x600-1-300x300.jpg 300w, https:\/\/iposdanang.vn\/iposdanang\/wp-content\/uploads\/2021\/01\/Di-dong-1-600x600-1-150x150.jpg 150w, https:\/\/iposdanang.vn\/iposdanang\/wp-content\/uploads\/2021\/01\/Di-dong-1-600x600-1-80x80.jpg 80w, https:\/\/iposdanang.vn\/iposdanang\/wp-content\/uploads\/2021\/01\/Di-dong-1-600x600-1-70x70.jpg 70w, https:\/\/iposdanang.vn\/iposdanang\/wp-content\/uploads\/2021\/01\/Di-dong-1-600x600-1-100x100.jpg 100w, https:\/\/iposdanang.vn\/iposdanang\/wp-content\/uploads\/2021\/01\/Di-dong-1-600x600-1-480x480.jpg 480w, https:\/\/iposdanang.vn\/iposdanang\/wp-content\/uploads\/2021\/01\/Di-dong-1-600x600-1-75x75.jpg 75w, https:\/\/iposdanang.vn\/iposdanang\/wp-content\/uploads\/2021\/01\/Di-dong-1-600x600-1.jpg 600w\" sizes=\"(max-width: 300px) 100vw, 300px\" \/> <img loading=\"lazy\" class=\"alignnone size-medium wp-image-6209\" src=\"http:\/\/iposdanang.vn\/iposdanang\/wp-content\/uploads\/2021\/01\/Di-dong-1-600x6002-1-300x300.jpg\" alt=\"\" width=\"300\" height=\"300\" srcset=\"https:\/\/iposdanang.vn\/iposdanang\/wp-content\/uploads\/2021\/01\/Di-dong-1-600x6002-1-300x300.jpg 300w, https:\/\/iposdanang.vn\/iposdanang\/wp-content\/uploads\/2021\/01\/Di-dong-1-600x6002-1-150x150.jpg 150w, https:\/\/iposdanang.vn\/iposdanang\/wp-content\/uploads\/2021\/01\/Di-dong-1-600x6002-1-80x80.jpg 80w, https:\/\/iposdanang.vn\/iposdanang\/wp-content\/uploads\/2021\/01\/Di-dong-1-600x6002-1-70x70.jpg 70w, https:\/\/iposdanang.vn\/iposdanang\/wp-content\/uploads\/2021\/01\/Di-dong-1-600x6002-1-100x100.jpg 100w, https:\/\/iposdanang.vn\/iposdanang\/wp-content\/uploads\/2021\/01\/Di-dong-1-600x6002-1-480x480.jpg 480w, https:\/\/iposdanang.vn\/iposdanang\/wp-content\/uploads\/2021\/01\/Di-dong-1-600x6002-1-75x75.jpg 75w, https:\/\/iposdanang.vn\/iposdanang\/wp-content\/uploads\/2021\/01\/Di-dong-1-600x6002-1.jpg 600w\" sizes=\"(max-width: 300px) 100vw, 300px\" \/><\/p>\n<p>&nbsp;<\/p>\n<p>V\u1edbi\u00a0<strong>m\u00e1y in h\u00f3a \u0111\u01a1n nhi\u1ec7t di \u0111\u1ed9ng<\/strong>\u00a0c\u1ee7a iPOS.vn, ta c\u00f3 m\u1ed9t thi\u1ebft b\u1ecb c\u00f3 th\u1ec3 s\u1eed d\u1ee5ng \u0111\u1ed3ng th\u1eddi 3 k\u1ebft n\u1ed1i: USB + Com Rs-232 + Bluetooth \u0111\u1ec3 b\u1ea1n t\u00f9y bi\u1ebfn s\u1eed d\u1ee5ng trong t\u1eebng tr\u01b0\u1eddng h\u1ee3p. Do\u00a0\u0111\u00f3, n\u00f3 k\u1ebft n\u1ed1i \u0111\u01b0\u1ee3c v\u1edbi b\u1ea5t k\u1ef3 lo\u1ea1i m\u00e1y t\u00ednh x\u00e1ch tay hay m\u00e1y t\u00ednh b\u1ea3ng khi c\u00f3 k\u00edch ho\u1ea1t Bluetooth v\u00e0 s\u1eed d\u1ee5ng h\u1ec7 \u0111i\u1ec1u h\u00e0nh Android ho\u1eb7c Windows. Thi\u1ebft k\u1ebf m\u00e1y in c\u00f3 m\u1ed9t pin s\u1ea1c \u1edf b\u00ean trong, gi\u00fap m\u00e1y ho\u00e0n to\u00e0n \u0111\u1ed9c l\u1eadp kh\u00f4ng c\u1ea7n b\u1ea5t k\u1ef3 m\u1ed9t d\u00e2y d\u1eabn n\u00e0o.<\/p>\n<p>S\u1ea3n ph\u1ea9m n\u00e0y l\u00e0 gi\u1ea3i ph\u00e1p ho\u00e0n h\u1ea3o cho qu\u00e1 tr\u00ecnh b\u00e1n h\u00e0ng \u0111\u01b0\u1ee3c linh ho\u1ea1t v\u00e0 \u0111\u1ea1t hi\u1ec7u qu\u1ea3 cao h\u01a1n, c\u00f9ng v\u1edbi \u0111\u00f3 l\u00e0 t\u00ednh chuy\u00ean nghi\u1ec7p v\u00e0 s\u1ef1 h\u00e0i l\u00f2ng c\u1ee7a kh\u00e1ch h\u00e0ng trong c\u00f4ng t\u00e1c ph\u1ee5c v\u1ee5 c\u1ee7a nh\u00e2n vi\u00ean b\u00e1n h\u00e0ng. N\u00f3 r\u1ea5t thu\u1eadn ti\u1ec7n khi c\u00f3 m\u1ed9t v\u00f2ng \u0111ai \u0111\u1ec3 th\u1eaft l\u01b0ng r\u1ea5t ti\u1ec7n l\u1ee3i v\u00e0 nh\u1eb9 nh\u00e0ng ho\u1eb7c nh\u1ecf b\u00e9 \u0111\u1ec3 c\u00f3 th\u1ec3 \u0111\u1ec3 v\u1eeba v\u00e0o t\u00fai c\u1ee7a b\u1ea1n khi b\u1ea1n di chuy\u1ec3n, do \u0111\u00f3 gi\u00fap nh\u00e2n vi\u00ean tho\u00e1i m\u00e1i khi l\u00e0m vi\u1ec7c. Khi mua<strong>\u00a0M\u00e1y in nhi\u1ec7t di \u0111\u1ed9ng<\/strong> t\u1ea1i iPOSDANANG.vn, b\u1ea1n s\u1ebd \u0111\u01b0\u1ee3c t\u1eb7ng k\u00e8m bao da c\u1ea7m tay\/ \u0111eo th\u1eaft l\u01b0ng v\u00f4 c\u00f9ng ti\u1ec7n d\u1ee5ng.<\/p>\n<div id='gallery-1' class='gallery galleryid-6207 gallery-columns-2 gallery-size-thumbnail'><figure class='gallery-item'>\n\t\t\t<div class='gallery-icon landscape'>\n\t\t\t\t<a href='https:\/\/iposdanang.vn\/iposdanang\/?attachment_id=6208'><img width=\"150\" height=\"150\" src=\"https:\/\/iposdanang.vn\/iposdanang\/wp-content\/uploads\/2021\/01\/Di-dong-1-600x600-1-150x150.jpg\" class=\"attachment-thumbnail size-thumbnail\" alt=\"\" loading=\"lazy\" srcset=\"https:\/\/iposdanang.vn\/iposdanang\/wp-content\/uploads\/2021\/01\/Di-dong-1-600x600-1-150x150.jpg 150w, https:\/\/iposdanang.vn\/iposdanang\/wp-content\/uploads\/2021\/01\/Di-dong-1-600x600-1-300x300.jpg 300w, https:\/\/iposdanang.vn\/iposdanang\/wp-content\/uploads\/2021\/01\/Di-dong-1-600x600-1-80x80.jpg 80w, https:\/\/iposdanang.vn\/iposdanang\/wp-content\/uploads\/2021\/01\/Di-dong-1-600x600-1-70x70.jpg 70w, https:\/\/iposdanang.vn\/iposdanang\/wp-content\/uploads\/2021\/01\/Di-dong-1-600x600-1-100x100.jpg 100w, https:\/\/iposdanang.vn\/iposdanang\/wp-content\/uploads\/2021\/01\/Di-dong-1-600x600-1-480x480.jpg 480w, https:\/\/iposdanang.vn\/iposdanang\/wp-content\/uploads\/2021\/01\/Di-dong-1-600x600-1-75x75.jpg 75w, https:\/\/iposdanang.vn\/iposdanang\/wp-content\/uploads\/2021\/01\/Di-dong-1-600x600-1.jpg 600w\" sizes=\"(max-width: 150px) 100vw, 150px\" \/><\/a>\n\t\t\t<\/div><\/figure><figure class='gallery-item'>\n\t\t\t<div class='gallery-icon landscape'>\n\t\t\t\t<a href='https:\/\/iposdanang.vn\/iposdanang\/?attachment_id=6209'><img width=\"150\" height=\"150\" src=\"https:\/\/iposdanang.vn\/iposdanang\/wp-content\/uploads\/2021\/01\/Di-dong-1-600x6002-1-150x150.jpg\" class=\"attachment-thumbnail size-thumbnail\" alt=\"\" loading=\"lazy\" srcset=\"https:\/\/iposdanang.vn\/iposdanang\/wp-content\/uploads\/2021\/01\/Di-dong-1-600x6002-1-150x150.jpg 150w, https:\/\/iposdanang.vn\/iposdanang\/wp-content\/uploads\/2021\/01\/Di-dong-1-600x6002-1-300x300.jpg 300w, https:\/\/iposdanang.vn\/iposdanang\/wp-content\/uploads\/2021\/01\/Di-dong-1-600x6002-1-80x80.jpg 80w, https:\/\/iposdanang.vn\/iposdanang\/wp-content\/uploads\/2021\/01\/Di-dong-1-600x6002-1-70x70.jpg 70w, https:\/\/iposdanang.vn\/iposdanang\/wp-content\/uploads\/2021\/01\/Di-dong-1-600x6002-1-100x100.jpg 100w, https:\/\/iposdanang.vn\/iposdanang\/wp-content\/uploads\/2021\/01\/Di-dong-1-600x6002-1-480x480.jpg 480w, https:\/\/iposdanang.vn\/iposdanang\/wp-content\/uploads\/2021\/01\/Di-dong-1-600x6002-1-75x75.jpg 75w, https:\/\/iposdanang.vn\/iposdanang\/wp-content\/uploads\/2021\/01\/Di-dong-1-600x6002-1.jpg 600w\" sizes=\"(max-width: 150px) 100vw, 150px\" \/><\/a>\n\t\t\t<\/div><\/figure>\n\t\t<\/div>\n\n<p>&nbsp;<\/p>\n<h3><strong>\u1ee8NG D\u1ee4NG PH\u1ed4 BI\u1ebeN<\/strong><\/h3>\n<p><strong>M\u00e1y in h\u00f3a \u0111\u01a1n nhi\u1ec7t di \u0111\u1ed9ng<\/strong>\u00a0ng\u00e0y c\u00e0ng \u0111\u01b0\u1ee3c tin d\u00f9ng trong c\u00e1c l\u0129nh v\u1ef1c nh\u01b0 \u0111i\u1ec7n, n\u01b0\u1edbc, internet\u2026 Kh\u00f4ng nh\u1eefng v\u1eady n\u00f3 c\u00f2n l\u00e0 tr\u1ee3 th\u1ee7 \u0111\u1eafc l\u1ef1c cho l\u0129nh v\u1ef1c b\u00e1n l\u1ebb, c\u00e1c c\u1eeda h\u00e0ng \u0103n, kh\u00e1ch s\u1ea1n, cafe, nh\u00e0 h\u00e0ng. \u0110\u1eb7c bi\u1ec7t l\u00e0 s\u1ea3n ph\u1ea9m kh\u00f4ng th\u1ec3 thi\u1ebfu \u0111\u1ed1i v\u1edbi c\u00e1c m\u00f4 h\u00ecnh qu\u00e1n \u0103n u\u1ed1ng nh\u1ecf l\u1ebb d\u1ea1ng kiot ho\u1eb7c fastfood\u2026. Gi\u00fap nh\u00e2n vi\u00ean b\u00e1n h\u00e0ng c\u00f3 th\u1ec3 ph\u1ee5c v\u1ee5 kh\u00e1ch h\u00e0ng m\u1ed9t c\u00e1ch t\u1eadn t\u00ecnh v\u00e0 nhanh ch\u00f3ng nh\u1ea5t. Mang l\u1ea1i s\u1ef1 h\u00e0i l\u00f2ng t\u1ed1i \u0111a cho c\u00e1c Qu\u00fd kh\u00e1ch h\u00e0ng.<\/p>\n<p><img loading=\"lazy\" class=\"wp-image-307 aligncenter\" src=\"https:\/\/thietbi.ipos.vn\/wp-content\/uploads\/2019\/05\/may-in-bluetooth-cam-tay-300x196.png\" alt=\"\" width=\"345\" height=\"225\" \/><\/p>\n<p>Tr\u00ean \u0111\u00e2y, iPOS.vn \u0111\u00e3 gi\u1edbi thi\u1ec7u s\u01a1 qua v\u1ec1 d\u00f2ng s\u1ea3n ph\u1ea9m M<strong>\u00e1y in h\u00f3a \u0111\u01a1n nhi\u1ec7t di \u0111\u1ed9ng<\/strong>. N\u1ebfu Qu\u00fd kh\u00e1ch c\u1ea7n th\u00eam th\u00f4ng tin v\u1ec1 s\u1ea3n ph\u1ea9m v\u00e0 c\u1ea7n \u0111\u01b0\u1ee3c t\u01b0 v\u1ea5n \u0111\u1ec3 ch\u1ecdn l\u1ef1a ch\u00ednh x\u00e1c, vui l\u00f2ng li\u00ean h\u1ec7 v\u1edbi B\u1ed9 ph\u1eadn b\u00e1n h\u00e0ng c\u1ee7a iPOS.vn t\u1ea1i hotline tr\u00ean \u0111\u1ec3 \u0111\u01b0\u1ee3c t\u01b0 v\u1ea5n chi ti\u1ebft v\u00e0 t\u1eadn t\u00ecnh nh\u1ea5t.<\/p>\n<h3><strong>B\u1ea3o h\u00e0nh 12 th\u00e1ng t\u1ea1i v\u0103n ph\u00f2ng iPOSDANANG.vn.<\/strong><\/h3>\n","protected":false},"excerpt":{"rendered":"<p><strong>TH\u00d4NG S\u1ed0 K\u1ef8 THU\u1eacT<\/strong><\/p>\n<ul>\n<li><strong>K\u1ebft n\u1ed1i \u0111\u1ed3ng th\u1eddi 03 k\u1ebft n\u1ed1i:<\/strong>\u00a0USB + Com Rs-232 + Bluetooth<\/li>\n<li><strong>Kh\u1ed5 gi\u1ea5y:<\/strong>\u00a056\u00b12mm; l\u00f5i gi\u1ea5y: 38mm<\/li>\n<li><strong>\u0110\u1ed9 ph\u00e2n gi\u1ea3i:<\/strong>\u00a0203 DPI (8dots\/mm)<\/li>\n<li><strong>T\u1ed1c \u0111\u1ed9 in:<\/strong>\u00a050-80mm (max)<\/li>\n<li><strong>Ph\u1ee5 ki\u1ec7n k\u00e8m theo:<\/strong>\u00a0Bao da c\u1ea7m tay \/\u0111eo th\u1eaft l\u01b0ng<\/li>\n<li><strong>H\u1ed7 tr\u1ee3 l\u1ec7nh command:<\/strong>\u00a0ESC\/POS EPSON<\/li>\n<li>In li\u00ean t\u1ee5c 100-200 ph\u00fat t\u01b0\u01a1ng \u0111\u01b0\u01a1ng 200-500 phi\u1ebfu\/10cm\/ phi\u1ebfu th\u1eddi gian s\u1ea1c \u0111\u1ea7y 2-4h<\/li>\n<li><strong style=\"letter-spacing: 0px\">B\u1ea3o h\u00e0nh 12 th\u00e1ng t\u1ea1i v\u0103n ph\u00f2ng iPOSDANANG.vn<\/strong><\/li>\n<li><strong style=\"letter-spacing: 0px\">Ch\u00ednh s\u00e1ch b\u1ea3o h\u00e0nh:<\/strong><span style=\"letter-spacing: 0px\">\u00a0<\/span><a style=\"letter-spacing: 0px\" href=\"https:\/\/ipos.vn\/wp-content\/uploads\/2020\/06\/Quy-Dinh-Bao-Hanh-Phan-Cung-update-web-iPOS.pdf\">Ph\u1ea7n c\u1ee9ng<\/a><span style=\"letter-spacing: 0px\">\u00a0v\u00e0\u00a0<\/span><a style=\"letter-spacing: 0px\" href=\"https:\/\/ipos.vn\/wp-content\/uploads\/2020\/06\/Quy-Dinh-Bao-Hanh-Phan-Mem-iPOS.pdf\">ph\u1ea7n m\u1ec1m<\/a><\/li>\n<li><strong style=\"letter-spacing: 0px\">Mi\u1ec5n ph\u00ed v\u1eadn chuy\u1ec3n to\u00e0n qu\u1ed1c theo ch\u00ednh s\u00e1ch c\u1ee7a iPOSDANANG.vn<\/strong><\/li>\n<\/ul>\n","protected":false},"featured_media":6208,"template":"","meta":{"_monsterinsights_skip_tracking":false,"_monsterinsights_sitenote_active":false,"_monsterinsights_sitenote_note":"","_monsterinsights_sitenote_category":0},"yoast_head":"<!-- This site is optimized with the Yoast SEO Premium plugin v15.0 - https:\/\/yoast.com\/wordpress\/plugins\/seo\/ -->\n<title>M\u00c1Y IN NHI\u1ec6T DI \u0110\u1ed8NG - iPOS t\u1ea1i \u0110\u00e0 N\u1eb5ng<\/title>\n<meta name=\"robots\" content=\"index, follow, max-snippet:-1, max-image-preview:large, max-video-preview:-1\" \/>\n<link rel=\"canonical\" href=\"http:\/\/iposdanang.vn\/iposdanang\/index.php\/product\/may-in-nhiet-di-dong\/\" \/>\n<meta property=\"og:locale\" content=\"vi_VN\" \/>\n<meta property=\"og:type\" content=\"article\" \/>\n<meta property=\"og:title\" content=\"M\u00c1Y IN NHI\u1ec6T DI \u0110\u1ed8NG - iPOS t\u1ea1i \u0110\u00e0 N\u1eb5ng\" \/>\n<meta property=\"og:description\" content=\"TH\u00d4NG S\u1ed0 K\u1ef8 THU\u1eacT   K\u1ebft n\u1ed1i \u0111\u1ed3ng th\u1eddi 03 k\u1ebft n\u1ed1i:\u00a0USB + Com Rs-232 + Bluetooth  Kh\u1ed5 gi\u1ea5y:\u00a056\u00b12mm; l\u00f5i gi\u1ea5y: 38mm  \u0110\u1ed9 ph\u00e2n gi\u1ea3i:\u00a0203 DPI (8dots\/mm)  T\u1ed1c \u0111\u1ed9 in:\u00a050-80mm (max)  Ph\u1ee5 ki\u1ec7n k\u00e8m theo:\u00a0Bao da c\u1ea7m tay \/\u0111eo th\u1eaft l\u01b0ng  H\u1ed7 tr\u1ee3 l\u1ec7nh command:\u00a0ESC\/POS EPSON  In li\u00ean t\u1ee5c 100-200 ph\u00fat t\u01b0\u01a1ng \u0111\u01b0\u01a1ng 200-500 phi\u1ebfu\/10cm\/ phi\u1ebfu th\u1eddi gian s\u1ea1c \u0111\u1ea7y 2-4h  B\u1ea3o h\u00e0nh 12 th\u00e1ng t\u1ea1i v\u0103n ph\u00f2ng iPOSDANANG.vn  Ch\u00ednh s\u00e1ch b\u1ea3o h\u00e0nh:\u00a0Ph\u1ea7n c\u1ee9ng\u00a0v\u00e0\u00a0ph\u1ea7n m\u1ec1m  Mi\u1ec5n ph\u00ed v\u1eadn chuy\u1ec3n to\u00e0n qu\u1ed1c theo ch\u00ednh s\u00e1ch c\u1ee7a iPOSDANANG.vn\" \/>\n<meta property=\"og:url\" content=\"http:\/\/iposdanang.vn\/iposdanang\/index.php\/product\/may-in-nhiet-di-dong\/\" \/>\n<meta property=\"og:site_name\" content=\"iPOS t\u1ea1i \u0110\u00e0 N\u1eb5ng\" \/>\n<meta property=\"article:modified_time\" content=\"2021-01-06T08:24:06+00:00\" \/>\n<meta property=\"og:image\" content=\"https:\/\/iposdanang.vn\/iposdanang\/wp-content\/uploads\/2021\/01\/Di-dong-1-600x600-1.jpg\" \/>\n\t<meta property=\"og:image:width\" content=\"600\" \/>\n\t<meta property=\"og:image:height\" content=\"600\" \/>\n<meta name=\"twitter:card\" content=\"summary_large_image\" \/>\n<script type=\"application\/ld+json\" class=\"yoast-schema-graph\">{\"@context\":\"https:\/\/schema.org\",\"@graph\":[{\"@type\":\"WebSite\",\"@id\":\"https:\/\/iposdanang.vn\/iposdanang\/#website\",\"url\":\"https:\/\/iposdanang.vn\/iposdanang\/\",\"name\":\"iPOS t\\u1ea1i \\u0110\\u00e0 N\\u1eb5ng\",\"description\":\"iPOSDaNang.vn\",\"potentialAction\":[{\"@type\":\"SearchAction\",\"target\":\"https:\/\/iposdanang.vn\/iposdanang\/?s={search_term_string}\",\"query-input\":\"required name=search_term_string\"}],\"inLanguage\":\"vi\"},{\"@type\":\"ImageObject\",\"@id\":\"http:\/\/iposdanang.vn\/iposdanang\/index.php\/product\/may-in-nhiet-di-dong\/#primaryimage\",\"inLanguage\":\"vi\",\"url\":\"https:\/\/iposdanang.vn\/iposdanang\/wp-content\/uploads\/2021\/01\/Di-dong-1-600x600-1.jpg\",\"width\":600,\"height\":600},{\"@type\":\"WebPage\",\"@id\":\"http:\/\/iposdanang.vn\/iposdanang\/index.php\/product\/may-in-nhiet-di-dong\/#webpage\",\"url\":\"http:\/\/iposdanang.vn\/iposdanang\/index.php\/product\/may-in-nhiet-di-dong\/\",\"name\":\"M\\u00c1Y IN NHI\\u1ec6T DI \\u0110\\u1ed8NG - iPOS t\\u1ea1i \\u0110\\u00e0 N\\u1eb5ng\",\"isPartOf\":{\"@id\":\"https:\/\/iposdanang.vn\/iposdanang\/#website\"},\"primaryImageOfPage\":{\"@id\":\"http:\/\/iposdanang.vn\/iposdanang\/index.php\/product\/may-in-nhiet-di-dong\/#primaryimage\"},\"datePublished\":\"2021-01-06T08:16:11+00:00\",\"dateModified\":\"2021-01-06T08:24:06+00:00\",\"inLanguage\":\"vi\",\"potentialAction\":[{\"@type\":\"ReadAction\",\"target\":[\"http:\/\/iposdanang.vn\/iposdanang\/index.php\/product\/may-in-nhiet-di-dong\/\"]}]}]}<\/script>\n<!-- \/ Yoast SEO Premium plugin. -->","_links":{"self":[{"href":"https:\/\/iposdanang.vn\/iposdanang\/index.php\/wp-json\/wp\/v2\/product\/6207"}],"collection":[{"href":"https:\/\/iposdanang.vn\/iposdanang\/index.php\/wp-json\/wp\/v2\/product"}],"about":[{"href":"https:\/\/iposdanang.vn\/iposdanang\/index.php\/wp-json\/wp\/v2\/types\/product"}],"wp:featuredmedia":[{"embeddable":true,"href":"https:\/\/iposdanang.vn\/iposdanang\/index.php\/wp-json\/wp\/v2\/media\/6208"}],"wp:attachment":[{"href":"https:\/\/iposdanang.vn\/iposdanang\/index.php\/wp-json\/wp\/v2\/media?parent=6207"}],"curies":[{"name":"wp","href":"https:\/\/api.w.org\/{rel}","templated":true}]}}