{"id":6211,"date":"2021-01-06T15:35:45","date_gmt":"2021-01-06T08:35:45","guid":{"rendered":"http:\/\/iposdanang.vn\/iposdanang\/?post_type=product&#038;p=6211"},"modified":"2021-01-06T16:24:17","modified_gmt":"2021-01-06T09:24:17","slug":"may-tinh-tien-ipos-7800i","status":"publish","type":"product","link":"https:\/\/iposdanang.vn\/iposdanang\/index.php\/product\/may-tinh-tien-ipos-7800i\/","title":{"rendered":"M\u00c1Y T\u00cdNH TI\u1ec0N IPOS 7800I"},"content":{"rendered":"<h3><strong>GI\u1edaI THI\u1ec6U M\u00c1Y T\u00cdNH TI\u1ec0N IPOS 7800I<\/strong><\/h3>\n<p><strong>M\u00e1y t\u00ednh ti\u1ec1n iPOS 7800i<\/strong>\u00a0l\u00e0 s\u1ea3n ph\u1ea9m kh\u00f4ng th\u1ec3 thi\u1ebfu tr\u00ean qu\u1ea7y thu ng\u00e2n c\u1ee7a nh\u00e0 h\u00e0ng, qu\u00e1n cafe v\u1edbi thi\u1ebft k\u1ebf \u0111\u1eb9p m\u1eaft, tinh g\u1ecdn v\u00e0 ti\u1ec7n l\u1ee3i cho nh\u00e2n vi\u00ean thao t\u00e1c. C\u1ea5u h\u00ecnh m\u1ea1nh, d\u1ec5 d\u00e0ng lau ch\u00f9i, s\u1eeda ch\u1eefa v\u00e0 ti\u1ebft ki\u1ec7m chi ph\u00ed \u0111\u1ea7u t\u01b0.<\/p>\n<p><strong>M\u00e1y t\u00ednh ti\u1ec1n iPOS 7800i<\/strong>\u00a0\u0111\u01b0\u1ee3c nhi\u1ec1u \u0111\u01a1n v\u1ecb kinh doanh l\u1ef1a ch\u1ecdn b\u1edfi gi\u00e1 th\u00e0nh kh\u00e1 ph\u1ea3i ch\u0103ng so v\u1edbi c\u00e1c d\u00f2ng m\u00e1y POS kh\u00e1c, k\u00edch th\u01b0\u1edbc m\u00e0n h\u00ecnh 15\u2033 r\u1ed9ng r\u00e3i nh\u01b0ng \u0111\u1ed3ng th\u1eddi tr\u1ecdng l\u01b0\u1ee3ng c\u1ee7a m\u00e1y nh\u1eb9 nh\u00e0ng, d\u1ec5 v\u1eadn chuy\u1ec3n. N\u1ebfu qu\u00fd kh\u00e1ch \u0111ang t\u00ecm m\u1ed9t d\u00f2ng m\u00e1y POS v\u1eeba t\u1ea7m th\u00ec\u00a0<strong>M\u00e1y t\u00ednh ti\u1ec1n iPOS 7800i\u00a0<\/strong>l\u00e0 m\u1ed9t l\u1ef1a ch\u1ecdn t\u1ed1t.<\/p>\n<p>&nbsp;<\/p>\n<p><img loading=\"lazy\" class=\"alignnone size-medium wp-image-6212\" src=\"http:\/\/iposdanang.vn\/iposdanang\/wp-content\/uploads\/2021\/01\/7800-1-600x600-1-300x300.png\" alt=\"\" width=\"300\" height=\"300\" srcset=\"https:\/\/iposdanang.vn\/iposdanang\/wp-content\/uploads\/2021\/01\/7800-1-600x600-1-300x300.png 300w, https:\/\/iposdanang.vn\/iposdanang\/wp-content\/uploads\/2021\/01\/7800-1-600x600-1-150x150.png 150w, https:\/\/iposdanang.vn\/iposdanang\/wp-content\/uploads\/2021\/01\/7800-1-600x600-1-80x80.png 80w, https:\/\/iposdanang.vn\/iposdanang\/wp-content\/uploads\/2021\/01\/7800-1-600x600-1-70x70.png 70w, https:\/\/iposdanang.vn\/iposdanang\/wp-content\/uploads\/2021\/01\/7800-1-600x600-1-100x100.png 100w, https:\/\/iposdanang.vn\/iposdanang\/wp-content\/uploads\/2021\/01\/7800-1-600x600-1-480x480.png 480w, https:\/\/iposdanang.vn\/iposdanang\/wp-content\/uploads\/2021\/01\/7800-1-600x600-1-75x75.png 75w, https:\/\/iposdanang.vn\/iposdanang\/wp-content\/uploads\/2021\/01\/7800-1-600x600-1.png 600w\" sizes=\"(max-width: 300px) 100vw, 300px\" \/> <img loading=\"lazy\" class=\"alignnone size-medium wp-image-6213\" src=\"http:\/\/iposdanang.vn\/iposdanang\/wp-content\/uploads\/2021\/01\/7800-2-600x600-1-300x300.png\" alt=\"\" width=\"300\" height=\"300\" srcset=\"https:\/\/iposdanang.vn\/iposdanang\/wp-content\/uploads\/2021\/01\/7800-2-600x600-1-300x300.png 300w, https:\/\/iposdanang.vn\/iposdanang\/wp-content\/uploads\/2021\/01\/7800-2-600x600-1-150x150.png 150w, https:\/\/iposdanang.vn\/iposdanang\/wp-content\/uploads\/2021\/01\/7800-2-600x600-1-80x80.png 80w, https:\/\/iposdanang.vn\/iposdanang\/wp-content\/uploads\/2021\/01\/7800-2-600x600-1-70x70.png 70w, https:\/\/iposdanang.vn\/iposdanang\/wp-content\/uploads\/2021\/01\/7800-2-600x600-1-100x100.png 100w, https:\/\/iposdanang.vn\/iposdanang\/wp-content\/uploads\/2021\/01\/7800-2-600x600-1-480x480.png 480w, https:\/\/iposdanang.vn\/iposdanang\/wp-content\/uploads\/2021\/01\/7800-2-600x600-1-75x75.png 75w, https:\/\/iposdanang.vn\/iposdanang\/wp-content\/uploads\/2021\/01\/7800-2-600x600-1.png 600w\" sizes=\"(max-width: 300px) 100vw, 300px\" \/><\/p>\n<p>&nbsp;<\/p>\n<h3><strong>\u1ee8NG D\u1ee4NG PH\u1ed4 BI\u1ebeN<\/strong><\/h3>\n<p><strong>M\u00e1y t\u00ednh ti\u1ec1n POS 7800i<\/strong>\u00a0ph\u00f9 h\u1ee3p cho m\u00f4 h\u00ecnh tr\u1ea3 sau nh\u01b0:\u00a0<strong>nh\u00e0 h\u00e0ng, cafe dine-in\u2026<\/strong><\/p>\n","protected":false},"excerpt":{"rendered":"<p><strong class=\"desc-text\">TH\u00d4NG S\u1ed0 K\u1ef8 THU\u1eacT<\/strong><\/p>\n<ul>\n<li><strong>CPU:<\/strong>\u00a0Intel(R) Core(TM) i5-4200U\/4210U<\/li>\n<li><strong>Memory:<\/strong>\u00a0DDR3 4GB<\/li>\n<li><strong>Storage:<\/strong>\u00a0Mini SATA SSD 128GB<\/li>\n<li><strong>Display:<\/strong>\u00a015\u2033 TFT LED panel, 1024\u00d7768, 10 points P-CAP touch screen<\/li>\n<li><strong>OS:<\/strong>\u00a0Option (Windows7, Windows 10, PosReady10)<\/li>\n<\/ul>\n<p><strong>Ph\u1ee5 ki\u1ec7n:<\/strong><\/p>\n<ul>\n<li><strong>\u00d0\u1ea7u \u0111\u1ecdc th\u1ebb t\u1eeb MSR:\u00a0<\/strong>1.500.000 VN\u00d0 (\u0111\u00e3 bao g\u1ed3m VAT)<\/li>\n<li><strong>M\u00e0n h\u00ecnh ph\u1ee5 LCD 9,7\u2033:\u00a0<\/strong>3.900.000 VN\u0110 (\u0111\u00e3 bao g\u1ed3m VAT)<\/li>\n<li><strong style=\"letter-spacing: 0px\">M\u00e1y POS b\u1ea3o h\u00e0nh 12 th\u00e1ng t\u1ea1i v\u0103n ph\u00f2ng iPOS.vn<\/strong><\/li>\n<li><strong style=\"letter-spacing: 0px\">Mi\u1ec5n ph\u00ed v\u1eadn chuy\u1ec3n to\u00e0n qu\u1ed1c theo ch\u00ednh s\u00e1ch c\u1ee7a iPOSDANANG.vn<\/strong><\/li>\n<li><strong style=\"letter-spacing: 0px\">Ch\u00ednh s\u00e1ch b\u1ea3o h\u00e0nh:<\/strong><span style=\"letter-spacing: 0px\">\u00a0<\/span><a style=\"letter-spacing: 0px\" href=\"https:\/\/ipos.vn\/wp-content\/uploads\/2020\/06\/Quy-Dinh-Bao-Hanh-Phan-Cung-update-web-iPOS.pdf\">Ph\u1ea7n c\u1ee9ng<\/a><span style=\"letter-spacing: 0px\">\u00a0v\u00e0\u00a0<\/span><a style=\"letter-spacing: 0px\" href=\"https:\/\/ipos.vn\/wp-content\/uploads\/2020\/06\/Quy-Dinh-Bao-Hanh-Phan-Mem-iPOS.pdf\">ph\u1ea7n m\u1ec1m<\/a><\/li>\n<\/ul>\n","protected":false},"featured_media":6215,"template":"","meta":{"_monsterinsights_skip_tracking":false,"_monsterinsights_sitenote_active":false,"_monsterinsights_sitenote_note":"","_monsterinsights_sitenote_category":0},"yoast_head":"<!-- This site is optimized with the Yoast SEO Premium plugin v15.0 - https:\/\/yoast.com\/wordpress\/plugins\/seo\/ -->\n<title>M\u00c1Y T\u00cdNH TI\u1ec0N IPOS 7800I - iPOS t\u1ea1i \u0110\u00e0 N\u1eb5ng<\/title>\n<meta name=\"robots\" content=\"index, follow, max-snippet:-1, max-image-preview:large, max-video-preview:-1\" \/>\n<link rel=\"canonical\" href=\"http:\/\/iposdanang.vn\/iposdanang\/index.php\/product\/may-tinh-tien-ipos-7800i\/\" \/>\n<meta property=\"og:locale\" content=\"vi_VN\" \/>\n<meta property=\"og:type\" content=\"article\" \/>\n<meta property=\"og:title\" content=\"M\u00c1Y T\u00cdNH TI\u1ec0N IPOS 7800I - iPOS t\u1ea1i \u0110\u00e0 N\u1eb5ng\" \/>\n<meta property=\"og:description\" content=\"TH\u00d4NG S\u1ed0 K\u1ef8 THU\u1eacT   CPU:\u00a0Intel(R) Core(TM) i5-4200U\/4210U  Memory:\u00a0DDR3 4GB  Storage:\u00a0Mini SATA SSD 128GB  Display:\u00a015\u2033 TFT LED panel, 1024\u00d7768, 10 points P-CAP touch screen  OS:\u00a0Option (Windows7, Windows 10, PosReady10)  Ph\u1ee5 ki\u1ec7n:   \u00d0\u1ea7u \u0111\u1ecdc th\u1ebb t\u1eeb MSR:\u00a01.500.000 VN\u00d0 (\u0111\u00e3 bao g\u1ed3m VAT)  M\u00e0n h\u00ecnh ph\u1ee5 LCD 9,7\u2033:\u00a03.900.000 VN\u0110 (\u0111\u00e3 bao g\u1ed3m VAT)  M\u00e1y POS b\u1ea3o h\u00e0nh 12 th\u00e1ng t\u1ea1i v\u0103n ph\u00f2ng iPOS.vn  Mi\u1ec5n ph\u00ed v\u1eadn chuy\u1ec3n to\u00e0n qu\u1ed1c theo ch\u00ednh s\u00e1ch c\u1ee7a iPOSDANANG.vn  Ch\u00ednh s\u00e1ch b\u1ea3o h\u00e0nh:\u00a0Ph\u1ea7n c\u1ee9ng\u00a0v\u00e0\u00a0ph\u1ea7n m\u1ec1m\" \/>\n<meta property=\"og:url\" content=\"http:\/\/iposdanang.vn\/iposdanang\/index.php\/product\/may-tinh-tien-ipos-7800i\/\" \/>\n<meta property=\"og:site_name\" content=\"iPOS t\u1ea1i \u0110\u00e0 N\u1eb5ng\" \/>\n<meta property=\"article:modified_time\" content=\"2021-01-06T09:24:17+00:00\" \/>\n<meta property=\"og:image\" content=\"https:\/\/iposdanang.vn\/iposdanang\/wp-content\/uploads\/2021\/01\/7800-2-600x600-2.png\" \/>\n\t<meta property=\"og:image:width\" content=\"600\" \/>\n\t<meta property=\"og:image:height\" content=\"600\" \/>\n<meta name=\"twitter:card\" content=\"summary_large_image\" \/>\n<script type=\"application\/ld+json\" class=\"yoast-schema-graph\">{\"@context\":\"https:\/\/schema.org\",\"@graph\":[{\"@type\":\"WebSite\",\"@id\":\"https:\/\/iposdanang.vn\/iposdanang\/#website\",\"url\":\"https:\/\/iposdanang.vn\/iposdanang\/\",\"name\":\"iPOS t\\u1ea1i \\u0110\\u00e0 N\\u1eb5ng\",\"description\":\"iPOSDaNang.vn\",\"potentialAction\":[{\"@type\":\"SearchAction\",\"target\":\"https:\/\/iposdanang.vn\/iposdanang\/?s={search_term_string}\",\"query-input\":\"required name=search_term_string\"}],\"inLanguage\":\"vi\"},{\"@type\":\"ImageObject\",\"@id\":\"http:\/\/iposdanang.vn\/iposdanang\/index.php\/product\/may-tinh-tien-ipos-7800i\/#primaryimage\",\"inLanguage\":\"vi\",\"url\":\"https:\/\/iposdanang.vn\/iposdanang\/wp-content\/uploads\/2021\/01\/7800-2-600x600-2.png\",\"width\":600,\"height\":600},{\"@type\":\"WebPage\",\"@id\":\"http:\/\/iposdanang.vn\/iposdanang\/index.php\/product\/may-tinh-tien-ipos-7800i\/#webpage\",\"url\":\"http:\/\/iposdanang.vn\/iposdanang\/index.php\/product\/may-tinh-tien-ipos-7800i\/\",\"name\":\"M\\u00c1Y T\\u00cdNH TI\\u1ec0N IPOS 7800I - iPOS t\\u1ea1i \\u0110\\u00e0 N\\u1eb5ng\",\"isPartOf\":{\"@id\":\"https:\/\/iposdanang.vn\/iposdanang\/#website\"},\"primaryImageOfPage\":{\"@id\":\"http:\/\/iposdanang.vn\/iposdanang\/index.php\/product\/may-tinh-tien-ipos-7800i\/#primaryimage\"},\"datePublished\":\"2021-01-06T08:35:45+00:00\",\"dateModified\":\"2021-01-06T09:24:17+00:00\",\"inLanguage\":\"vi\",\"potentialAction\":[{\"@type\":\"ReadAction\",\"target\":[\"http:\/\/iposdanang.vn\/iposdanang\/index.php\/product\/may-tinh-tien-ipos-7800i\/\"]}]}]}<\/script>\n<!-- \/ Yoast SEO Premium plugin. -->","_links":{"self":[{"href":"https:\/\/iposdanang.vn\/iposdanang\/index.php\/wp-json\/wp\/v2\/product\/6211"}],"collection":[{"href":"https:\/\/iposdanang.vn\/iposdanang\/index.php\/wp-json\/wp\/v2\/product"}],"about":[{"href":"https:\/\/iposdanang.vn\/iposdanang\/index.php\/wp-json\/wp\/v2\/types\/product"}],"wp:featuredmedia":[{"embeddable":true,"href":"https:\/\/iposdanang.vn\/iposdanang\/index.php\/wp-json\/wp\/v2\/media\/6215"}],"wp:attachment":[{"href":"https:\/\/iposdanang.vn\/iposdanang\/index.php\/wp-json\/wp\/v2\/media?parent=6211"}],"curies":[{"name":"wp","href":"https:\/\/api.w.org\/{rel}","templated":true}]}}