{"id":6221,"date":"2021-01-07T08:13:33","date_gmt":"2021-01-07T01:13:33","guid":{"rendered":"http:\/\/iposdanang.vn\/iposdanang\/?post_type=product&#038;p=6221"},"modified":"2021-01-07T08:13:33","modified_gmt":"2021-01-07T01:13:33","slug":"may-tinh-tien-nec-twinpos-g5200","status":"publish","type":"product","link":"https:\/\/iposdanang.vn\/iposdanang\/index.php\/product\/may-tinh-tien-nec-twinpos-g5200\/","title":{"rendered":"M\u00c1Y T\u00cdNH TI\u1ec0N NEC TWINPOS G5200"},"content":{"rendered":"<h3><strong>GI\u1edaI THI\u1ec6U M\u00c1Y T\u00cdNH TI\u1ec0N NEC TWINPOS G5200<\/strong><\/h3>\n<p><strong>M\u00e1y t\u00ednh ti\u1ec1n NEC TWINPOS G5200<\/strong>\u00a0l\u00e0 s\u1ea3n ph\u1ea9m m\u1edbi nh\u1ea5t c\u1ee7a NEC, t\u1eadp \u0111o\u00e0n \u0111a qu\u1ed1c gia n\u1ed5i ti\u1ebfng c\u1ee7a Nh\u1eadt B\u1ea3n s\u1ea3n xu\u1ea5t.\u00a0<strong>M\u00e1y t\u00ednh ti\u1ec1n NEC TWINPOS G5200<\/strong>\u00a0s\u1edf h\u1eefu c\u1ea5u h\u00ecnh m\u1ea1nh nh\u1ea5t trong t\u1ea5t c\u1ea3 c\u00e1c th\u1ebf h\u1ec7 POS tr\u00ean th\u1ecb tr\u01b0\u1eddng. V\u1edbi thi\u1ebft k\u1ebf nguy\u00ean kh\u1ed1i, m\u00e1y t\u00ednh ti\u1ec1n NEC TWINPOS G5200 ho\u1ea1t \u0111\u1ed9ng \u1ed5n \u0111\u1ecbnh trong c\u00e1c m\u00f4i tr\u01b0\u1eddng \u0111\u00f2i h\u1ecfi \u0111\u1ed9 b\u1ec1n cao nh\u01b0 nhi\u1ec7t \u0111\u1ed9 , \u0111\u1ed9 \u1ea9m cao v\u00e0 nhi\u1ec1u d\u1ea7u m\u1ee1\u2026<\/p>\n<p>Nh\u1eefng s\u1ea3n ph\u1ea9m c\u1ee7a NEC \u0111\u1ec1u \u0111\u01b0\u1ee3c ng\u01b0\u1eddi ti\u00eau d\u00f9ng \u0111\u00e1nh gi\u00e1 l\u00e0 v\u00f4 c\u00f9ng kh\u1ecfe v\u00e0 b\u1ec1n. Kh\u00e1ch h\u00e0ng kh\u00f4ng c\u1ea7n b\u1eadn t\u00e2m nhi\u1ec1u m\u1ed9t khi \u0111\u00e3 s\u1edf h\u1eefu h\u00e0ng Nh\u1eadt B\u1ea3n, nh\u1ea5t l\u00e0 1 th\u01b0\u01a1ng hi\u1ec7u l\u00e2u n\u0103m nh\u01b0 NEC.<\/p>\n<p><img loading=\"lazy\" class=\"alignnone size-medium wp-image-6223\" src=\"http:\/\/iposdanang.vn\/iposdanang\/wp-content\/uploads\/2021\/01\/NEC2-600x600-1-300x300.png\" alt=\"\" width=\"300\" height=\"300\" srcset=\"https:\/\/iposdanang.vn\/iposdanang\/wp-content\/uploads\/2021\/01\/NEC2-600x600-1-300x300.png 300w, https:\/\/iposdanang.vn\/iposdanang\/wp-content\/uploads\/2021\/01\/NEC2-600x600-1-150x150.png 150w, https:\/\/iposdanang.vn\/iposdanang\/wp-content\/uploads\/2021\/01\/NEC2-600x600-1-80x80.png 80w, https:\/\/iposdanang.vn\/iposdanang\/wp-content\/uploads\/2021\/01\/NEC2-600x600-1-70x70.png 70w, https:\/\/iposdanang.vn\/iposdanang\/wp-content\/uploads\/2021\/01\/NEC2-600x600-1-100x100.png 100w, https:\/\/iposdanang.vn\/iposdanang\/wp-content\/uploads\/2021\/01\/NEC2-600x600-1-480x480.png 480w, https:\/\/iposdanang.vn\/iposdanang\/wp-content\/uploads\/2021\/01\/NEC2-600x600-1-75x75.png 75w, https:\/\/iposdanang.vn\/iposdanang\/wp-content\/uploads\/2021\/01\/NEC2-600x600-1.png 600w\" sizes=\"(max-width: 300px) 100vw, 300px\" \/> <img loading=\"lazy\" class=\"alignnone size-medium wp-image-6224\" src=\"http:\/\/iposdanang.vn\/iposdanang\/wp-content\/uploads\/2021\/01\/NEC3-600x600-1-300x300.png\" alt=\"\" width=\"300\" height=\"300\" srcset=\"https:\/\/iposdanang.vn\/iposdanang\/wp-content\/uploads\/2021\/01\/NEC3-600x600-1-300x300.png 300w, https:\/\/iposdanang.vn\/iposdanang\/wp-content\/uploads\/2021\/01\/NEC3-600x600-1-150x150.png 150w, https:\/\/iposdanang.vn\/iposdanang\/wp-content\/uploads\/2021\/01\/NEC3-600x600-1-80x80.png 80w, https:\/\/iposdanang.vn\/iposdanang\/wp-content\/uploads\/2021\/01\/NEC3-600x600-1-70x70.png 70w, https:\/\/iposdanang.vn\/iposdanang\/wp-content\/uploads\/2021\/01\/NEC3-600x600-1-100x100.png 100w, https:\/\/iposdanang.vn\/iposdanang\/wp-content\/uploads\/2021\/01\/NEC3-600x600-1-480x480.png 480w, https:\/\/iposdanang.vn\/iposdanang\/wp-content\/uploads\/2021\/01\/NEC3-600x600-1-75x75.png 75w, https:\/\/iposdanang.vn\/iposdanang\/wp-content\/uploads\/2021\/01\/NEC3-600x600-1.png 600w\" sizes=\"(max-width: 300px) 100vw, 300px\" \/><\/p>\n<p>&nbsp;<\/p>\n<p>&nbsp;<\/p>\n<h3><strong>\u1ee8NG D\u1ee4NG PH\u1ed4 BI\u1ebeN<\/strong><\/h3>\n<p>V\u1edbi thi\u1ebft k\u1ebf 2 m\u00e0n h\u00ecnh, nh\u00e2n vi\u00ean b\u00e1n h\u00e0ng c\u00f3 th\u1ec3 d\u1ec5 d\u00e0ng t\u01b0\u01a1ng t\u00e1c v\u1edbi kh\u00e1ch h\u00e0ng t\u1ea1i \u0111i\u1ec3m b\u00e1n.\u00a0<strong>M\u00e1y t\u00ednh ti\u1ec1n NEC TWINPOS G5200 ph\u00f9 h\u1ee3p v\u1edbi h\u1ea7u h\u1ebft c\u00e1c m\u00f4 h\u00ecnh kinh doanh nh\u01b0: tr\u00e0 s\u1eefa, cafe, nh\u00e0 h\u00e0ng, b\u1ebfp,\u2026<\/strong><\/p>\n<p>&nbsp;<\/p>\n<p><img loading=\"lazy\" class=\"alignnone size-medium wp-image-6225\" src=\"http:\/\/iposdanang.vn\/iposdanang\/wp-content\/uploads\/2021\/01\/NEC4-600x600-1-300x300.png\" alt=\"\" width=\"300\" height=\"300\" srcset=\"https:\/\/iposdanang.vn\/iposdanang\/wp-content\/uploads\/2021\/01\/NEC4-600x600-1-300x300.png 300w, https:\/\/iposdanang.vn\/iposdanang\/wp-content\/uploads\/2021\/01\/NEC4-600x600-1-150x150.png 150w, https:\/\/iposdanang.vn\/iposdanang\/wp-content\/uploads\/2021\/01\/NEC4-600x600-1-80x80.png 80w, https:\/\/iposdanang.vn\/iposdanang\/wp-content\/uploads\/2021\/01\/NEC4-600x600-1-70x70.png 70w, https:\/\/iposdanang.vn\/iposdanang\/wp-content\/uploads\/2021\/01\/NEC4-600x600-1-100x100.png 100w, https:\/\/iposdanang.vn\/iposdanang\/wp-content\/uploads\/2021\/01\/NEC4-600x600-1-480x480.png 480w, https:\/\/iposdanang.vn\/iposdanang\/wp-content\/uploads\/2021\/01\/NEC4-600x600-1-75x75.png 75w, https:\/\/iposdanang.vn\/iposdanang\/wp-content\/uploads\/2021\/01\/NEC4-600x600-1.png 600w\" sizes=\"(max-width: 300px) 100vw, 300px\" \/> <img loading=\"lazy\" class=\"alignnone size-medium wp-image-6224\" src=\"http:\/\/iposdanang.vn\/iposdanang\/wp-content\/uploads\/2021\/01\/NEC3-600x600-1-300x300.png\" alt=\"\" width=\"300\" height=\"300\" srcset=\"https:\/\/iposdanang.vn\/iposdanang\/wp-content\/uploads\/2021\/01\/NEC3-600x600-1-300x300.png 300w, https:\/\/iposdanang.vn\/iposdanang\/wp-content\/uploads\/2021\/01\/NEC3-600x600-1-150x150.png 150w, https:\/\/iposdanang.vn\/iposdanang\/wp-content\/uploads\/2021\/01\/NEC3-600x600-1-80x80.png 80w, https:\/\/iposdanang.vn\/iposdanang\/wp-content\/uploads\/2021\/01\/NEC3-600x600-1-70x70.png 70w, https:\/\/iposdanang.vn\/iposdanang\/wp-content\/uploads\/2021\/01\/NEC3-600x600-1-100x100.png 100w, https:\/\/iposdanang.vn\/iposdanang\/wp-content\/uploads\/2021\/01\/NEC3-600x600-1-480x480.png 480w, https:\/\/iposdanang.vn\/iposdanang\/wp-content\/uploads\/2021\/01\/NEC3-600x600-1-75x75.png 75w, https:\/\/iposdanang.vn\/iposdanang\/wp-content\/uploads\/2021\/01\/NEC3-600x600-1.png 600w\" sizes=\"(max-width: 300px) 100vw, 300px\" \/><\/p>\n<p>&nbsp;<\/p>\n<h3><strong>S\u1ea3n ph\u1ea9m \u0111\u01b0\u1ee3c ph\u00e2n ph\u1ed1i v\u00e0 b\u1ea3o h\u00e0nh ch\u00ednh h\u00e3ng trong v\u00f2ng 36 th\u00e1ng t\u1ea1i c\u00e1c v\u0103n ph\u00f2ng, \u0111\u1ea1i l\u00fd c\u1ee7a iPOSDANANG.vn<\/strong><\/h3>\n","protected":false},"excerpt":{"rendered":"<p><strong class=\"desc-text\">TH\u00d4NG S\u1ed0 K\u1ef8 THU\u1eacT<\/strong><\/p>\n<ul>\n<li><strong>CPU:<\/strong>\u00a0Core i3 \u2013 4330TE (2.4 GHz)<\/li>\n<li><strong>Memory:<\/strong>\u00a04GB x 1 DDR3L SDRAM with ECC<\/li>\n<li><strong>Storage:<\/strong>\u00a02.5\u2033 SATA 500GB HDDOperator<\/li>\n<li><strong>Display:<\/strong>\u00a015\u2032\u201d XGA TFT w\/touch panel<\/li>\n<li><strong>OS:<\/strong>\u00a0none<\/li>\n<\/ul>\n<p><b>Ph\u1ee5 ki\u1ec7n:<\/b><\/p>\n<ul>\n<li><strong>\u0110\u1ea7u \u0111\u1ecdc th\u1ebb t\u1eeb NEC Magnetic Swipe Reader (MSR):<\/strong>\u00a02.200.000 VN\u0110 (\u0111\u00e3 bao g\u1ed3m VAT)<\/li>\n<li><strong>M\u00e0n h\u00ecnh LCD 15\u2033\u00a0<\/strong>kh\u00f4ng c\u1ea3m \u1ee9ng v\u1edbi \u0111\u1ed9 ph\u00e2n gi\u1ea3i 800 \u00d7 600, k\u1ebft n\u1ed1i USB, d\u00f9ng \u0111\u1ec3 hi\u1ec3n th\u1ecb h\u00f3a \u0111\u01a1n ho\u1eb7c ch\u1ea1y qu\u1ea3ng c\u00e1o. K\u00e8m gi\u00e1 g\u1eafn tr\u1ef1c ti\u1ebfp v\u00e0o sau m\u00e0n h\u00ecnh ch\u00ednh: 9.900.000 VN\u0110 (\u0111\u00e3 bao g\u1ed3m VAT)<\/li>\n<li><strong style=\"letter-spacing: 0px\">B\u1ea3o h\u00e0nh 36 th\u00e1ng t\u1ea1i v\u0103n ph\u00f2ng iPOSDANANG.vn<\/strong><\/li>\n<li><strong style=\"letter-spacing: 0px\">Mi\u1ec5n ph\u00ed v\u1eadn chuy\u1ec3n to\u00e0n qu\u1ed1c theo ch\u00ednh s\u00e1ch c\u1ee7a iPOSDANANG.vn<\/strong><\/li>\n<li><strong style=\"letter-spacing: 0px\">Ch\u00ednh s\u00e1ch b\u1ea3o h\u00e0nh:<\/strong><span style=\"letter-spacing: 0px\">\u00a0<\/span><a style=\"letter-spacing: 0px\" href=\"https:\/\/ipos.vn\/wp-content\/uploads\/2020\/06\/Quy-Dinh-Bao-Hanh-Phan-Cung-update-web-iPOS.pdf\">Ph\u1ea7n c\u1ee9ng<\/a><span style=\"letter-spacing: 0px\">\u00a0v\u00e0\u00a0<\/span><a style=\"letter-spacing: 0px\" href=\"https:\/\/ipos.vn\/wp-content\/uploads\/2020\/06\/Quy-Dinh-Bao-Hanh-Phan-Mem-iPOS.pdf\">ph\u1ea7n m\u1ec1m<\/a><\/li>\n<\/ul>\n","protected":false},"featured_media":6223,"template":"","meta":{"_monsterinsights_skip_tracking":false,"_monsterinsights_sitenote_active":false,"_monsterinsights_sitenote_note":"","_monsterinsights_sitenote_category":0},"yoast_head":"<!-- This site is optimized with the Yoast SEO Premium plugin v15.0 - https:\/\/yoast.com\/wordpress\/plugins\/seo\/ -->\n<title>M\u00c1Y T\u00cdNH TI\u1ec0N NEC TWINPOS G5200 - iPOS t\u1ea1i \u0110\u00e0 N\u1eb5ng<\/title>\n<meta name=\"robots\" content=\"index, follow, max-snippet:-1, max-image-preview:large, max-video-preview:-1\" \/>\n<link rel=\"canonical\" href=\"http:\/\/iposdanang.vn\/iposdanang\/index.php\/product\/may-tinh-tien-nec-twinpos-g5200\/\" \/>\n<meta property=\"og:locale\" content=\"vi_VN\" \/>\n<meta property=\"og:type\" content=\"article\" \/>\n<meta property=\"og:title\" content=\"M\u00c1Y T\u00cdNH TI\u1ec0N NEC TWINPOS G5200 - iPOS t\u1ea1i \u0110\u00e0 N\u1eb5ng\" \/>\n<meta property=\"og:description\" content=\"TH\u00d4NG S\u1ed0 K\u1ef8 THU\u1eacT   CPU:\u00a0Core i3 \u2013 4330TE (2.4 GHz)  Memory:\u00a04GB x 1 DDR3L SDRAM with ECC  Storage:\u00a02.5\u2033 SATA 500GB HDDOperator  Display:\u00a015\u2032\u201d XGA TFT w\/touch panel  OS:\u00a0none  Ph\u1ee5 ki\u1ec7n:   \u0110\u1ea7u \u0111\u1ecdc th\u1ebb t\u1eeb NEC Magnetic Swipe Reader (MSR):\u00a02.200.000 VN\u0110 (\u0111\u00e3 bao g\u1ed3m VAT)  M\u00e0n h\u00ecnh LCD 15\u2033\u00a0kh\u00f4ng c\u1ea3m \u1ee9ng v\u1edbi \u0111\u1ed9 ph\u00e2n gi\u1ea3i 800 \u00d7 600, k\u1ebft n\u1ed1i USB, d\u00f9ng \u0111\u1ec3 hi\u1ec3n th\u1ecb h\u00f3a \u0111\u01a1n ho\u1eb7c ch\u1ea1y qu\u1ea3ng c\u00e1o. K\u00e8m gi\u00e1 g\u1eafn tr\u1ef1c ti\u1ebfp v\u00e0o sau m\u00e0n h\u00ecnh ch\u00ednh: 9.900.000 VN\u0110 (\u0111\u00e3 bao g\u1ed3m VAT)  B\u1ea3o h\u00e0nh 36 th\u00e1ng t\u1ea1i v\u0103n ph\u00f2ng iPOSDANANG.vn  Mi\u1ec5n ph\u00ed v\u1eadn chuy\u1ec3n to\u00e0n qu\u1ed1c theo ch\u00ednh s\u00e1ch c\u1ee7a iPOSDANANG.vn  Ch\u00ednh s\u00e1ch b\u1ea3o h\u00e0nh:\u00a0Ph\u1ea7n c\u1ee9ng\u00a0v\u00e0\u00a0ph\u1ea7n m\u1ec1m\" \/>\n<meta property=\"og:url\" content=\"http:\/\/iposdanang.vn\/iposdanang\/index.php\/product\/may-tinh-tien-nec-twinpos-g5200\/\" \/>\n<meta property=\"og:site_name\" content=\"iPOS t\u1ea1i \u0110\u00e0 N\u1eb5ng\" \/>\n<meta property=\"og:image\" content=\"https:\/\/iposdanang.vn\/iposdanang\/wp-content\/uploads\/2021\/01\/NEC2-600x600-1.png\" \/>\n\t<meta property=\"og:image:width\" content=\"600\" \/>\n\t<meta property=\"og:image:height\" content=\"600\" \/>\n<meta name=\"twitter:card\" content=\"summary_large_image\" \/>\n<script type=\"application\/ld+json\" class=\"yoast-schema-graph\">{\"@context\":\"https:\/\/schema.org\",\"@graph\":[{\"@type\":\"WebSite\",\"@id\":\"https:\/\/iposdanang.vn\/iposdanang\/#website\",\"url\":\"https:\/\/iposdanang.vn\/iposdanang\/\",\"name\":\"iPOS t\\u1ea1i \\u0110\\u00e0 N\\u1eb5ng\",\"description\":\"iPOSDaNang.vn\",\"potentialAction\":[{\"@type\":\"SearchAction\",\"target\":\"https:\/\/iposdanang.vn\/iposdanang\/?s={search_term_string}\",\"query-input\":\"required name=search_term_string\"}],\"inLanguage\":\"vi\"},{\"@type\":\"ImageObject\",\"@id\":\"http:\/\/iposdanang.vn\/iposdanang\/index.php\/product\/may-tinh-tien-nec-twinpos-g5200\/#primaryimage\",\"inLanguage\":\"vi\",\"url\":\"https:\/\/iposdanang.vn\/iposdanang\/wp-content\/uploads\/2021\/01\/NEC2-600x600-1.png\",\"width\":600,\"height\":600},{\"@type\":\"WebPage\",\"@id\":\"http:\/\/iposdanang.vn\/iposdanang\/index.php\/product\/may-tinh-tien-nec-twinpos-g5200\/#webpage\",\"url\":\"http:\/\/iposdanang.vn\/iposdanang\/index.php\/product\/may-tinh-tien-nec-twinpos-g5200\/\",\"name\":\"M\\u00c1Y T\\u00cdNH TI\\u1ec0N NEC TWINPOS G5200 - iPOS t\\u1ea1i \\u0110\\u00e0 N\\u1eb5ng\",\"isPartOf\":{\"@id\":\"https:\/\/iposdanang.vn\/iposdanang\/#website\"},\"primaryImageOfPage\":{\"@id\":\"http:\/\/iposdanang.vn\/iposdanang\/index.php\/product\/may-tinh-tien-nec-twinpos-g5200\/#primaryimage\"},\"datePublished\":\"2021-01-07T01:13:33+00:00\",\"dateModified\":\"2021-01-07T01:13:33+00:00\",\"inLanguage\":\"vi\",\"potentialAction\":[{\"@type\":\"ReadAction\",\"target\":[\"http:\/\/iposdanang.vn\/iposdanang\/index.php\/product\/may-tinh-tien-nec-twinpos-g5200\/\"]}]}]}<\/script>\n<!-- \/ Yoast SEO Premium plugin. -->","_links":{"self":[{"href":"https:\/\/iposdanang.vn\/iposdanang\/index.php\/wp-json\/wp\/v2\/product\/6221"}],"collection":[{"href":"https:\/\/iposdanang.vn\/iposdanang\/index.php\/wp-json\/wp\/v2\/product"}],"about":[{"href":"https:\/\/iposdanang.vn\/iposdanang\/index.php\/wp-json\/wp\/v2\/types\/product"}],"wp:featuredmedia":[{"embeddable":true,"href":"https:\/\/iposdanang.vn\/iposdanang\/index.php\/wp-json\/wp\/v2\/media\/6223"}],"wp:attachment":[{"href":"https:\/\/iposdanang.vn\/iposdanang\/index.php\/wp-json\/wp\/v2\/media?parent=6221"}],"curies":[{"name":"wp","href":"https:\/\/api.w.org\/{rel}","templated":true}]}}