{"id":6237,"date":"2021-01-07T09:04:04","date_gmt":"2021-01-07T02:04:04","guid":{"rendered":"http:\/\/iposdanang.vn\/iposdanang\/?post_type=product&#038;p=6237"},"modified":"2021-01-07T09:04:04","modified_gmt":"2021-01-07T02:04:04","slug":"may-tinh-tien-posbank-apexa-prime-core-i5","status":"publish","type":"product","link":"https:\/\/iposdanang.vn\/iposdanang\/index.php\/product\/may-tinh-tien-posbank-apexa-prime-core-i5\/","title":{"rendered":"M\u00c1Y T\u00cdNH TI\u1ec0N POSBANK APEXA PRIME CORE I5"},"content":{"rendered":"<h3><strong>GI\u1edaI THI\u1ec6U M\u00c1Y T\u00cdNH TI\u1ec0N POSBANK APEXA PRIME CORE I5<\/strong><\/h3>\n<p><strong>M\u00e1y t\u00ednh ti\u1ec1n POSBANK APEXA PRIME CORE I5<\/strong>\u00a0l\u00e0 thi\u1ebft b\u1ecb ti\u00ean ti\u1ebfn v\u1edbi nhi\u1ec1u t\u00ednh n\u0103ng m\u1edbi, c\u1ea5u h\u00ecnh m\u1ea1nh, thi\u1ebft k\u1ebf ch\u1eafc ch\u1eafn, d\u1ec5 d\u00e0ng lau ch\u00f9i v\u00e0 thu\u1eadn ti\u1ec7n cho vi\u1ec7c s\u1eeda ch\u1eefa \u2013 thay th\u1ebf nh\u1eb1m ti\u1ebft ki\u1ec7m th\u1eddi gian v\u00e0 chi ph\u00ed trong vi\u1ec7c b\u1ea3o tr\u00ec v\u00e0 n\u00e2ng c\u1ea5p. Ngo\u00e0i ra, h\u1ec7 th\u1ed1ng \u0111\u01b0\u1ee3c thi\u1ebft k\u1ebf v\u1eefng ch\u1eafc v\u00e0 h\u1ee3p l\u00fd gi\u00fap t\u0103ng s\u1ef1 \u1ed5n \u0111\u1ecbnh \u0111\u1ec3 h\u1ed7 tr\u1ee3 cho nhu c\u1ea7u c\u1ee7a m\u00f4i tr\u01b0\u1eddng nh\u00e0 h\u00e0ng caf\u00e9.<\/p>\n<p>&nbsp;<\/p>\n<p><img loading=\"lazy\" class=\"alignnone size-medium wp-image-6241\" src=\"http:\/\/iposdanang.vn\/iposdanang\/wp-content\/uploads\/2021\/01\/POS-Bank2-600x600-1-300x300.png\" alt=\"\" width=\"300\" height=\"300\" srcset=\"https:\/\/iposdanang.vn\/iposdanang\/wp-content\/uploads\/2021\/01\/POS-Bank2-600x600-1-300x300.png 300w, https:\/\/iposdanang.vn\/iposdanang\/wp-content\/uploads\/2021\/01\/POS-Bank2-600x600-1-150x150.png 150w, https:\/\/iposdanang.vn\/iposdanang\/wp-content\/uploads\/2021\/01\/POS-Bank2-600x600-1-80x80.png 80w, https:\/\/iposdanang.vn\/iposdanang\/wp-content\/uploads\/2021\/01\/POS-Bank2-600x600-1-70x70.png 70w, https:\/\/iposdanang.vn\/iposdanang\/wp-content\/uploads\/2021\/01\/POS-Bank2-600x600-1-100x100.png 100w, https:\/\/iposdanang.vn\/iposdanang\/wp-content\/uploads\/2021\/01\/POS-Bank2-600x600-1-480x480.png 480w, https:\/\/iposdanang.vn\/iposdanang\/wp-content\/uploads\/2021\/01\/POS-Bank2-600x600-1-75x75.png 75w, https:\/\/iposdanang.vn\/iposdanang\/wp-content\/uploads\/2021\/01\/POS-Bank2-600x600-1.png 600w\" sizes=\"(max-width: 300px) 100vw, 300px\" \/> <img loading=\"lazy\" class=\"alignnone size-medium wp-image-6240\" src=\"http:\/\/iposdanang.vn\/iposdanang\/wp-content\/uploads\/2021\/01\/POS-Bank1-600x600-1-300x300.png\" alt=\"\" width=\"300\" height=\"300\" srcset=\"https:\/\/iposdanang.vn\/iposdanang\/wp-content\/uploads\/2021\/01\/POS-Bank1-600x600-1-300x300.png 300w, https:\/\/iposdanang.vn\/iposdanang\/wp-content\/uploads\/2021\/01\/POS-Bank1-600x600-1-150x150.png 150w, https:\/\/iposdanang.vn\/iposdanang\/wp-content\/uploads\/2021\/01\/POS-Bank1-600x600-1-80x80.png 80w, https:\/\/iposdanang.vn\/iposdanang\/wp-content\/uploads\/2021\/01\/POS-Bank1-600x600-1-70x70.png 70w, https:\/\/iposdanang.vn\/iposdanang\/wp-content\/uploads\/2021\/01\/POS-Bank1-600x600-1-100x100.png 100w, https:\/\/iposdanang.vn\/iposdanang\/wp-content\/uploads\/2021\/01\/POS-Bank1-600x600-1-480x480.png 480w, https:\/\/iposdanang.vn\/iposdanang\/wp-content\/uploads\/2021\/01\/POS-Bank1-600x600-1-75x75.png 75w, https:\/\/iposdanang.vn\/iposdanang\/wp-content\/uploads\/2021\/01\/POS-Bank1-600x600-1.png 600w\" sizes=\"(max-width: 300px) 100vw, 300px\" \/><\/p>\n<p>&nbsp;<\/p>\n<h3><strong>B\u1ea3o h\u00e0nh 24 th\u00e1ng t\u1ea1i v\u0103n ph\u00f2ng iPOSDANANG.vn<\/strong><\/h3>\n","protected":false},"excerpt":{"rendered":"<p><strong class=\"desc-text\">TH\u00d4NG S\u1ed0 K\u1ef8 THU\u1eacT<\/strong><\/p>\n<ul>\n<li><strong>CPU:<\/strong>\u00a0Intel\u00ae Core\u2122 i5-7200U (3M Cache, 3.10 GHz, 2 Cores)<\/li>\n<li><strong>RAM:<\/strong>\u00a04GB Standard, DDR4L 2133 MT\/s, Socket 1 x SODIMM (Max. 16GB)<\/li>\n<li><strong>B\u1ed9 nh\u1edb:<\/strong>\u00a0SATA 3 (6Gb\/s) 2.5 inches SSD 120GB, Support AHCI<\/li>\n<li><strong>OS:<\/strong>\u00a0Option (Windows 7, Windows 8.1, Windows 10 IoT Enterprise, POS Ready 7)<\/li>\n<li><strong>M\u00e0n h\u00ecnh:<\/strong>\u00a015 inches TFT LCD, LED Backlight<\/li>\n<li><strong>M\u00e0u s\u1eafc:<\/strong>\u00a0\u0110en\/ X\u00e1m \u0111en (Black\/ Matt Dark Grey)<\/li>\n<li><strong>C\u1ea3m \u1ee9ng \u0111a \u0111i\u1ec3m<\/strong><\/li>\n<\/ul>\n<p><strong>Ph\u1ee5 ki\u1ec7n:<\/strong><\/p>\n<ul>\n<li><strong>\u0110\u1ea7u \u0111\u1ecdc th\u1ebb t\u1eeb MSR:<\/strong>\u00a02.000.000 VN\u0110 (\u0111\u00e3 bao g\u1ed3m\u00a0 VAT)<\/li>\n<li><strong>M\u00e0n h\u00ecnh ph\u1ee5 LCD 9,7 inches:<\/strong>\u00a04.500.000 VN\u0110 (\u0111\u00e3 bao g\u1ed3m VAT)<\/li>\n<li><strong>M\u00e0n h\u00ecnh ph\u1ee5 LCD 15 inches:<\/strong> 5.000.000 VN\u0110 (\u0111\u00e3 bao g\u1ed3m VAT)<\/li>\n<li><strong style=\"letter-spacing: 0px\">B\u1ea3o h\u00e0nh 24 th\u00e1ng t\u1ea1i v\u0103n ph\u00f2ng iPOS.vn<\/strong><\/li>\n<li><strong style=\"letter-spacing: 0px\">Mi\u1ec5n ph\u00ed v\u1eadn chuy\u1ec3n to\u00e0n qu\u1ed1c theo ch\u00ednh s\u00e1ch c\u1ee7a iPOSDANANG.vn<\/strong><\/li>\n<li><strong style=\"letter-spacing: 0px\">Ch\u00ednh s\u00e1ch b\u1ea3o h\u00e0nh:<\/strong><span style=\"letter-spacing: 0px\">\u00a0<\/span><a style=\"letter-spacing: 0px\" href=\"https:\/\/ipos.vn\/wp-content\/uploads\/2020\/06\/Quy-Dinh-Bao-Hanh-Phan-Cung-update-web-iPOS.pdf\">Ph\u1ea7n c\u1ee9ng<\/a><span style=\"letter-spacing: 0px\">\u00a0v\u00e0\u00a0<\/span><a style=\"letter-spacing: 0px\" href=\"https:\/\/ipos.vn\/wp-content\/uploads\/2020\/06\/Quy-Dinh-Bao-Hanh-Phan-Mem-iPOS.pdf\">ph\u1ea7n m\u1ec1m<\/a><\/li>\n<\/ul>\n","protected":false},"featured_media":6240,"template":"","meta":{"_monsterinsights_skip_tracking":false,"_monsterinsights_sitenote_active":false,"_monsterinsights_sitenote_note":"","_monsterinsights_sitenote_category":0},"yoast_head":"<!-- This site is optimized with the Yoast SEO Premium plugin v15.0 - https:\/\/yoast.com\/wordpress\/plugins\/seo\/ -->\n<title>M\u00c1Y T\u00cdNH TI\u1ec0N POSBANK APEXA PRIME CORE I5 - iPOS t\u1ea1i \u0110\u00e0 N\u1eb5ng<\/title>\n<meta name=\"robots\" content=\"index, follow, max-snippet:-1, max-image-preview:large, max-video-preview:-1\" \/>\n<link rel=\"canonical\" href=\"http:\/\/iposdanang.vn\/iposdanang\/index.php\/product\/may-tinh-tien-posbank-apexa-prime-core-i5\/\" \/>\n<meta property=\"og:locale\" content=\"vi_VN\" \/>\n<meta property=\"og:type\" content=\"article\" \/>\n<meta property=\"og:title\" content=\"M\u00c1Y T\u00cdNH TI\u1ec0N POSBANK APEXA PRIME CORE I5 - iPOS t\u1ea1i \u0110\u00e0 N\u1eb5ng\" \/>\n<meta property=\"og:description\" content=\"TH\u00d4NG S\u1ed0 K\u1ef8 THU\u1eacT   CPU:\u00a0Intel\u00ae Core\u2122 i5-7200U (3M Cache, 3.10 GHz, 2 Cores)  RAM:\u00a04GB Standard, DDR4L 2133 MT\/s, Socket 1 x SODIMM (Max. 16GB)  B\u1ed9 nh\u1edb:\u00a0SATA 3 (6Gb\/s) 2.5 inches SSD 120GB, Support AHCI  OS:\u00a0Option (Windows 7, Windows 8.1, Windows 10 IoT Enterprise, POS Ready 7)  M\u00e0n h\u00ecnh:\u00a015 inches TFT LCD, LED Backlight  M\u00e0u s\u1eafc:\u00a0\u0110en\/ X\u00e1m \u0111en (Black\/ Matt Dark Grey)  C\u1ea3m \u1ee9ng \u0111a \u0111i\u1ec3m  Ph\u1ee5 ki\u1ec7n:   \u0110\u1ea7u \u0111\u1ecdc th\u1ebb t\u1eeb MSR:\u00a02.000.000 VN\u0110 (\u0111\u00e3 bao g\u1ed3m\u00a0 VAT)  M\u00e0n h\u00ecnh ph\u1ee5 LCD 9,7 inches:\u00a04.500.000 VN\u0110 (\u0111\u00e3 bao g\u1ed3m VAT)  M\u00e0n h\u00ecnh ph\u1ee5 LCD 15 inches: 5.000.000 VN\u0110 (\u0111\u00e3 bao g\u1ed3m VAT)  B\u1ea3o h\u00e0nh 24 th\u00e1ng t\u1ea1i v\u0103n ph\u00f2ng iPOS.vn  Mi\u1ec5n ph\u00ed v\u1eadn chuy\u1ec3n to\u00e0n qu\u1ed1c theo ch\u00ednh s\u00e1ch c\u1ee7a iPOSDANANG.vn  Ch\u00ednh s\u00e1ch b\u1ea3o h\u00e0nh:\u00a0Ph\u1ea7n c\u1ee9ng\u00a0v\u00e0\u00a0ph\u1ea7n m\u1ec1m\" \/>\n<meta property=\"og:url\" content=\"http:\/\/iposdanang.vn\/iposdanang\/index.php\/product\/may-tinh-tien-posbank-apexa-prime-core-i5\/\" \/>\n<meta property=\"og:site_name\" content=\"iPOS t\u1ea1i \u0110\u00e0 N\u1eb5ng\" \/>\n<meta property=\"og:image\" content=\"https:\/\/iposdanang.vn\/iposdanang\/wp-content\/uploads\/2021\/01\/POS-Bank1-600x600-1.png\" \/>\n\t<meta property=\"og:image:width\" content=\"600\" \/>\n\t<meta property=\"og:image:height\" content=\"600\" \/>\n<meta name=\"twitter:card\" content=\"summary_large_image\" \/>\n<script type=\"application\/ld+json\" class=\"yoast-schema-graph\">{\"@context\":\"https:\/\/schema.org\",\"@graph\":[{\"@type\":\"WebSite\",\"@id\":\"https:\/\/iposdanang.vn\/iposdanang\/#website\",\"url\":\"https:\/\/iposdanang.vn\/iposdanang\/\",\"name\":\"iPOS t\\u1ea1i \\u0110\\u00e0 N\\u1eb5ng\",\"description\":\"iPOSDaNang.vn\",\"potentialAction\":[{\"@type\":\"SearchAction\",\"target\":\"https:\/\/iposdanang.vn\/iposdanang\/?s={search_term_string}\",\"query-input\":\"required name=search_term_string\"}],\"inLanguage\":\"vi\"},{\"@type\":\"ImageObject\",\"@id\":\"http:\/\/iposdanang.vn\/iposdanang\/index.php\/product\/may-tinh-tien-posbank-apexa-prime-core-i5\/#primaryimage\",\"inLanguage\":\"vi\",\"url\":\"https:\/\/iposdanang.vn\/iposdanang\/wp-content\/uploads\/2021\/01\/POS-Bank1-600x600-1.png\",\"width\":600,\"height\":600},{\"@type\":\"WebPage\",\"@id\":\"http:\/\/iposdanang.vn\/iposdanang\/index.php\/product\/may-tinh-tien-posbank-apexa-prime-core-i5\/#webpage\",\"url\":\"http:\/\/iposdanang.vn\/iposdanang\/index.php\/product\/may-tinh-tien-posbank-apexa-prime-core-i5\/\",\"name\":\"M\\u00c1Y T\\u00cdNH TI\\u1ec0N POSBANK APEXA PRIME CORE I5 - iPOS t\\u1ea1i \\u0110\\u00e0 N\\u1eb5ng\",\"isPartOf\":{\"@id\":\"https:\/\/iposdanang.vn\/iposdanang\/#website\"},\"primaryImageOfPage\":{\"@id\":\"http:\/\/iposdanang.vn\/iposdanang\/index.php\/product\/may-tinh-tien-posbank-apexa-prime-core-i5\/#primaryimage\"},\"datePublished\":\"2021-01-07T02:04:04+00:00\",\"dateModified\":\"2021-01-07T02:04:04+00:00\",\"inLanguage\":\"vi\",\"potentialAction\":[{\"@type\":\"ReadAction\",\"target\":[\"http:\/\/iposdanang.vn\/iposdanang\/index.php\/product\/may-tinh-tien-posbank-apexa-prime-core-i5\/\"]}]}]}<\/script>\n<!-- \/ Yoast SEO Premium plugin. -->","_links":{"self":[{"href":"https:\/\/iposdanang.vn\/iposdanang\/index.php\/wp-json\/wp\/v2\/product\/6237"}],"collection":[{"href":"https:\/\/iposdanang.vn\/iposdanang\/index.php\/wp-json\/wp\/v2\/product"}],"about":[{"href":"https:\/\/iposdanang.vn\/iposdanang\/index.php\/wp-json\/wp\/v2\/types\/product"}],"wp:featuredmedia":[{"embeddable":true,"href":"https:\/\/iposdanang.vn\/iposdanang\/index.php\/wp-json\/wp\/v2\/media\/6240"}],"wp:attachment":[{"href":"https:\/\/iposdanang.vn\/iposdanang\/index.php\/wp-json\/wp\/v2\/media?parent=6237"}],"curies":[{"name":"wp","href":"https:\/\/api.w.org\/{rel}","templated":true}]}}