{"id":6249,"date":"2021-01-07T09:41:35","date_gmt":"2021-01-07T02:41:35","guid":{"rendered":"http:\/\/iposdanang.vn\/iposdanang\/?post_type=product&#038;p=6249"},"modified":"2021-01-07T09:41:35","modified_gmt":"2021-01-07T02:41:35","slug":"may-tinh-tien-cam-tay-b08","status":"publish","type":"product","link":"https:\/\/iposdanang.vn\/iposdanang\/index.php\/product\/may-tinh-tien-cam-tay-b08\/","title":{"rendered":"M\u00c1Y T\u00cdNH TI\u1ec0N C\u1ea6M TAY B08"},"content":{"rendered":"<p><strong>GI\u1edaI THI\u1ec6U M\u00c1Y T\u00cdNH TI\u1ec0N C\u1ea6M TAY B08<\/strong><\/p>\n<p><strong>M\u00e1y POS c\u1ea7m tay B08<\/strong>\u00a0nh\u1ecf g\u1ecdn, m\u1ea1nh m\u1ebd, thi\u1ebft k\u1ebf th\u00f4ng minh v\u00e0 ti\u1ec7n d\u1ee5ng ho\u1ea1t \u0111\u1ed9ng d\u1ef1a tr\u00ean n\u1ec1n t\u1ea3ng Android, ph\u00f9 h\u1ee3p cho nh\u00e0 h\u00e0ng, qu\u00e1n caf\u00e9, Kiot. \u00a0M\u00e1y \u0111\u01b0\u1ee3c trang b\u1ecb c\u1ea5u h\u00ecnh m\u1ea1nh m\u1ebd: m\u00e1y in nhi\u1ec7t kh\u1ed5 58mm \u0111\u1ea7u in Seiko, RAM 2GB, ROM 16GB, Chipset l\u00f5i 4 1.8Ghz, h\u1ed7 tr\u1ee3 4G, Wifi \u0111\u1ea3m b\u1ea3o \u0111\u00e1p \u1ee9ng t\u1ed1t y\u00eau c\u1ea7u chuy\u00ean bi\u1ec7t c\u1ee7a kh\u00e1ch h\u00e0ng.<\/p>\n<p><img loading=\"lazy\" class=\"alignnone size-medium wp-image-6250\" src=\"http:\/\/iposdanang.vn\/iposdanang\/wp-content\/uploads\/2021\/01\/03-600x600-1-300x300.png\" alt=\"\" width=\"300\" height=\"300\" srcset=\"https:\/\/iposdanang.vn\/iposdanang\/wp-content\/uploads\/2021\/01\/03-600x600-1-300x300.png 300w, https:\/\/iposdanang.vn\/iposdanang\/wp-content\/uploads\/2021\/01\/03-600x600-1-150x150.png 150w, https:\/\/iposdanang.vn\/iposdanang\/wp-content\/uploads\/2021\/01\/03-600x600-1-80x80.png 80w, https:\/\/iposdanang.vn\/iposdanang\/wp-content\/uploads\/2021\/01\/03-600x600-1-70x70.png 70w, https:\/\/iposdanang.vn\/iposdanang\/wp-content\/uploads\/2021\/01\/03-600x600-1-100x100.png 100w, https:\/\/iposdanang.vn\/iposdanang\/wp-content\/uploads\/2021\/01\/03-600x600-1-480x480.png 480w, https:\/\/iposdanang.vn\/iposdanang\/wp-content\/uploads\/2021\/01\/03-600x600-1-75x75.png 75w, https:\/\/iposdanang.vn\/iposdanang\/wp-content\/uploads\/2021\/01\/03-600x600-1.png 600w\" sizes=\"(max-width: 300px) 100vw, 300px\" \/> <img loading=\"lazy\" class=\"alignnone size-medium wp-image-6251\" src=\"http:\/\/iposdanang.vn\/iposdanang\/wp-content\/uploads\/2021\/01\/B08-anh-600x600-1-300x300.png\" alt=\"\" width=\"300\" height=\"300\" srcset=\"https:\/\/iposdanang.vn\/iposdanang\/wp-content\/uploads\/2021\/01\/B08-anh-600x600-1-300x300.png 300w, https:\/\/iposdanang.vn\/iposdanang\/wp-content\/uploads\/2021\/01\/B08-anh-600x600-1-150x150.png 150w, https:\/\/iposdanang.vn\/iposdanang\/wp-content\/uploads\/2021\/01\/B08-anh-600x600-1-80x80.png 80w, https:\/\/iposdanang.vn\/iposdanang\/wp-content\/uploads\/2021\/01\/B08-anh-600x600-1-70x70.png 70w, https:\/\/iposdanang.vn\/iposdanang\/wp-content\/uploads\/2021\/01\/B08-anh-600x600-1-100x100.png 100w, https:\/\/iposdanang.vn\/iposdanang\/wp-content\/uploads\/2021\/01\/B08-anh-600x600-1-480x480.png 480w, https:\/\/iposdanang.vn\/iposdanang\/wp-content\/uploads\/2021\/01\/B08-anh-600x600-1-75x75.png 75w, https:\/\/iposdanang.vn\/iposdanang\/wp-content\/uploads\/2021\/01\/B08-anh-600x600-1.png 600w\" sizes=\"(max-width: 300px) 100vw, 300px\" \/><\/p>\n<p><strong>TH\u00d4NG S\u1ed0 K\u1ef8 THU\u1eacT<\/strong><\/p>\n<ul>\n<li><strong>K\u00edch th\u01b0\u1edbc:\u00a0<\/strong>D\u00e0i: 176mm, R\u1ed9ng: 80mm, Cao: 55mm<\/li>\n<li><strong>CPU:\u00a0<\/strong>Quad-Core Cortex-A53 1.8Ghz<\/li>\n<li><strong>ROM + RAM:\u00a0<\/strong>16GB + 2GB<\/li>\n<li><strong>M\u00e0n h\u00ecnh:\u00a0<\/strong>5.45\u2033 HD+, 1440*720, IPS<\/li>\n<li><strong>H\u1ec7 \u0111i\u1ec1u h\u00e0nh:\u00a0<\/strong>Android 9.0<\/li>\n<li><strong>Pin:\u00a0<\/strong>Lithium-ion 5200mAh<\/li>\n<li><strong>M\u00e1y in (t\u00edch h\u1ee3p):\u00a0<\/strong>Kh\u1ed5 K58 \u2013 58mm. \u0110\u1ea7u in Seiko t\u1ed1c \u0111\u1ed9 cao<\/li>\n<li><strong>K\u1ebft n\u1ed1i:\u00a0<\/strong>Wifi, 4G, Bluetooth 5.0<\/li>\n<li><strong>Camera:\u00a0<\/strong>5M AF<\/li>\n<li><strong>C\u1ed5ng giao ti\u1ebfp:\u00a0<\/strong>USB Type-C<\/li>\n<li><strong style=\"letter-spacing: 0px\">B\u1ea3o h\u00e0nh 12 th\u00e1ng t\u1ea1i v\u0103n ph\u00f2ng iPOSDANANG.vn<\/strong><\/li>\n<li><strong style=\"letter-spacing: 0px\">Mi\u1ec5n ph\u00ed v\u1eadn chuy\u1ec3n to\u00e0n qu\u1ed1c theo ch\u00ednh s\u00e1ch c\u1ee7a iPOSDANANG.vn<\/strong><\/li>\n<\/ul>\n","protected":false},"excerpt":{"rendered":"<p><strong>TH\u00d4NG S\u1ed0 K\u1ef8 THU\u1eacT<\/strong><\/p>\n<ul>\n<li><strong>K\u00edch th\u01b0\u1edbc:\u00a0<\/strong>D\u00e0i: 176mm, R\u1ed9ng: 80mm, Cao: 55mm<\/li>\n<li><strong>CPU:\u00a0<\/strong>Quad-Core Cortex-A53 1.8Ghz<\/li>\n<li><strong>ROM + RAM:\u00a0<\/strong>16GB + 2GB<\/li>\n<li><strong>M\u00e0n h\u00ecnh:\u00a0<\/strong>5.45\u2033 HD+, 1440*720, IPS<\/li>\n<li><strong>H\u1ec7 \u0111i\u1ec1u h\u00e0nh:\u00a0<\/strong>Android 9.0<\/li>\n<li><strong>Pin:\u00a0<\/strong>Lithium-ion 5200mAh<\/li>\n<li><strong>M\u00e1y in (t\u00edch h\u1ee3p):\u00a0<\/strong>Kh\u1ed5 K58 \u2013 58mm. \u0110\u1ea7u in Seiko t\u1ed1c \u0111\u1ed9 cao<\/li>\n<li><strong>K\u1ebft n\u1ed1i:\u00a0<\/strong>Wifi, 4G, Bluetooth 5.0<\/li>\n<li><strong>Camera:\u00a0<\/strong>5M AF<\/li>\n<li><strong>C\u1ed5ng giao ti\u1ebfp:\u00a0<\/strong>USB Type-C<\/li>\n<li><strong style=\"letter-spacing: 0px\">B\u1ea3o h\u00e0nh 12 th\u00e1ng t\u1ea1i v\u0103n ph\u00f2ng iPOSDANANG.vn<\/strong><\/li>\n<li><strong style=\"letter-spacing: 0px\">Mi\u1ec5n ph\u00ed v\u1eadn chuy\u1ec3n to\u00e0n qu\u1ed1c theo ch\u00ednh s\u00e1ch c\u1ee7a iPOSDANANG.vn<\/strong><\/li>\n<\/ul>\n","protected":false},"featured_media":6250,"template":"","meta":{"_monsterinsights_skip_tracking":false,"_monsterinsights_sitenote_active":false,"_monsterinsights_sitenote_note":"","_monsterinsights_sitenote_category":0},"yoast_head":"<!-- This site is optimized with the Yoast SEO Premium plugin v15.0 - https:\/\/yoast.com\/wordpress\/plugins\/seo\/ -->\n<title>M\u00c1Y T\u00cdNH TI\u1ec0N C\u1ea6M TAY B08 - iPOS t\u1ea1i \u0110\u00e0 N\u1eb5ng<\/title>\n<meta name=\"robots\" content=\"index, follow, max-snippet:-1, max-image-preview:large, max-video-preview:-1\" \/>\n<link rel=\"canonical\" href=\"http:\/\/iposdanang.vn\/iposdanang\/index.php\/product\/may-tinh-tien-cam-tay-b08\/\" \/>\n<meta property=\"og:locale\" content=\"vi_VN\" \/>\n<meta property=\"og:type\" content=\"article\" \/>\n<meta property=\"og:title\" content=\"M\u00c1Y T\u00cdNH TI\u1ec0N C\u1ea6M TAY B08 - iPOS t\u1ea1i \u0110\u00e0 N\u1eb5ng\" \/>\n<meta property=\"og:description\" content=\"TH\u00d4NG S\u1ed0 K\u1ef8 THU\u1eacT   K\u00edch th\u01b0\u1edbc:\u00a0D\u00e0i: 176mm, R\u1ed9ng: 80mm, Cao: 55mm  CPU:\u00a0Quad-Core Cortex-A53 1.8Ghz  ROM + RAM:\u00a016GB + 2GB  M\u00e0n h\u00ecnh:\u00a05.45\u2033 HD+, 1440*720, IPS  H\u1ec7 \u0111i\u1ec1u h\u00e0nh:\u00a0Android 9.0  Pin:\u00a0Lithium-ion 5200mAh  M\u00e1y in (t\u00edch h\u1ee3p):\u00a0Kh\u1ed5 K58 \u2013 58mm. \u0110\u1ea7u in Seiko t\u1ed1c \u0111\u1ed9 cao  K\u1ebft n\u1ed1i:\u00a0Wifi, 4G, Bluetooth 5.0  Camera:\u00a05M AF  C\u1ed5ng giao ti\u1ebfp:\u00a0USB Type-C  B\u1ea3o h\u00e0nh 12 th\u00e1ng t\u1ea1i v\u0103n ph\u00f2ng iPOSDANANG.vn  Mi\u1ec5n ph\u00ed v\u1eadn chuy\u1ec3n to\u00e0n qu\u1ed1c theo ch\u00ednh s\u00e1ch c\u1ee7a iPOSDANANG.vn\" \/>\n<meta property=\"og:url\" content=\"http:\/\/iposdanang.vn\/iposdanang\/index.php\/product\/may-tinh-tien-cam-tay-b08\/\" \/>\n<meta property=\"og:site_name\" content=\"iPOS t\u1ea1i \u0110\u00e0 N\u1eb5ng\" \/>\n<meta property=\"og:image\" content=\"https:\/\/iposdanang.vn\/iposdanang\/wp-content\/uploads\/2021\/01\/03-600x600-1.png\" \/>\n\t<meta property=\"og:image:width\" content=\"600\" \/>\n\t<meta property=\"og:image:height\" content=\"600\" \/>\n<meta name=\"twitter:card\" content=\"summary_large_image\" \/>\n<script type=\"application\/ld+json\" class=\"yoast-schema-graph\">{\"@context\":\"https:\/\/schema.org\",\"@graph\":[{\"@type\":\"WebSite\",\"@id\":\"https:\/\/iposdanang.vn\/iposdanang\/#website\",\"url\":\"https:\/\/iposdanang.vn\/iposdanang\/\",\"name\":\"iPOS t\\u1ea1i \\u0110\\u00e0 N\\u1eb5ng\",\"description\":\"iPOSDaNang.vn\",\"potentialAction\":[{\"@type\":\"SearchAction\",\"target\":\"https:\/\/iposdanang.vn\/iposdanang\/?s={search_term_string}\",\"query-input\":\"required name=search_term_string\"}],\"inLanguage\":\"vi\"},{\"@type\":\"ImageObject\",\"@id\":\"http:\/\/iposdanang.vn\/iposdanang\/index.php\/product\/may-tinh-tien-cam-tay-b08\/#primaryimage\",\"inLanguage\":\"vi\",\"url\":\"https:\/\/iposdanang.vn\/iposdanang\/wp-content\/uploads\/2021\/01\/03-600x600-1.png\",\"width\":600,\"height\":600},{\"@type\":\"WebPage\",\"@id\":\"http:\/\/iposdanang.vn\/iposdanang\/index.php\/product\/may-tinh-tien-cam-tay-b08\/#webpage\",\"url\":\"http:\/\/iposdanang.vn\/iposdanang\/index.php\/product\/may-tinh-tien-cam-tay-b08\/\",\"name\":\"M\\u00c1Y T\\u00cdNH TI\\u1ec0N C\\u1ea6M TAY B08 - iPOS t\\u1ea1i \\u0110\\u00e0 N\\u1eb5ng\",\"isPartOf\":{\"@id\":\"https:\/\/iposdanang.vn\/iposdanang\/#website\"},\"primaryImageOfPage\":{\"@id\":\"http:\/\/iposdanang.vn\/iposdanang\/index.php\/product\/may-tinh-tien-cam-tay-b08\/#primaryimage\"},\"datePublished\":\"2021-01-07T02:41:35+00:00\",\"dateModified\":\"2021-01-07T02:41:35+00:00\",\"inLanguage\":\"vi\",\"potentialAction\":[{\"@type\":\"ReadAction\",\"target\":[\"http:\/\/iposdanang.vn\/iposdanang\/index.php\/product\/may-tinh-tien-cam-tay-b08\/\"]}]}]}<\/script>\n<!-- \/ Yoast SEO Premium plugin. -->","_links":{"self":[{"href":"https:\/\/iposdanang.vn\/iposdanang\/index.php\/wp-json\/wp\/v2\/product\/6249"}],"collection":[{"href":"https:\/\/iposdanang.vn\/iposdanang\/index.php\/wp-json\/wp\/v2\/product"}],"about":[{"href":"https:\/\/iposdanang.vn\/iposdanang\/index.php\/wp-json\/wp\/v2\/types\/product"}],"wp:featuredmedia":[{"embeddable":true,"href":"https:\/\/iposdanang.vn\/iposdanang\/index.php\/wp-json\/wp\/v2\/media\/6250"}],"wp:attachment":[{"href":"https:\/\/iposdanang.vn\/iposdanang\/index.php\/wp-json\/wp\/v2\/media?parent=6249"}],"curies":[{"name":"wp","href":"https:\/\/api.w.org\/{rel}","templated":true}]}}