{"id":6254,"date":"2021-01-07T09:55:07","date_gmt":"2021-01-07T02:55:07","guid":{"rendered":"http:\/\/iposdanang.vn\/iposdanang\/?post_type=product&#038;p=6254"},"modified":"2021-01-07T09:55:08","modified_gmt":"2021-01-07T02:55:08","slug":"may-tinh-tien-iap200","status":"publish","type":"product","link":"https:\/\/iposdanang.vn\/iposdanang\/index.php\/product\/may-tinh-tien-iap200\/","title":{"rendered":"M\u00c1Y T\u00cdNH TI\u1ec0N iAP200"},"content":{"rendered":"<h3><strong>GI\u1edaI THI\u1ec6U M\u00c1Y T\u00cdNH TI\u1ec0N iAP200<\/strong><\/h3>\n<p>M\u00e1y t\u00ednh ti\u1ec1n iAP200 \u0111\u01b0\u1ee3c thi\u1ebft k\u1ebf \u0111\u1eb9p v\u00e0 c\u1ee9ng c\u00e1p, ho\u1ea1t \u0111\u1ed9ng tr\u00ean n\u1ec1n t\u1ea3ng h\u1ec7 \u0111i\u1ec1u h\u00e0nh Android, chuy\u00ean d\u1ee5ng cho nh\u00e0 h\u00e0ng, qu\u00e1n cafe c\u00f3 di\u1ec7n t\u00edch qu\u1ea7y thu ng\u00e2n nh\u1ecf v\u00e0 ti\u1ebft ki\u1ec7m ng\u00e2n s\u00e1ch \u0111\u1ea7u t\u01b0. M\u00e1y \u0111\u01b0\u1ee3c trang b\u1ecb \u0111\u1ea7y \u0111\u1ee7 c\u00e1c k\u1ebft n\u1ed1i nh\u01b0 Wifi, bluetooh, m\u1ea1ng LAN ph\u00f9 h\u1ee3p cho c\u00e1c y\u00eau c\u1ea7u nghi\u1ec7p v\u1ee5 chuy\u00ean nghi\u1ec7p.<\/p>\n<p><strong class=\"desc-text\">TH\u00d4NG S\u1ed0 K\u1ef8 THU\u1eacT<\/strong><\/p>\n<ul>\n<li><strong>K\u00edch th\u01b0\u1edbc:<\/strong>\u00a0251 (Ngang) x 154 (S\u00e2u) x 247 mm(Cao)<\/li>\n<li><strong>CPU:<\/strong>\u00a0Octa-Core ARM Cortex -A53 32bit 1.5Ghz<\/li>\n<li><strong>RAM:<\/strong>\u00a0DDR3 1GB<\/li>\n<li><strong>Storage:\u00a0<\/strong>8GB eMMC<\/li>\n<li><strong>M\u00e0n h\u00ecnh:<\/strong>\u00a010.1\u2033 LCD, 800*1280, True-flat PCAP Touch with multi-touch support<\/li>\n<li><strong>C\u1ed5ng giao ti\u1ebfp:<\/strong>\u00a0USB*4, OTG*1, LPT*1, RJ11*1, RJ12*1, RJ45*1, TF*1, Bluetooth<\/li>\n<li><strong>H\u1ec7 \u0111i\u1ec1u h\u00e0nh:\u00a0<\/strong>Andoid 7.1<\/li>\n<\/ul>\n<p><strong>B\u1ea3o h\u00e0nh 12 th\u00e1ng t\u1ea1i v\u0103n ph\u00f2ng iPOSDANANG.vn<\/strong><\/p>\n<p><strong>Mi\u1ec5n ph\u00ed v\u1eadn chuy\u1ec3n to\u00e0n qu\u1ed1c theo ch\u00ednh s\u00e1ch c\u1ee7a iPOSDANANG.vn<\/strong><\/p>\n<p><strong>Ch\u00ednh s\u00e1ch b\u1ea3o h\u00e0nh:\u00a0<\/strong><a href=\"https:\/\/ipos.vn\/wp-content\/uploads\/2020\/06\/Quy-Dinh-Bao-Hanh-Phan-Cung-update-web-iPOS.pdf\">Ph\u1ea7n c\u1ee9ng<\/a>\u00a0v\u00e0\u00a0<a href=\"https:\/\/ipos.vn\/wp-content\/uploads\/2020\/06\/Quy-Dinh-Bao-Hanh-Phan-Mem-iPOS.pdf\">ph\u1ea7n m\u1ec1m<\/a><\/p>\n","protected":false},"excerpt":{"rendered":"<p><strong class=\"desc-text\">TH\u00d4NG S\u1ed0 K\u1ef8 THU\u1eacT<\/strong><\/p>\n<ul>\n<li><strong>K\u00edch th\u01b0\u1edbc:<\/strong>\u00a0251 (Ngang) x 154 (S\u00e2u) x 247 mm(Cao)<\/li>\n<li><strong>CPU:<\/strong>\u00a0Octa-Core ARM Cortex -A53 32bit 1.5Ghz<\/li>\n<li><strong>RAM:<\/strong>\u00a0DDR3 1GB<\/li>\n<li><strong>Storage:\u00a0<\/strong>8GB eMMC<\/li>\n<li><strong>M\u00e0n h\u00ecnh:<\/strong>\u00a010.1\u2033 LCD, 800*1280, True-flat PCAP Touch with multi-touch support<\/li>\n<li><strong>C\u1ed5ng giao ti\u1ebfp:<\/strong>\u00a0USB*4, OTG*1, LPT*1, RJ11*1, RJ12*1, RJ45*1, TF*1, Bluetooth<\/li>\n<li><strong>H\u1ec7 \u0111i\u1ec1u h\u00e0nh:\u00a0<\/strong>Andoid 7.1<\/li>\n<\/ul>\n<p><strong>B\u1ea3o h\u00e0nh 12 th\u00e1ng t\u1ea1i v\u0103n ph\u00f2ng iPOSDANANG.vn<\/strong><\/p>\n<p><strong>Mi\u1ec5n ph\u00ed v\u1eadn chuy\u1ec3n to\u00e0n qu\u1ed1c theo ch\u00ednh s\u00e1ch c\u1ee7a iPOSDANANG.vn<\/strong><\/p>\n","protected":false},"featured_media":6255,"template":"","meta":{"_monsterinsights_skip_tracking":false,"_monsterinsights_sitenote_active":false,"_monsterinsights_sitenote_note":"","_monsterinsights_sitenote_category":0},"yoast_head":"<!-- This site is optimized with the Yoast SEO Premium plugin v15.0 - https:\/\/yoast.com\/wordpress\/plugins\/seo\/ -->\n<title>M\u00c1Y T\u00cdNH TI\u1ec0N iAP200 - iPOS t\u1ea1i \u0110\u00e0 N\u1eb5ng<\/title>\n<meta name=\"robots\" content=\"index, follow, max-snippet:-1, max-image-preview:large, max-video-preview:-1\" \/>\n<link rel=\"canonical\" href=\"http:\/\/iposdanang.vn\/iposdanang\/index.php\/product\/may-tinh-tien-iap200\/\" \/>\n<meta property=\"og:locale\" content=\"vi_VN\" \/>\n<meta property=\"og:type\" content=\"article\" \/>\n<meta property=\"og:title\" content=\"M\u00c1Y T\u00cdNH TI\u1ec0N iAP200 - iPOS t\u1ea1i \u0110\u00e0 N\u1eb5ng\" \/>\n<meta property=\"og:description\" content=\"TH\u00d4NG S\u1ed0 K\u1ef8 THU\u1eacT   K\u00edch th\u01b0\u1edbc:\u00a0251 (Ngang) x 154 (S\u00e2u) x 247 mm(Cao)  CPU:\u00a0Octa-Core ARM Cortex -A53 32bit 1.5Ghz  RAM:\u00a0DDR3 1GB  Storage:\u00a08GB eMMC  M\u00e0n h\u00ecnh:\u00a010.1\u2033 LCD, 800*1280, True-flat PCAP Touch with multi-touch support  C\u1ed5ng giao ti\u1ebfp:\u00a0USB*4, OTG*1, LPT*1, RJ11*1, RJ12*1, RJ45*1, TF*1, Bluetooth  H\u1ec7 \u0111i\u1ec1u h\u00e0nh:\u00a0Andoid 7.1  B\u1ea3o h\u00e0nh 12 th\u00e1ng t\u1ea1i v\u0103n ph\u00f2ng iPOSDANANG.vn  Mi\u1ec5n ph\u00ed v\u1eadn chuy\u1ec3n to\u00e0n qu\u1ed1c theo ch\u00ednh s\u00e1ch c\u1ee7a iPOSDANANG.vn\" \/>\n<meta property=\"og:url\" content=\"http:\/\/iposdanang.vn\/iposdanang\/index.php\/product\/may-tinh-tien-iap200\/\" \/>\n<meta property=\"og:site_name\" content=\"iPOS t\u1ea1i \u0110\u00e0 N\u1eb5ng\" \/>\n<meta property=\"article:modified_time\" content=\"2021-01-07T02:55:08+00:00\" \/>\n<meta property=\"og:image\" content=\"https:\/\/iposdanang.vn\/iposdanang\/wp-content\/uploads\/2021\/01\/iAP200-4-1-600x600-1.jpg\" \/>\n\t<meta property=\"og:image:width\" content=\"600\" \/>\n\t<meta property=\"og:image:height\" content=\"600\" \/>\n<meta name=\"twitter:card\" content=\"summary_large_image\" \/>\n<script type=\"application\/ld+json\" class=\"yoast-schema-graph\">{\"@context\":\"https:\/\/schema.org\",\"@graph\":[{\"@type\":\"WebSite\",\"@id\":\"https:\/\/iposdanang.vn\/iposdanang\/#website\",\"url\":\"https:\/\/iposdanang.vn\/iposdanang\/\",\"name\":\"iPOS t\\u1ea1i \\u0110\\u00e0 N\\u1eb5ng\",\"description\":\"iPOSDaNang.vn\",\"potentialAction\":[{\"@type\":\"SearchAction\",\"target\":\"https:\/\/iposdanang.vn\/iposdanang\/?s={search_term_string}\",\"query-input\":\"required name=search_term_string\"}],\"inLanguage\":\"vi\"},{\"@type\":\"ImageObject\",\"@id\":\"http:\/\/iposdanang.vn\/iposdanang\/index.php\/product\/may-tinh-tien-iap200\/#primaryimage\",\"inLanguage\":\"vi\",\"url\":\"https:\/\/iposdanang.vn\/iposdanang\/wp-content\/uploads\/2021\/01\/iAP200-4-1-600x600-1.jpg\",\"width\":600,\"height\":600},{\"@type\":\"WebPage\",\"@id\":\"http:\/\/iposdanang.vn\/iposdanang\/index.php\/product\/may-tinh-tien-iap200\/#webpage\",\"url\":\"http:\/\/iposdanang.vn\/iposdanang\/index.php\/product\/may-tinh-tien-iap200\/\",\"name\":\"M\\u00c1Y T\\u00cdNH TI\\u1ec0N iAP200 - iPOS t\\u1ea1i \\u0110\\u00e0 N\\u1eb5ng\",\"isPartOf\":{\"@id\":\"https:\/\/iposdanang.vn\/iposdanang\/#website\"},\"primaryImageOfPage\":{\"@id\":\"http:\/\/iposdanang.vn\/iposdanang\/index.php\/product\/may-tinh-tien-iap200\/#primaryimage\"},\"datePublished\":\"2021-01-07T02:55:07+00:00\",\"dateModified\":\"2021-01-07T02:55:08+00:00\",\"inLanguage\":\"vi\",\"potentialAction\":[{\"@type\":\"ReadAction\",\"target\":[\"http:\/\/iposdanang.vn\/iposdanang\/index.php\/product\/may-tinh-tien-iap200\/\"]}]}]}<\/script>\n<!-- \/ Yoast SEO Premium plugin. -->","_links":{"self":[{"href":"https:\/\/iposdanang.vn\/iposdanang\/index.php\/wp-json\/wp\/v2\/product\/6254"}],"collection":[{"href":"https:\/\/iposdanang.vn\/iposdanang\/index.php\/wp-json\/wp\/v2\/product"}],"about":[{"href":"https:\/\/iposdanang.vn\/iposdanang\/index.php\/wp-json\/wp\/v2\/types\/product"}],"wp:featuredmedia":[{"embeddable":true,"href":"https:\/\/iposdanang.vn\/iposdanang\/index.php\/wp-json\/wp\/v2\/media\/6255"}],"wp:attachment":[{"href":"https:\/\/iposdanang.vn\/iposdanang\/index.php\/wp-json\/wp\/v2\/media?parent=6254"}],"curies":[{"name":"wp","href":"https:\/\/api.w.org\/{rel}","templated":true}]}}