{"id":6264,"date":"2021-01-07T10:18:13","date_gmt":"2021-01-07T03:18:13","guid":{"rendered":"http:\/\/iposdanang.vn\/iposdanang\/?post_type=product&#038;p=6264"},"modified":"2021-01-07T10:18:13","modified_gmt":"2021-01-07T03:18:13","slug":"giay-in-nhiet-k57","status":"publish","type":"product","link":"https:\/\/iposdanang.vn\/iposdanang\/index.php\/product\/giay-in-nhiet-k57\/","title":{"rendered":"GI\u1ea4Y IN NHI\u1ec6T IPOS.VN (K57) (TH\u00d9NG 100 CU\u1ed8N)"},"content":{"rendered":"<p>Gi\u1ea5y in nhi\u1ec7t \u0111\u01b0\u1ee3c s\u1eed d\u1ee5ng \u0111\u1ec3 in h\u00f3a \u0111\u01a1n trong c\u00e1c qu\u00e1n \u0103n u\u1ed1ng, si\u00eau th\u1ecb, shop th\u1eddi trang. Gi\u1ea5y in ch\u1ea5t l\u01b0\u1ee3ng cao b\u1ec1n m\u00e0u, kh\u00f4ng \u0111\u1ed9c h\u1ea1i, \u0111\u1ea3m b\u1ea3o s\u1ee9c kh\u1ecfe ng\u01b0\u1eddi d\u00f9ng, \u0111\u01b0\u1ee3c nhi\u1ec1u th\u01b0\u01a1ng hi\u1ec7u tin d\u00f9ng.<\/p>\n<p>S\u1ea3n ph\u1ea9m gi\u1ea5y in nhi\u1ec7t \u0111\u01b0\u1ee3c \u0111\u00f3ng g\u00f3i ch\u1eafc ch\u1eafn, c\u00f3 \u0111\u00ednh k\u00e8m logo c\u1ee7a iPOSDANANG.vn<\/p>\n","protected":false},"excerpt":{"rendered":"<div class=\"product-short-description\">\n<p><strong class=\"desc-text\">TH\u00d4NG S\u1ed0 K\u1ef8 THU\u1eacT<\/strong><\/p>\n<ul>\n<li>K\u00edch th\u01b0\u1edbc: K57mm, \u0111\u01b0\u1eddng k\u00ednh 38 mm (\u00b1 1mm), l\u00f5i 13mm<\/li>\n<\/ul>\n<ul>\n<li>Ti\u00eau chu\u1ea9n: \u0111\u1ecbnh l\u01b0\u1ee3ng 70gsm, m\u1ef1c \u0111en<\/li>\n<\/ul>\n<ul>\n<li>\u0110\u00f3ng g\u00f3i: 100 cu\u1ed9n\/th\u00f9ng, g\u00f3i gi\u1ea5y b\u1ea1c t\u1eebng cu\u1ed9n, d\u00e1n tem 2 \u0111\u1ea7u th\u01b0\u01a1ng hi\u1ec7u iPOS<\/li>\n<\/ul>\n<p><strong>Mi\u1ec5n ph\u00ed v\u1eadn chuy\u1ec3n to\u00e0n qu\u1ed1c theo ch\u00ednh s\u00e1ch c\u1ee7a iPOSDANANG.vn<\/strong><\/p>\n<\/div>\n<div class=\"sticky-add-to-cart-wrapper\">\n<div class=\"sticky-add-to-cart\">\n<div class=\"quantity buttons_added\"><\/div>\n<\/div>\n<\/div>\n","protected":false},"featured_media":6268,"template":"","meta":{"_monsterinsights_skip_tracking":false,"_monsterinsights_sitenote_active":false,"_monsterinsights_sitenote_note":"","_monsterinsights_sitenote_category":0},"yoast_head":"<!-- This site is optimized with the Yoast SEO Premium plugin v15.0 - https:\/\/yoast.com\/wordpress\/plugins\/seo\/ -->\n<title>GI\u1ea4Y IN NHI\u1ec6T IPOS.VN (K57) (TH\u00d9NG 100 CU\u1ed8N) - iPOS t\u1ea1i \u0110\u00e0 N\u1eb5ng<\/title>\n<meta name=\"robots\" content=\"index, follow, max-snippet:-1, max-image-preview:large, max-video-preview:-1\" \/>\n<link rel=\"canonical\" href=\"http:\/\/iposdanang.vn\/iposdanang\/index.php\/product\/giay-in-nhiet-k57\/\" \/>\n<meta property=\"og:locale\" content=\"vi_VN\" \/>\n<meta property=\"og:type\" content=\"article\" \/>\n<meta property=\"og:title\" content=\"GI\u1ea4Y IN NHI\u1ec6T IPOS.VN (K57) (TH\u00d9NG 100 CU\u1ed8N) - iPOS t\u1ea1i \u0110\u00e0 N\u1eb5ng\" \/>\n<meta property=\"og:description\" content=\"TH\u00d4NG S\u1ed0 K\u1ef8 THU\u1eacT   K\u00edch th\u01b0\u1edbc: K57mm, \u0111\u01b0\u1eddng k\u00ednh 38 mm (\u00b1 1mm), l\u00f5i 13mm    Ti\u00eau chu\u1ea9n: \u0111\u1ecbnh l\u01b0\u1ee3ng 70gsm, m\u1ef1c \u0111en    \u0110\u00f3ng g\u00f3i: 100 cu\u1ed9n\/th\u00f9ng, g\u00f3i gi\u1ea5y b\u1ea1c t\u1eebng cu\u1ed9n, d\u00e1n tem 2 \u0111\u1ea7u th\u01b0\u01a1ng hi\u1ec7u iPOS  Mi\u1ec5n ph\u00ed v\u1eadn chuy\u1ec3n to\u00e0n qu\u1ed1c theo ch\u00ednh s\u00e1ch c\u1ee7a iPOSDANANG.vn\" \/>\n<meta property=\"og:url\" content=\"http:\/\/iposdanang.vn\/iposdanang\/index.php\/product\/giay-in-nhiet-k57\/\" \/>\n<meta property=\"og:site_name\" content=\"iPOS t\u1ea1i \u0110\u00e0 N\u1eb5ng\" \/>\n<meta property=\"og:image\" content=\"https:\/\/iposdanang.vn\/iposdanang\/wp-content\/uploads\/2021\/01\/Giay-K57-2.jpg\" \/>\n\t<meta property=\"og:image:width\" content=\"600\" \/>\n\t<meta property=\"og:image:height\" content=\"600\" \/>\n<meta name=\"twitter:card\" content=\"summary_large_image\" \/>\n<script type=\"application\/ld+json\" class=\"yoast-schema-graph\">{\"@context\":\"https:\/\/schema.org\",\"@graph\":[{\"@type\":\"WebSite\",\"@id\":\"https:\/\/iposdanang.vn\/iposdanang\/#website\",\"url\":\"https:\/\/iposdanang.vn\/iposdanang\/\",\"name\":\"iPOS t\\u1ea1i \\u0110\\u00e0 N\\u1eb5ng\",\"description\":\"iPOSDaNang.vn\",\"potentialAction\":[{\"@type\":\"SearchAction\",\"target\":\"https:\/\/iposdanang.vn\/iposdanang\/?s={search_term_string}\",\"query-input\":\"required name=search_term_string\"}],\"inLanguage\":\"vi\"},{\"@type\":\"ImageObject\",\"@id\":\"http:\/\/iposdanang.vn\/iposdanang\/index.php\/product\/giay-in-nhiet-k57\/#primaryimage\",\"inLanguage\":\"vi\",\"url\":\"https:\/\/iposdanang.vn\/iposdanang\/wp-content\/uploads\/2021\/01\/Giay-K57-2.jpg\",\"width\":600,\"height\":600},{\"@type\":\"WebPage\",\"@id\":\"http:\/\/iposdanang.vn\/iposdanang\/index.php\/product\/giay-in-nhiet-k57\/#webpage\",\"url\":\"http:\/\/iposdanang.vn\/iposdanang\/index.php\/product\/giay-in-nhiet-k57\/\",\"name\":\"GI\\u1ea4Y IN NHI\\u1ec6T IPOS.VN (K57) (TH\\u00d9NG 100 CU\\u1ed8N) - iPOS t\\u1ea1i \\u0110\\u00e0 N\\u1eb5ng\",\"isPartOf\":{\"@id\":\"https:\/\/iposdanang.vn\/iposdanang\/#website\"},\"primaryImageOfPage\":{\"@id\":\"http:\/\/iposdanang.vn\/iposdanang\/index.php\/product\/giay-in-nhiet-k57\/#primaryimage\"},\"datePublished\":\"2021-01-07T03:18:13+00:00\",\"dateModified\":\"2021-01-07T03:18:13+00:00\",\"inLanguage\":\"vi\",\"potentialAction\":[{\"@type\":\"ReadAction\",\"target\":[\"http:\/\/iposdanang.vn\/iposdanang\/index.php\/product\/giay-in-nhiet-k57\/\"]}]}]}<\/script>\n<!-- \/ Yoast SEO Premium plugin. -->","_links":{"self":[{"href":"https:\/\/iposdanang.vn\/iposdanang\/index.php\/wp-json\/wp\/v2\/product\/6264"}],"collection":[{"href":"https:\/\/iposdanang.vn\/iposdanang\/index.php\/wp-json\/wp\/v2\/product"}],"about":[{"href":"https:\/\/iposdanang.vn\/iposdanang\/index.php\/wp-json\/wp\/v2\/types\/product"}],"wp:featuredmedia":[{"embeddable":true,"href":"https:\/\/iposdanang.vn\/iposdanang\/index.php\/wp-json\/wp\/v2\/media\/6268"}],"wp:attachment":[{"href":"https:\/\/iposdanang.vn\/iposdanang\/index.php\/wp-json\/wp\/v2\/media?parent=6264"}],"curies":[{"name":"wp","href":"https:\/\/api.w.org\/{rel}","templated":true}]}}