{"id":6277,"date":"2021-01-07T11:02:00","date_gmt":"2021-01-07T04:02:00","guid":{"rendered":"http:\/\/iposdanang.vn\/iposdanang\/?post_type=product&#038;p=6277"},"modified":"2021-01-07T11:02:01","modified_gmt":"2021-01-07T04:02:01","slug":"giay-in-tem-nhan-30x37mm-loc-5-cuon","status":"publish","type":"product","link":"https:\/\/iposdanang.vn\/iposdanang\/index.php\/product\/giay-in-tem-nhan-30x37mm-loc-5-cuon\/","title":{"rendered":"GI\u1ea4Y IN TEM NH\u00c3N 30x37mm (l\u1ed1c 5 cu\u1ed9n)"},"content":{"rendered":"<p><strong class=\"desc-text\">TH\u00d4NG S\u1ed0 K\u1ef8 THU\u1eacT<\/strong><\/p>\n<ul>\n<li>Nh\u00e3n Decal (Sticker) gi\u1ea5y l\u00e0 lo\u1ea1i Decal \u0111\u01b0\u1ee3c d\u00f9ng<br \/>\nph\u1ed5 bi\u1ebfn r\u1ed7ng r\u00e3i nh\u1ea5t b\u1edfi s\u1ef1 \u0111a d\u1ea1ng, d\u1ec5 s\u1eed d\u1ee5ng v\u00e0<br \/>\nquan tr\u1ecdng nh\u1ea5t l\u00e0 \u0111\u00e1p \u1ee9ng \u0111\u01b0\u1ee3c nhu c\u1ea7u \u0111\u1ea1i \u0111a s\u1ed1<br \/>\nng\u01b0\u1eddi s\u1eed d\u1ee5ng<\/li>\n<li>Decal gi\u1ea5y \u0111\u01b0\u1ee3c s\u1eed d\u1ee5ng r\u1ed9ng r\u00e3i trong vi\u1ec7c d\u00e1n nh\u00e3n<br \/>\nh\u00e0ng h\u00f3a ti\u00eau d\u00f9ng<\/li>\n<li>\u0110\u1ed9 d\u00e0i: 50m<\/li>\n<li>K\u00edch th\u01b0\u1edbc tem: 30*37mm<\/li>\n<li>\n<div>\u0110\u00f3ng g\u00f3i: l\u1ed1c 5 cu\u1ed9n<\/div>\n<\/li>\n<\/ul>\n<p><strong>Mi\u1ec5n ph\u00ed v\u1eadn chuy\u1ec3n to\u00e0n qu\u1ed1c theo ch\u00ednh s\u00e1ch c\u1ee7a iPOSDANANG.vn<\/strong><\/p>\n","protected":false},"excerpt":{"rendered":"<p><strong class=\"desc-text\">TH\u00d4NG S\u1ed0 K\u1ef8 THU\u1eacT<\/strong><\/p>\n<ul>\n<li>Nh\u00e3n Decal (Sticker) gi\u1ea5y l\u00e0 lo\u1ea1i Decal \u0111\u01b0\u1ee3c d\u00f9ng<br \/>\nph\u1ed5 bi\u1ebfn r\u1ed7ng r\u00e3i nh\u1ea5t b\u1edfi s\u1ef1 \u0111a d\u1ea1ng, d\u1ec5 s\u1eed d\u1ee5ng v\u00e0<br \/>\nquan tr\u1ecdng nh\u1ea5t l\u00e0 \u0111\u00e1p \u1ee9ng \u0111\u01b0\u1ee3c nhu c\u1ea7u \u0111\u1ea1i \u0111a s\u1ed1<br \/>\nng\u01b0\u1eddi s\u1eed d\u1ee5ng<\/li>\n<li>Decal gi\u1ea5y \u0111\u01b0\u1ee3c s\u1eed d\u1ee5ng r\u1ed9ng r\u00e3i trong vi\u1ec7c d\u00e1n nh\u00e3n<br \/>\nh\u00e0ng h\u00f3a ti\u00eau d\u00f9ng<\/li>\n<li>\u0110\u1ed9 d\u00e0i: 50m<\/li>\n<li>K\u00edch th\u01b0\u1edbc tem: 30*37mm<\/li>\n<li>\n<div>\u0110\u00f3ng g\u00f3i: l\u1ed1c 5 cu\u1ed9n<\/div>\n<\/li>\n<\/ul>\n<p><strong>Mi\u1ec5n ph\u00ed v\u1eadn chuy\u1ec3n to\u00e0n qu\u1ed1c theo ch\u00ednh s\u00e1ch c\u1ee7a iPOSDANANG.vn<\/strong><\/p>\n","protected":false},"featured_media":6278,"template":"","meta":{"_monsterinsights_skip_tracking":false,"_monsterinsights_sitenote_active":false,"_monsterinsights_sitenote_note":"","_monsterinsights_sitenote_category":0},"yoast_head":"<!-- This site is optimized with the Yoast SEO Premium plugin v15.0 - https:\/\/yoast.com\/wordpress\/plugins\/seo\/ -->\n<title>GI\u1ea4Y IN TEM NH\u00c3N 30x37mm (l\u1ed1c 5 cu\u1ed9n) - iPOS t\u1ea1i \u0110\u00e0 N\u1eb5ng<\/title>\n<meta name=\"robots\" content=\"index, follow, max-snippet:-1, max-image-preview:large, max-video-preview:-1\" \/>\n<link rel=\"canonical\" href=\"http:\/\/iposdanang.vn\/iposdanang\/index.php\/product\/giay-in-tem-nhan-30x37mm-loc-5-cuon\/\" \/>\n<meta property=\"og:locale\" content=\"vi_VN\" \/>\n<meta property=\"og:type\" content=\"article\" \/>\n<meta property=\"og:title\" content=\"GI\u1ea4Y IN TEM NH\u00c3N 30x37mm (l\u1ed1c 5 cu\u1ed9n) - iPOS t\u1ea1i \u0110\u00e0 N\u1eb5ng\" \/>\n<meta property=\"og:description\" content=\"TH\u00d4NG S\u1ed0 K\u1ef8 THU\u1eacT   Nh\u00e3n Decal (Sticker) gi\u1ea5y l\u00e0 lo\u1ea1i Decal \u0111\u01b0\u1ee3c d\u00f9ng ph\u1ed5 bi\u1ebfn r\u1ed7ng r\u00e3i nh\u1ea5t b\u1edfi s\u1ef1 \u0111a d\u1ea1ng, d\u1ec5 s\u1eed d\u1ee5ng v\u00e0 quan tr\u1ecdng nh\u1ea5t l\u00e0 \u0111\u00e1p \u1ee9ng \u0111\u01b0\u1ee3c nhu c\u1ea7u \u0111\u1ea1i \u0111a s\u1ed1 ng\u01b0\u1eddi s\u1eed d\u1ee5ng  Decal gi\u1ea5y \u0111\u01b0\u1ee3c s\u1eed d\u1ee5ng r\u1ed9ng r\u00e3i trong vi\u1ec7c d\u00e1n nh\u00e3n h\u00e0ng h\u00f3a ti\u00eau d\u00f9ng  \u0110\u1ed9 d\u00e0i: 50m  K\u00edch th\u01b0\u1edbc tem: 30*37mm   \u0110\u00f3ng g\u00f3i: l\u1ed1c 5 cu\u1ed9n  Mi\u1ec5n ph\u00ed v\u1eadn chuy\u1ec3n to\u00e0n qu\u1ed1c theo ch\u00ednh s\u00e1ch c\u1ee7a iPOSDANANG.vn\" \/>\n<meta property=\"og:url\" content=\"http:\/\/iposdanang.vn\/iposdanang\/index.php\/product\/giay-in-tem-nhan-30x37mm-loc-5-cuon\/\" \/>\n<meta property=\"og:site_name\" content=\"iPOS t\u1ea1i \u0110\u00e0 N\u1eb5ng\" \/>\n<meta property=\"article:modified_time\" content=\"2021-01-07T04:02:01+00:00\" \/>\n<meta property=\"og:image\" content=\"https:\/\/iposdanang.vn\/iposdanang\/wp-content\/uploads\/2021\/01\/giay-in-tem-30x37-1.jpg\" \/>\n\t<meta property=\"og:image:width\" content=\"600\" \/>\n\t<meta property=\"og:image:height\" content=\"600\" \/>\n<meta name=\"twitter:card\" content=\"summary_large_image\" \/>\n<script type=\"application\/ld+json\" class=\"yoast-schema-graph\">{\"@context\":\"https:\/\/schema.org\",\"@graph\":[{\"@type\":\"WebSite\",\"@id\":\"https:\/\/iposdanang.vn\/iposdanang\/#website\",\"url\":\"https:\/\/iposdanang.vn\/iposdanang\/\",\"name\":\"iPOS t\\u1ea1i \\u0110\\u00e0 N\\u1eb5ng\",\"description\":\"iPOSDaNang.vn\",\"potentialAction\":[{\"@type\":\"SearchAction\",\"target\":\"https:\/\/iposdanang.vn\/iposdanang\/?s={search_term_string}\",\"query-input\":\"required name=search_term_string\"}],\"inLanguage\":\"vi\"},{\"@type\":\"ImageObject\",\"@id\":\"http:\/\/iposdanang.vn\/iposdanang\/index.php\/product\/giay-in-tem-nhan-30x37mm-loc-5-cuon\/#primaryimage\",\"inLanguage\":\"vi\",\"url\":\"https:\/\/iposdanang.vn\/iposdanang\/wp-content\/uploads\/2021\/01\/giay-in-tem-30x37-1.jpg\",\"width\":600,\"height\":600},{\"@type\":\"WebPage\",\"@id\":\"http:\/\/iposdanang.vn\/iposdanang\/index.php\/product\/giay-in-tem-nhan-30x37mm-loc-5-cuon\/#webpage\",\"url\":\"http:\/\/iposdanang.vn\/iposdanang\/index.php\/product\/giay-in-tem-nhan-30x37mm-loc-5-cuon\/\",\"name\":\"GI\\u1ea4Y IN TEM NH\\u00c3N 30x37mm (l\\u1ed1c 5 cu\\u1ed9n) - iPOS t\\u1ea1i \\u0110\\u00e0 N\\u1eb5ng\",\"isPartOf\":{\"@id\":\"https:\/\/iposdanang.vn\/iposdanang\/#website\"},\"primaryImageOfPage\":{\"@id\":\"http:\/\/iposdanang.vn\/iposdanang\/index.php\/product\/giay-in-tem-nhan-30x37mm-loc-5-cuon\/#primaryimage\"},\"datePublished\":\"2021-01-07T04:02:00+00:00\",\"dateModified\":\"2021-01-07T04:02:01+00:00\",\"inLanguage\":\"vi\",\"potentialAction\":[{\"@type\":\"ReadAction\",\"target\":[\"http:\/\/iposdanang.vn\/iposdanang\/index.php\/product\/giay-in-tem-nhan-30x37mm-loc-5-cuon\/\"]}]}]}<\/script>\n<!-- \/ Yoast SEO Premium plugin. -->","_links":{"self":[{"href":"https:\/\/iposdanang.vn\/iposdanang\/index.php\/wp-json\/wp\/v2\/product\/6277"}],"collection":[{"href":"https:\/\/iposdanang.vn\/iposdanang\/index.php\/wp-json\/wp\/v2\/product"}],"about":[{"href":"https:\/\/iposdanang.vn\/iposdanang\/index.php\/wp-json\/wp\/v2\/types\/product"}],"wp:featuredmedia":[{"embeddable":true,"href":"https:\/\/iposdanang.vn\/iposdanang\/index.php\/wp-json\/wp\/v2\/media\/6278"}],"wp:attachment":[{"href":"https:\/\/iposdanang.vn\/iposdanang\/index.php\/wp-json\/wp\/v2\/media?parent=6277"}],"curies":[{"name":"wp","href":"https:\/\/api.w.org\/{rel}","templated":true}]}}