{"id":6288,"date":"2021-01-08T09:05:35","date_gmt":"2021-01-08T02:05:35","guid":{"rendered":"http:\/\/iposdanang.vn\/iposdanang\/?post_type=product&#038;p=6288"},"modified":"2021-01-08T09:05:35","modified_gmt":"2021-01-08T02:05:35","slug":"ket-dung-tien-icd-410a","status":"publish","type":"product","link":"https:\/\/iposdanang.vn\/iposdanang\/index.php\/product\/ket-dung-tien-icd-410a\/","title":{"rendered":"K\u00c9T \u0110\u1ef0NG TI\u1ec0N ICD-410A"},"content":{"rendered":"<p>K\u00e9t \u0111\u1ef1ng ti\u1ec1n ICD-410A \u0111\u01b0\u1ee3c s\u1eed d\u1ee5ng \u1edf c\u00e1c m\u00f4 h\u00ecnh nh\u00e0 h\u00e0ng, cafe v\u00e0 si\u00eau th\u1ecb b\u00e1n l\u1ebb. K\u00e9t s\u1ebd t\u1ef1 \u0111\u1ed9ng b\u1eadt khi c\u00f3 l\u1ec7nh thanh to\u00e1n. An to\u00e0n, nhanh ch\u00f3ng v\u00e0 \u1ed5n \u0111\u1ecbnh.<\/p>\n<p><strong>B\u1ea3o h\u00e0nh 12 th\u00e1ng t\u1ea1i v\u0103n ph\u00f2ng iPOSDANANG.vn<\/strong><\/p>\n","protected":false},"excerpt":{"rendered":"<p><strong class=\"desc-text\">TH\u00d4NG S\u1ed0 K\u1ef8 THU\u1eacT<\/strong><\/p>\n<div class=\"vc_row wpb_row vc_row-fluid\">\n<div class=\"wpb_column vc_column_container vc_col-sm-12\">\n<div class=\"vc_column-inner\">\n<div class=\"wpb_wrapper\">\n<div class=\"wpb_text_column wpb_content_element \">\n<div class=\"wpb_wrapper\">\n<ul>\n<li><strong>K\u00edch th\u01b0\u1edbc:<\/strong>\u00a0410(Ngang) X 420(S\u00e2u) X 100(Cao) ch\u01b0a bao g\u1ed3m ch\u00e2n \u0111\u1ebf<\/li>\n<li><strong>Khay \u0111\u1ef1ng:<\/strong>\u00a05 ng\u0103n ti\u1ec1n gi\u1ea5y + 4 ng\u0103n ti\u1ec1n gi\u1ea5y ki\u1ec3u s\u1ea5p<\/li>\n<li><strong>M\u00e0u s\u1eafc:<\/strong>\u00a0\u0110en tuy\u1ec1n, s\u01a1n t\u0129nh \u0111i\u1ec7n v\u00e0 m\u1ea1 k\u1ebdm<\/li>\n<li><strong>K\u1ebft n\u1ed1i:<\/strong>\u00a012v ho\u1eb7c 24v.<\/li>\n<li><strong>T\u01b0\u01a1ng th\u00edch:<\/strong>\u00a0K\u1ebft n\u1ed1i b\u1ea5t k\u1ef3 h\u1ec7 th\u1ed1ng POS ho\u1eb7c m\u00e1y t\u00ednh ti\u1ec1n hi\u1ec7n c\u00f3 tr\u00ean th\u1ecb tr\u01b0\u1eddng ( CASIO, TOPCASH, PROCASH, ESPON, BIRCH, BIC, PRP 085 \u2026.vv )<\/li>\n<li><strong>\u0110\u1ed9 b\u1ec1n:<\/strong>\u00a0T\u1ed1i thi\u1ec3u 1.000.000 l\u1ea7n \u0111\u00f3ng m\u1edf<\/li>\n<li><strong>Ho\u1ea1t \u0111\u1ed9ng:<\/strong>\u00a0M\u1edf b\u1eb1ng l\u1ec7nh ho\u1eb7c b\u1eb1ng kh\u00f3a c\u01a1<\/li>\n<li><strong>C\u00e2n n\u1eb7ng:<\/strong>\u00a08 kg c\u1ea3 h\u1ed9p<\/li>\n<\/ul>\n<p><strong>B\u1ea3o h\u00e0nh 12 th\u00e1ng t\u1ea1i v\u0103n ph\u00f2ng iPOSDANANG.vn<\/strong><\/p>\n<p><strong>Ch\u00ednh s\u00e1ch b\u1ea3o h\u00e0nh:\u00a0<\/strong><a href=\"https:\/\/ipos.vn\/wp-content\/uploads\/2020\/06\/Quy-Dinh-Bao-Hanh-Phan-Cung-update-web-iPOS.pdf\">Ph\u1ea7n c\u1ee9ng<\/a>\u00a0v\u00e0\u00a0<a href=\"https:\/\/ipos.vn\/wp-content\/uploads\/2020\/06\/Quy-Dinh-Bao-Hanh-Phan-Mem-iPOS.pdf\">ph\u1ea7n m\u1ec1m<\/a><\/p>\n<p><strong>Mi\u1ec5n ph\u00ed v\u1eadn chuy\u1ec3n to\u00e0n qu\u1ed1c theo ch\u00ednh s\u00e1ch c\u1ee7a iPOSDANANG.vn<\/strong><\/p>\n<\/div>\n<\/div>\n<\/div>\n<\/div>\n<\/div>\n<\/div>\n","protected":false},"featured_media":6289,"template":"","meta":{"_monsterinsights_skip_tracking":false,"_monsterinsights_sitenote_active":false,"_monsterinsights_sitenote_note":"","_monsterinsights_sitenote_category":0},"yoast_head":"<!-- This site is optimized with the Yoast SEO Premium plugin v15.0 - https:\/\/yoast.com\/wordpress\/plugins\/seo\/ -->\n<title>K\u00c9T \u0110\u1ef0NG TI\u1ec0N ICD-410A - iPOS t\u1ea1i \u0110\u00e0 N\u1eb5ng<\/title>\n<meta name=\"robots\" content=\"index, follow, max-snippet:-1, max-image-preview:large, max-video-preview:-1\" \/>\n<link rel=\"canonical\" href=\"http:\/\/iposdanang.vn\/iposdanang\/index.php\/product\/ket-dung-tien-icd-410a\/\" \/>\n<meta property=\"og:locale\" content=\"vi_VN\" \/>\n<meta property=\"og:type\" content=\"article\" \/>\n<meta property=\"og:title\" content=\"K\u00c9T \u0110\u1ef0NG TI\u1ec0N ICD-410A - iPOS t\u1ea1i \u0110\u00e0 N\u1eb5ng\" \/>\n<meta property=\"og:description\" content=\"TH\u00d4NG S\u1ed0 K\u1ef8 THU\u1eacT         K\u00edch th\u01b0\u1edbc:\u00a0410(Ngang) X 420(S\u00e2u) X 100(Cao) ch\u01b0a bao g\u1ed3m ch\u00e2n \u0111\u1ebf  Khay \u0111\u1ef1ng:\u00a05 ng\u0103n ti\u1ec1n gi\u1ea5y + 4 ng\u0103n ti\u1ec1n gi\u1ea5y ki\u1ec3u s\u1ea5p  M\u00e0u s\u1eafc:\u00a0\u0110en tuy\u1ec1n, s\u01a1n t\u0129nh \u0111i\u1ec7n v\u00e0 m\u1ea1 k\u1ebdm  K\u1ebft n\u1ed1i:\u00a012v ho\u1eb7c 24v.  T\u01b0\u01a1ng th\u00edch:\u00a0K\u1ebft n\u1ed1i b\u1ea5t k\u1ef3 h\u1ec7 th\u1ed1ng POS ho\u1eb7c m\u00e1y t\u00ednh ti\u1ec1n hi\u1ec7n c\u00f3 tr\u00ean th\u1ecb tr\u01b0\u1eddng ( CASIO, TOPCASH, PROCASH, ESPON, BIRCH, BIC, PRP 085 \u2026.vv )  \u0110\u1ed9 b\u1ec1n:\u00a0T\u1ed1i thi\u1ec3u 1.000.000 l\u1ea7n \u0111\u00f3ng m\u1edf  Ho\u1ea1t \u0111\u1ed9ng:\u00a0M\u1edf b\u1eb1ng l\u1ec7nh ho\u1eb7c b\u1eb1ng kh\u00f3a c\u01a1  C\u00e2n n\u1eb7ng:\u00a08 kg c\u1ea3 h\u1ed9p  B\u1ea3o h\u00e0nh 12 th\u00e1ng t\u1ea1i v\u0103n ph\u00f2ng iPOSDANANG.vn  Ch\u00ednh s\u00e1ch b\u1ea3o h\u00e0nh:\u00a0Ph\u1ea7n c\u1ee9ng\u00a0v\u00e0\u00a0ph\u1ea7n m\u1ec1m  Mi\u1ec5n ph\u00ed v\u1eadn chuy\u1ec3n to\u00e0n qu\u1ed1c theo ch\u00ednh s\u00e1ch c\u1ee7a iPOSDANANG.vn\" \/>\n<meta property=\"og:url\" content=\"http:\/\/iposdanang.vn\/iposdanang\/index.php\/product\/ket-dung-tien-icd-410a\/\" \/>\n<meta property=\"og:site_name\" content=\"iPOS t\u1ea1i \u0110\u00e0 N\u1eb5ng\" \/>\n<meta property=\"og:image\" content=\"https:\/\/iposdanang.vn\/iposdanang\/wp-content\/uploads\/2021\/01\/ICD410A-1-600x600-1.png\" \/>\n\t<meta property=\"og:image:width\" content=\"600\" \/>\n\t<meta property=\"og:image:height\" content=\"600\" \/>\n<meta name=\"twitter:card\" content=\"summary_large_image\" \/>\n<script type=\"application\/ld+json\" class=\"yoast-schema-graph\">{\"@context\":\"https:\/\/schema.org\",\"@graph\":[{\"@type\":\"WebSite\",\"@id\":\"https:\/\/iposdanang.vn\/iposdanang\/#website\",\"url\":\"https:\/\/iposdanang.vn\/iposdanang\/\",\"name\":\"iPOS t\\u1ea1i \\u0110\\u00e0 N\\u1eb5ng\",\"description\":\"iPOSDaNang.vn\",\"potentialAction\":[{\"@type\":\"SearchAction\",\"target\":\"https:\/\/iposdanang.vn\/iposdanang\/?s={search_term_string}\",\"query-input\":\"required name=search_term_string\"}],\"inLanguage\":\"vi\"},{\"@type\":\"ImageObject\",\"@id\":\"http:\/\/iposdanang.vn\/iposdanang\/index.php\/product\/ket-dung-tien-icd-410a\/#primaryimage\",\"inLanguage\":\"vi\",\"url\":\"https:\/\/iposdanang.vn\/iposdanang\/wp-content\/uploads\/2021\/01\/ICD410A-1-600x600-1.png\",\"width\":600,\"height\":600},{\"@type\":\"WebPage\",\"@id\":\"http:\/\/iposdanang.vn\/iposdanang\/index.php\/product\/ket-dung-tien-icd-410a\/#webpage\",\"url\":\"http:\/\/iposdanang.vn\/iposdanang\/index.php\/product\/ket-dung-tien-icd-410a\/\",\"name\":\"K\\u00c9T \\u0110\\u1ef0NG TI\\u1ec0N ICD-410A - iPOS t\\u1ea1i \\u0110\\u00e0 N\\u1eb5ng\",\"isPartOf\":{\"@id\":\"https:\/\/iposdanang.vn\/iposdanang\/#website\"},\"primaryImageOfPage\":{\"@id\":\"http:\/\/iposdanang.vn\/iposdanang\/index.php\/product\/ket-dung-tien-icd-410a\/#primaryimage\"},\"datePublished\":\"2021-01-08T02:05:35+00:00\",\"dateModified\":\"2021-01-08T02:05:35+00:00\",\"inLanguage\":\"vi\",\"potentialAction\":[{\"@type\":\"ReadAction\",\"target\":[\"http:\/\/iposdanang.vn\/iposdanang\/index.php\/product\/ket-dung-tien-icd-410a\/\"]}]}]}<\/script>\n<!-- \/ Yoast SEO Premium plugin. -->","_links":{"self":[{"href":"https:\/\/iposdanang.vn\/iposdanang\/index.php\/wp-json\/wp\/v2\/product\/6288"}],"collection":[{"href":"https:\/\/iposdanang.vn\/iposdanang\/index.php\/wp-json\/wp\/v2\/product"}],"about":[{"href":"https:\/\/iposdanang.vn\/iposdanang\/index.php\/wp-json\/wp\/v2\/types\/product"}],"wp:featuredmedia":[{"embeddable":true,"href":"https:\/\/iposdanang.vn\/iposdanang\/index.php\/wp-json\/wp\/v2\/media\/6289"}],"wp:attachment":[{"href":"https:\/\/iposdanang.vn\/iposdanang\/index.php\/wp-json\/wp\/v2\/media?parent=6288"}],"curies":[{"name":"wp","href":"https:\/\/api.w.org\/{rel}","templated":true}]}}