{"id":6293,"date":"2021-01-08T11:11:06","date_gmt":"2021-01-08T04:11:06","guid":{"rendered":"http:\/\/iposdanang.vn\/iposdanang\/?post_type=product&#038;p=6293"},"modified":"2021-01-14T13:19:54","modified_gmt":"2021-01-14T06:19:54","slug":"may-doc-ma-vach-2d-as6100","status":"publish","type":"product","link":"https:\/\/iposdanang.vn\/iposdanang\/index.php\/product\/may-doc-ma-vach-2d-as6100\/","title":{"rendered":"M\u00c1Y \u0110\u1eccC M\u00c3 V\u1ea0CH 2D AS6100"},"content":{"rendered":"<h3><strong>GI\u1edaI THI\u1ec6U M\u00c1Y \u0110\u1eccC M\u00c3 V\u1ea0CH 2D AS6100<\/strong><\/h3>\n<p>M\u00c1Y \u0110\u1eccC M\u00c3 V\u1ea0CH 2D AS6100 l\u00e0 d\u00f2ng s\u1ea3n ph\u1ea9m \u0111\u01b0\u1ee3c iPOS.vn tr\u1ef1c ti\u1ebfp ph\u00e1t tri\u1ec3n, ch\u1ee9c n\u0103ng qu\u00e9t hi\u1ec7u su\u1ea5t cao v\u1edbi m\u1ee9c gi\u00e1 v\u1eeba ph\u1ea3i. M\u00e1y \u0111\u1ecdc m\u00e3 v\u1ea1ch 2D theo c\u00f4ng ngh\u1ec7 \u0111\u1ecdc \u0111a h\u01b0\u1edbng \u2013 thay th\u1ebf cho d\u00f2ng m\u00e1y laser c\u0169.<\/p>\n<p>AS6100 \u0111\u1ecdc \u0111\u01b0\u1ee3c c\u00e1c lo\u1ea1i m\u00e3 v\u1ea1ch 2D ph\u1ed5 bi\u1ebfn nh\u1ea5t tr\u00ean c\u1ea3 nh\u00e3n gi\u1ea5y v\u00e0 m\u00e0n h\u00ecnh \u0111i\u1ec7n tho\u1ea1i \u2013 m\u00e1y t\u00ednh.<\/p>\n<h3><strong>B\u1ea3o h\u00e0nh 12 th\u00e1ng t\u1ea1i v\u0103n ph\u00f2ng iPOSDANANG.vn<\/strong><\/h3>\n","protected":false},"excerpt":{"rendered":"<p><strong class=\"desc-text\">TH\u00d4NG S\u1ed0 K\u1ef8 THU\u1eacT<\/strong><\/p>\n<ul>\n<li><strong>K\u00edch th\u01b0\u1edbc:\u00a0<\/strong>150 (Ngang) x 170 (S\u00e2u) x 240 (Cao)<\/li>\n<li><strong>\u0110\u1ed9 ph\u00e2n gi\u1ea3i:<\/strong>\u00a0640 \u00d7 480<\/li>\n<li>Tia Green\u00a0\u0111\u1ecbnh h\u01b0\u1edbng m\u00e3 v\u1ea1ch<\/li>\n<li>Ch\u1ebf \u0111\u1ed9\u00a0\u0111\u1ecdc t\u1ef1 \u0111\u1ed9ng ho\u1eb7c nh\u1ea5n n\u00fat<\/li>\n<li>C\u00f3 s\u1eb5n\u00a0ch\u00e2n \u0111\u1ebf \u0111i k\u00e8m<\/li>\n<li>\u0110\u1ecdc \u0111\u01b0\u1ee3c\u00a0tr\u00ean m\u00e0n h\u00ecnh LCD \u0111i\u1ec7n tho\u1ea1i, m\u00e1y t\u00ednh<\/li>\n<li><strong>K\u1ebft n\u1ed1i:\u00a0<\/strong>USB\/RS-232\/KB<\/li>\n<li>Thi\u1ebft k\u1ebf\u00a0ch\u1eafc ch\u1eafn v\u1edbi ti\u00eau chu\u1ea9n IP52, ch\u1ecbu r\u01a1i 30 l\u1ea7n \u1edf \u0111\u1ed9 cao 2m<\/li>\n<\/ul>\n<p><strong>B\u1ea3o h\u00e0nh 12 th\u00e1ng t\u1ea1i v\u0103n ph\u00f2ng iPOSDANANG.vn<\/strong><\/p>\n<p><strong>Ch\u00ednh s\u00e1ch b\u1ea3o h\u00e0nh:\u00a0<\/strong><a href=\"https:\/\/ipos.vn\/wp-content\/uploads\/2020\/06\/Quy-Dinh-Bao-Hanh-Phan-Cung-update-web-iPOS.pdf\">Ph\u1ea7n c\u1ee9ng<\/a>\u00a0v\u00e0\u00a0<a href=\"https:\/\/ipos.vn\/wp-content\/uploads\/2020\/06\/Quy-Dinh-Bao-Hanh-Phan-Mem-iPOS.pdf\">ph\u1ea7n m\u1ec1m<\/a><\/p>\n<p><strong>Mi\u1ec5n ph\u00ed v\u1eadn chuy\u1ec3n to\u00e0n qu\u1ed1c theo ch\u00ednh s\u00e1ch c\u1ee7a iPOSDANANG.vn<\/strong><\/p>\n","protected":false},"featured_media":6361,"template":"","meta":{"_monsterinsights_skip_tracking":false,"_monsterinsights_sitenote_active":false,"_monsterinsights_sitenote_note":"","_monsterinsights_sitenote_category":0},"yoast_head":"<!-- This site is optimized with the Yoast SEO Premium plugin v15.0 - https:\/\/yoast.com\/wordpress\/plugins\/seo\/ -->\n<title>M\u00c1Y \u0110\u1eccC M\u00c3 V\u1ea0CH 2D AS6100 - iPOS t\u1ea1i \u0110\u00e0 N\u1eb5ng<\/title>\n<meta name=\"robots\" content=\"index, follow, max-snippet:-1, max-image-preview:large, max-video-preview:-1\" \/>\n<link rel=\"canonical\" href=\"http:\/\/iposdanang.vn\/iposdanang\/index.php\/product\/may-doc-ma-vach-2d-as6100\/\" \/>\n<meta property=\"og:locale\" content=\"vi_VN\" \/>\n<meta property=\"og:type\" content=\"article\" \/>\n<meta property=\"og:title\" content=\"M\u00c1Y \u0110\u1eccC M\u00c3 V\u1ea0CH 2D AS6100 - iPOS t\u1ea1i \u0110\u00e0 N\u1eb5ng\" \/>\n<meta property=\"og:description\" content=\"TH\u00d4NG S\u1ed0 K\u1ef8 THU\u1eacT   K\u00edch th\u01b0\u1edbc:\u00a0150 (Ngang) x 170 (S\u00e2u) x 240 (Cao)  \u0110\u1ed9 ph\u00e2n gi\u1ea3i:\u00a0640 \u00d7 480  Tia Green\u00a0\u0111\u1ecbnh h\u01b0\u1edbng m\u00e3 v\u1ea1ch  Ch\u1ebf \u0111\u1ed9\u00a0\u0111\u1ecdc t\u1ef1 \u0111\u1ed9ng ho\u1eb7c nh\u1ea5n n\u00fat  C\u00f3 s\u1eb5n\u00a0ch\u00e2n \u0111\u1ebf \u0111i k\u00e8m  \u0110\u1ecdc \u0111\u01b0\u1ee3c\u00a0tr\u00ean m\u00e0n h\u00ecnh LCD \u0111i\u1ec7n tho\u1ea1i, m\u00e1y t\u00ednh  K\u1ebft n\u1ed1i:\u00a0USB\/RS-232\/KB  Thi\u1ebft k\u1ebf\u00a0ch\u1eafc ch\u1eafn v\u1edbi ti\u00eau chu\u1ea9n IP52, ch\u1ecbu r\u01a1i 30 l\u1ea7n \u1edf \u0111\u1ed9 cao 2m  B\u1ea3o h\u00e0nh 12 th\u00e1ng t\u1ea1i v\u0103n ph\u00f2ng iPOSDANANG.vn  Ch\u00ednh s\u00e1ch b\u1ea3o h\u00e0nh:\u00a0Ph\u1ea7n c\u1ee9ng\u00a0v\u00e0\u00a0ph\u1ea7n m\u1ec1m  Mi\u1ec5n ph\u00ed v\u1eadn chuy\u1ec3n to\u00e0n qu\u1ed1c theo ch\u00ednh s\u00e1ch c\u1ee7a iPOSDANANG.vn\" \/>\n<meta property=\"og:url\" content=\"http:\/\/iposdanang.vn\/iposdanang\/index.php\/product\/may-doc-ma-vach-2d-as6100\/\" \/>\n<meta property=\"og:site_name\" content=\"iPOS t\u1ea1i \u0110\u00e0 N\u1eb5ng\" \/>\n<meta property=\"article:modified_time\" content=\"2021-01-14T06:19:54+00:00\" \/>\n<meta property=\"og:image\" content=\"https:\/\/iposdanang.vn\/iposdanang\/wp-content\/uploads\/2021\/01\/1-1.png\" \/>\n\t<meta property=\"og:image:width\" content=\"600\" \/>\n\t<meta property=\"og:image:height\" content=\"600\" \/>\n<meta name=\"twitter:card\" content=\"summary_large_image\" \/>\n<script type=\"application\/ld+json\" class=\"yoast-schema-graph\">{\"@context\":\"https:\/\/schema.org\",\"@graph\":[{\"@type\":\"WebSite\",\"@id\":\"https:\/\/iposdanang.vn\/iposdanang\/#website\",\"url\":\"https:\/\/iposdanang.vn\/iposdanang\/\",\"name\":\"iPOS t\\u1ea1i \\u0110\\u00e0 N\\u1eb5ng\",\"description\":\"iPOSDaNang.vn\",\"potentialAction\":[{\"@type\":\"SearchAction\",\"target\":\"https:\/\/iposdanang.vn\/iposdanang\/?s={search_term_string}\",\"query-input\":\"required name=search_term_string\"}],\"inLanguage\":\"vi\"},{\"@type\":\"ImageObject\",\"@id\":\"http:\/\/iposdanang.vn\/iposdanang\/index.php\/product\/may-doc-ma-vach-2d-as6100\/#primaryimage\",\"inLanguage\":\"vi\",\"url\":\"https:\/\/iposdanang.vn\/iposdanang\/wp-content\/uploads\/2021\/01\/1-1.png\",\"width\":600,\"height\":600},{\"@type\":\"WebPage\",\"@id\":\"http:\/\/iposdanang.vn\/iposdanang\/index.php\/product\/may-doc-ma-vach-2d-as6100\/#webpage\",\"url\":\"http:\/\/iposdanang.vn\/iposdanang\/index.php\/product\/may-doc-ma-vach-2d-as6100\/\",\"name\":\"M\\u00c1Y \\u0110\\u1eccC M\\u00c3 V\\u1ea0CH 2D AS6100 - iPOS t\\u1ea1i \\u0110\\u00e0 N\\u1eb5ng\",\"isPartOf\":{\"@id\":\"https:\/\/iposdanang.vn\/iposdanang\/#website\"},\"primaryImageOfPage\":{\"@id\":\"http:\/\/iposdanang.vn\/iposdanang\/index.php\/product\/may-doc-ma-vach-2d-as6100\/#primaryimage\"},\"datePublished\":\"2021-01-08T04:11:06+00:00\",\"dateModified\":\"2021-01-14T06:19:54+00:00\",\"inLanguage\":\"vi\",\"potentialAction\":[{\"@type\":\"ReadAction\",\"target\":[\"http:\/\/iposdanang.vn\/iposdanang\/index.php\/product\/may-doc-ma-vach-2d-as6100\/\"]}]}]}<\/script>\n<!-- \/ Yoast SEO Premium plugin. -->","_links":{"self":[{"href":"https:\/\/iposdanang.vn\/iposdanang\/index.php\/wp-json\/wp\/v2\/product\/6293"}],"collection":[{"href":"https:\/\/iposdanang.vn\/iposdanang\/index.php\/wp-json\/wp\/v2\/product"}],"about":[{"href":"https:\/\/iposdanang.vn\/iposdanang\/index.php\/wp-json\/wp\/v2\/types\/product"}],"wp:featuredmedia":[{"embeddable":true,"href":"https:\/\/iposdanang.vn\/iposdanang\/index.php\/wp-json\/wp\/v2\/media\/6361"}],"wp:attachment":[{"href":"https:\/\/iposdanang.vn\/iposdanang\/index.php\/wp-json\/wp\/v2\/media?parent=6293"}],"curies":[{"name":"wp","href":"https:\/\/api.w.org\/{rel}","templated":true}]}}