{"id":6302,"date":"2021-01-08T11:32:10","date_gmt":"2021-01-08T04:32:10","guid":{"rendered":"http:\/\/iposdanang.vn\/iposdanang\/?post_type=product&#038;p=6302"},"modified":"2021-01-14T13:29:09","modified_gmt":"2021-01-14T06:29:09","slug":"may-doc-ma-vach-ipos-isc-882d","status":"publish","type":"product","link":"https:\/\/iposdanang.vn\/iposdanang\/index.php\/product\/may-doc-ma-vach-ipos-isc-882d\/","title":{"rendered":"M\u00c1Y \u0110\u1eccC M\u00c3 V\u1ea0CH IPOS ISC-882D"},"content":{"rendered":"<h3><strong>GI\u1edaI THI\u1ec6U M\u00c1Y \u0110\u1eccC M\u00c3 V\u1ea0CH IPOS ISC-882D<\/strong><\/h3>\n<p>M\u00e1y \u0111\u1ecdc m\u00e3 v\u1ea1ch IPOS ISC-882D l\u00e0 d\u00f2ng s\u1ea3n ph\u1ea9m \u0111\u01b0\u1ee3c iPOS.vn tr\u1ef1c ti\u1ebfp ph\u00e1t tri\u1ec3n, ch\u1ee9c n\u0103ng qu\u00e9t hi\u1ec7u su\u1ea5t cao v\u1edbi m\u1ee9c gi\u00e1 v\u1eeba ph\u1ea3i.<\/p>\n<p><strong> <img loading=\"lazy\" class=\"alignnone size-medium wp-image-6366\" src=\"http:\/\/iposdanang.vn\/iposdanang\/wp-content\/uploads\/2021\/01\/ISC2-600x600-2-300x300.png\" alt=\"\" width=\"300\" height=\"300\" srcset=\"https:\/\/iposdanang.vn\/iposdanang\/wp-content\/uploads\/2021\/01\/ISC2-600x600-2-300x300.png 300w, https:\/\/iposdanang.vn\/iposdanang\/wp-content\/uploads\/2021\/01\/ISC2-600x600-2-150x150.png 150w, https:\/\/iposdanang.vn\/iposdanang\/wp-content\/uploads\/2021\/01\/ISC2-600x600-2-80x80.png 80w, https:\/\/iposdanang.vn\/iposdanang\/wp-content\/uploads\/2021\/01\/ISC2-600x600-2-70x70.png 70w, https:\/\/iposdanang.vn\/iposdanang\/wp-content\/uploads\/2021\/01\/ISC2-600x600-2-100x100.png 100w, https:\/\/iposdanang.vn\/iposdanang\/wp-content\/uploads\/2021\/01\/ISC2-600x600-2-480x480.png 480w, https:\/\/iposdanang.vn\/iposdanang\/wp-content\/uploads\/2021\/01\/ISC2-600x600-2-75x75.png 75w, https:\/\/iposdanang.vn\/iposdanang\/wp-content\/uploads\/2021\/01\/ISC2-600x600-2.png 600w\" sizes=\"(max-width: 300px) 100vw, 300px\" \/> <img loading=\"lazy\" class=\"alignnone size-medium wp-image-6365\" src=\"http:\/\/iposdanang.vn\/iposdanang\/wp-content\/uploads\/2021\/01\/ISC1-600x600-2-300x300.png\" alt=\"\" width=\"300\" height=\"300\" srcset=\"https:\/\/iposdanang.vn\/iposdanang\/wp-content\/uploads\/2021\/01\/ISC1-600x600-2-300x300.png 300w, https:\/\/iposdanang.vn\/iposdanang\/wp-content\/uploads\/2021\/01\/ISC1-600x600-2-150x150.png 150w, https:\/\/iposdanang.vn\/iposdanang\/wp-content\/uploads\/2021\/01\/ISC1-600x600-2-80x80.png 80w, https:\/\/iposdanang.vn\/iposdanang\/wp-content\/uploads\/2021\/01\/ISC1-600x600-2-70x70.png 70w, https:\/\/iposdanang.vn\/iposdanang\/wp-content\/uploads\/2021\/01\/ISC1-600x600-2-100x100.png 100w, https:\/\/iposdanang.vn\/iposdanang\/wp-content\/uploads\/2021\/01\/ISC1-600x600-2-480x480.png 480w, https:\/\/iposdanang.vn\/iposdanang\/wp-content\/uploads\/2021\/01\/ISC1-600x600-2-75x75.png 75w, https:\/\/iposdanang.vn\/iposdanang\/wp-content\/uploads\/2021\/01\/ISC1-600x600-2.png 600w\" sizes=\"(max-width: 300px) 100vw, 300px\" \/>\u00a0<\/strong><\/p>\n<p>T\u1eeb trong c\u1eeda h\u00e0ng \u0111\u1ebfn ki\u1ec3m tra h\u00e0ng h\u00f3a trong kho v\u1eadn, m\u00e1y \u0111\u1ecdc m\u00e3 v\u1ea1ch IPOS ISC-882D cung c\u1ea5p ch\u1ee9c n\u0103ng qu\u00e9t nhanh, \u0111\u00e1ng tin c\u1eady, b\u1ec1n b\u1ec9, mang l\u1ea1i hi\u1ec7u su\u1ea5t cao v\u00e0 hi\u1ec7u qu\u1ea3 trong vi\u1ec7c gi\u1ea3m thi\u1ec3u chi ph\u00ed cho ng\u01b0\u1eddi s\u1eed d\u1ee5ng. Ngo\u00e0i ra, m\u00e1y c\u00f3 th\u1ec3 d\u00f9ng kh\u00f4ng d\u00e2y kh\u00e1 linh ho\u1ea1t.<\/p>\n<p><img loading=\"lazy\" class=\"alignnone size-medium wp-image-6369\" src=\"http:\/\/iposdanang.vn\/iposdanang\/wp-content\/uploads\/2021\/01\/ISC5-600x600-2-300x300.png\" alt=\"\" width=\"300\" height=\"300\" srcset=\"https:\/\/iposdanang.vn\/iposdanang\/wp-content\/uploads\/2021\/01\/ISC5-600x600-2-300x300.png 300w, https:\/\/iposdanang.vn\/iposdanang\/wp-content\/uploads\/2021\/01\/ISC5-600x600-2-150x150.png 150w, https:\/\/iposdanang.vn\/iposdanang\/wp-content\/uploads\/2021\/01\/ISC5-600x600-2-80x80.png 80w, https:\/\/iposdanang.vn\/iposdanang\/wp-content\/uploads\/2021\/01\/ISC5-600x600-2-70x70.png 70w, https:\/\/iposdanang.vn\/iposdanang\/wp-content\/uploads\/2021\/01\/ISC5-600x600-2-100x100.png 100w, https:\/\/iposdanang.vn\/iposdanang\/wp-content\/uploads\/2021\/01\/ISC5-600x600-2-480x480.png 480w, https:\/\/iposdanang.vn\/iposdanang\/wp-content\/uploads\/2021\/01\/ISC5-600x600-2-75x75.png 75w, https:\/\/iposdanang.vn\/iposdanang\/wp-content\/uploads\/2021\/01\/ISC5-600x600-2.png 600w\" sizes=\"(max-width: 300px) 100vw, 300px\" \/> <img loading=\"lazy\" class=\"alignnone size-medium wp-image-6365\" src=\"http:\/\/iposdanang.vn\/iposdanang\/wp-content\/uploads\/2021\/01\/ISC1-600x600-2-300x300.png\" alt=\"\" width=\"300\" height=\"300\" srcset=\"https:\/\/iposdanang.vn\/iposdanang\/wp-content\/uploads\/2021\/01\/ISC1-600x600-2-300x300.png 300w, https:\/\/iposdanang.vn\/iposdanang\/wp-content\/uploads\/2021\/01\/ISC1-600x600-2-150x150.png 150w, https:\/\/iposdanang.vn\/iposdanang\/wp-content\/uploads\/2021\/01\/ISC1-600x600-2-80x80.png 80w, https:\/\/iposdanang.vn\/iposdanang\/wp-content\/uploads\/2021\/01\/ISC1-600x600-2-70x70.png 70w, https:\/\/iposdanang.vn\/iposdanang\/wp-content\/uploads\/2021\/01\/ISC1-600x600-2-100x100.png 100w, https:\/\/iposdanang.vn\/iposdanang\/wp-content\/uploads\/2021\/01\/ISC1-600x600-2-480x480.png 480w, https:\/\/iposdanang.vn\/iposdanang\/wp-content\/uploads\/2021\/01\/ISC1-600x600-2-75x75.png 75w, https:\/\/iposdanang.vn\/iposdanang\/wp-content\/uploads\/2021\/01\/ISC1-600x600-2.png 600w\" sizes=\"(max-width: 300px) 100vw, 300px\" \/><\/p>\n<h3><strong>B\u1ea3o h\u00e0nh 12 th\u00e1ng t\u1ea1i v\u0103n ph\u00f2ng iPOSDANANG.vn<\/strong><\/h3>\n","protected":false},"excerpt":{"rendered":"<p><strong class=\"desc-text\">TH\u00d4NG S\u1ed0 K\u1ef8 THU\u1eacT<\/strong><\/p>\n<ul>\n<li><strong>Kh\u1ea3 n\u0103ng \u0111\u1ecdc:<\/strong>\u00a01D, 2D, PDF417,\u2026<\/li>\n<li><strong>Ch\u1ebf \u0111\u1ed9 \u0111\u1ecdc:<\/strong>\u00a0Nh\u1ea5n n\u00fat ho\u1eb7c t\u1ef1 \u0111\u1ed9ng c\u1ea3m bi\u1ebfn<\/li>\n<li><strong>Chu\u1ea9n giao ti\u1ebfp:<\/strong>\u00a0USB(HID-KBW, VCOM), RS232<\/li>\n<li><strong>K\u1ebft n\u1ed1i:<\/strong>\u00a0d\u00e2y ho\u1eb7c Bluetooth<\/li>\n<li><strong>\u0110\u1ed9 b\u1ec1n:<\/strong>\u00a0Chu\u1ea9n C\u00f4ng nghi\u1ec7p IP54, h\u1ea1n ch\u1ebf b\u1ee5i, n\u01b0\u1edbc ho\u1ea1t \u0111\u1ed9ng t\u1ed1t \u1edf m\u00f4i tr\u01b0\u1eddng kh\u1eafc nghi\u1ec7t, \u0111\u1ed9 \u1ea9m, b\u1ee5i cao<\/li>\n<\/ul>\n<p><strong>B\u1ea3o h\u00e0nh 12 th\u00e1ng t\u1ea1i v\u0103n ph\u00f2ng iPOSDANANG.vn<\/strong><\/p>\n<p><strong>Ch\u00ednh s\u00e1ch b\u1ea3o h\u00e0nh:\u00a0<\/strong><a href=\"https:\/\/ipos.vn\/wp-content\/uploads\/2020\/06\/Quy-Dinh-Bao-Hanh-Phan-Cung-update-web-iPOS.pdf\">Ph\u1ea7n c\u1ee9ng<\/a>\u00a0v\u00e0\u00a0<a href=\"https:\/\/ipos.vn\/wp-content\/uploads\/2020\/06\/Quy-Dinh-Bao-Hanh-Phan-Mem-iPOS.pdf\">ph\u1ea7n m\u1ec1m<\/a><\/p>\n<p><strong>Mi\u1ec5n ph\u00ed v\u1eadn chuy\u1ec3n to\u00e0n qu\u1ed1c theo ch\u00ednh s\u00e1ch c\u1ee7a iPOSDANANG.vn<\/strong><\/p>\n","protected":false},"featured_media":6365,"template":"","meta":{"_monsterinsights_skip_tracking":false,"_monsterinsights_sitenote_active":false,"_monsterinsights_sitenote_note":"","_monsterinsights_sitenote_category":0},"yoast_head":"<!-- This site is optimized with the Yoast SEO Premium plugin v15.0 - https:\/\/yoast.com\/wordpress\/plugins\/seo\/ -->\n<title>M\u00c1Y \u0110\u1eccC M\u00c3 V\u1ea0CH IPOS ISC-882D - iPOS t\u1ea1i \u0110\u00e0 N\u1eb5ng<\/title>\n<meta name=\"robots\" content=\"index, follow, max-snippet:-1, max-image-preview:large, max-video-preview:-1\" \/>\n<link rel=\"canonical\" href=\"http:\/\/iposdanang.vn\/iposdanang\/index.php\/product\/may-doc-ma-vach-ipos-isc-882d\/\" \/>\n<meta property=\"og:locale\" content=\"vi_VN\" \/>\n<meta property=\"og:type\" content=\"article\" \/>\n<meta property=\"og:title\" content=\"M\u00c1Y \u0110\u1eccC M\u00c3 V\u1ea0CH IPOS ISC-882D - iPOS t\u1ea1i \u0110\u00e0 N\u1eb5ng\" \/>\n<meta property=\"og:description\" content=\"TH\u00d4NG S\u1ed0 K\u1ef8 THU\u1eacT   Kh\u1ea3 n\u0103ng \u0111\u1ecdc:\u00a01D, 2D, PDF417,\u2026  Ch\u1ebf \u0111\u1ed9 \u0111\u1ecdc:\u00a0Nh\u1ea5n n\u00fat ho\u1eb7c t\u1ef1 \u0111\u1ed9ng c\u1ea3m bi\u1ebfn  Chu\u1ea9n giao ti\u1ebfp:\u00a0USB(HID-KBW, VCOM), RS232  K\u1ebft n\u1ed1i:\u00a0d\u00e2y ho\u1eb7c Bluetooth  \u0110\u1ed9 b\u1ec1n:\u00a0Chu\u1ea9n C\u00f4ng nghi\u1ec7p IP54, h\u1ea1n ch\u1ebf b\u1ee5i, n\u01b0\u1edbc ho\u1ea1t \u0111\u1ed9ng t\u1ed1t \u1edf m\u00f4i tr\u01b0\u1eddng kh\u1eafc nghi\u1ec7t, \u0111\u1ed9 \u1ea9m, b\u1ee5i cao  B\u1ea3o h\u00e0nh 12 th\u00e1ng t\u1ea1i v\u0103n ph\u00f2ng iPOSDANANG.vn  Ch\u00ednh s\u00e1ch b\u1ea3o h\u00e0nh:\u00a0Ph\u1ea7n c\u1ee9ng\u00a0v\u00e0\u00a0ph\u1ea7n m\u1ec1m  Mi\u1ec5n ph\u00ed v\u1eadn chuy\u1ec3n to\u00e0n qu\u1ed1c theo ch\u00ednh s\u00e1ch c\u1ee7a iPOSDANANG.vn\" \/>\n<meta property=\"og:url\" content=\"http:\/\/iposdanang.vn\/iposdanang\/index.php\/product\/may-doc-ma-vach-ipos-isc-882d\/\" \/>\n<meta property=\"og:site_name\" content=\"iPOS t\u1ea1i \u0110\u00e0 N\u1eb5ng\" \/>\n<meta property=\"article:modified_time\" content=\"2021-01-14T06:29:09+00:00\" \/>\n<meta property=\"og:image\" content=\"https:\/\/iposdanang.vn\/iposdanang\/wp-content\/uploads\/2021\/01\/ISC1-600x600-2.png\" \/>\n\t<meta property=\"og:image:width\" content=\"600\" \/>\n\t<meta property=\"og:image:height\" content=\"600\" \/>\n<meta name=\"twitter:card\" content=\"summary_large_image\" \/>\n<script type=\"application\/ld+json\" class=\"yoast-schema-graph\">{\"@context\":\"https:\/\/schema.org\",\"@graph\":[{\"@type\":\"WebSite\",\"@id\":\"https:\/\/iposdanang.vn\/iposdanang\/#website\",\"url\":\"https:\/\/iposdanang.vn\/iposdanang\/\",\"name\":\"iPOS t\\u1ea1i \\u0110\\u00e0 N\\u1eb5ng\",\"description\":\"iPOSDaNang.vn\",\"potentialAction\":[{\"@type\":\"SearchAction\",\"target\":\"https:\/\/iposdanang.vn\/iposdanang\/?s={search_term_string}\",\"query-input\":\"required name=search_term_string\"}],\"inLanguage\":\"vi\"},{\"@type\":\"ImageObject\",\"@id\":\"http:\/\/iposdanang.vn\/iposdanang\/index.php\/product\/may-doc-ma-vach-ipos-isc-882d\/#primaryimage\",\"inLanguage\":\"vi\",\"url\":\"https:\/\/iposdanang.vn\/iposdanang\/wp-content\/uploads\/2021\/01\/ISC1-600x600-2.png\",\"width\":600,\"height\":600},{\"@type\":\"WebPage\",\"@id\":\"http:\/\/iposdanang.vn\/iposdanang\/index.php\/product\/may-doc-ma-vach-ipos-isc-882d\/#webpage\",\"url\":\"http:\/\/iposdanang.vn\/iposdanang\/index.php\/product\/may-doc-ma-vach-ipos-isc-882d\/\",\"name\":\"M\\u00c1Y \\u0110\\u1eccC M\\u00c3 V\\u1ea0CH IPOS ISC-882D - iPOS t\\u1ea1i \\u0110\\u00e0 N\\u1eb5ng\",\"isPartOf\":{\"@id\":\"https:\/\/iposdanang.vn\/iposdanang\/#website\"},\"primaryImageOfPage\":{\"@id\":\"http:\/\/iposdanang.vn\/iposdanang\/index.php\/product\/may-doc-ma-vach-ipos-isc-882d\/#primaryimage\"},\"datePublished\":\"2021-01-08T04:32:10+00:00\",\"dateModified\":\"2021-01-14T06:29:09+00:00\",\"inLanguage\":\"vi\",\"potentialAction\":[{\"@type\":\"ReadAction\",\"target\":[\"http:\/\/iposdanang.vn\/iposdanang\/index.php\/product\/may-doc-ma-vach-ipos-isc-882d\/\"]}]}]}<\/script>\n<!-- \/ Yoast SEO Premium plugin. -->","_links":{"self":[{"href":"https:\/\/iposdanang.vn\/iposdanang\/index.php\/wp-json\/wp\/v2\/product\/6302"}],"collection":[{"href":"https:\/\/iposdanang.vn\/iposdanang\/index.php\/wp-json\/wp\/v2\/product"}],"about":[{"href":"https:\/\/iposdanang.vn\/iposdanang\/index.php\/wp-json\/wp\/v2\/types\/product"}],"wp:featuredmedia":[{"embeddable":true,"href":"https:\/\/iposdanang.vn\/iposdanang\/index.php\/wp-json\/wp\/v2\/media\/6365"}],"wp:attachment":[{"href":"https:\/\/iposdanang.vn\/iposdanang\/index.php\/wp-json\/wp\/v2\/media?parent=6302"}],"curies":[{"name":"wp","href":"https:\/\/api.w.org\/{rel}","templated":true}]}}