{"id":6309,"date":"2021-01-08T13:26:29","date_gmt":"2021-01-08T06:26:29","guid":{"rendered":"http:\/\/iposdanang.vn\/iposdanang\/?post_type=product&#038;p=6309"},"modified":"2021-01-14T13:32:43","modified_gmt":"2021-01-14T06:32:43","slug":"man-hinh-hien-thi-vfd-800-usb","status":"publish","type":"product","link":"https:\/\/iposdanang.vn\/iposdanang\/index.php\/product\/man-hinh-hien-thi-vfd-800-usb\/","title":{"rendered":"M\u00c0N H\u00ccNH HI\u1ec2N TH\u1eca VFD 800 USB"},"content":{"rendered":"<p>M\u00e0n h\u00ecnh hi\u1ec3n th\u1ecb gi\u00fap hi\u1ec3n th\u1ecb th\u00f4ng tin h\u00f3a \u0111\u01a1n c\u1ee7a kh\u00e1ch h\u00e0ng r\u00f5 r\u00e0ng, ch\u00ednh x\u00e1c. Th\u00edch h\u1ee3p v\u1edbi c\u00e1c m\u00f4 h\u00ecnh si\u00eau th\u1ecb, b\u00e1n l\u1ebb.<\/p>\n<p><img loading=\"lazy\" class=\"alignnone size-medium wp-image-6310\" src=\"http:\/\/iposdanang.vn\/iposdanang\/wp-content\/uploads\/2021\/01\/VFD-800-1-600x600-1-300x300.png\" alt=\"\" width=\"300\" height=\"300\" srcset=\"https:\/\/iposdanang.vn\/iposdanang\/wp-content\/uploads\/2021\/01\/VFD-800-1-600x600-1-300x300.png 300w, https:\/\/iposdanang.vn\/iposdanang\/wp-content\/uploads\/2021\/01\/VFD-800-1-600x600-1-150x150.png 150w, https:\/\/iposdanang.vn\/iposdanang\/wp-content\/uploads\/2021\/01\/VFD-800-1-600x600-1-80x80.png 80w, https:\/\/iposdanang.vn\/iposdanang\/wp-content\/uploads\/2021\/01\/VFD-800-1-600x600-1-70x70.png 70w, https:\/\/iposdanang.vn\/iposdanang\/wp-content\/uploads\/2021\/01\/VFD-800-1-600x600-1-100x100.png 100w, https:\/\/iposdanang.vn\/iposdanang\/wp-content\/uploads\/2021\/01\/VFD-800-1-600x600-1-480x480.png 480w, https:\/\/iposdanang.vn\/iposdanang\/wp-content\/uploads\/2021\/01\/VFD-800-1-600x600-1-75x75.png 75w, https:\/\/iposdanang.vn\/iposdanang\/wp-content\/uploads\/2021\/01\/VFD-800-1-600x600-1.png 600w\" sizes=\"(max-width: 300px) 100vw, 300px\" \/> <img loading=\"lazy\" class=\"alignnone size-medium wp-image-6311\" src=\"http:\/\/iposdanang.vn\/iposdanang\/wp-content\/uploads\/2021\/01\/VFD-800-2-300x300-1.png\" alt=\"\" width=\"300\" height=\"300\" srcset=\"https:\/\/iposdanang.vn\/iposdanang\/wp-content\/uploads\/2021\/01\/VFD-800-2-300x300-1.png 300w, https:\/\/iposdanang.vn\/iposdanang\/wp-content\/uploads\/2021\/01\/VFD-800-2-300x300-1-150x150.png 150w, https:\/\/iposdanang.vn\/iposdanang\/wp-content\/uploads\/2021\/01\/VFD-800-2-300x300-1-80x80.png 80w, https:\/\/iposdanang.vn\/iposdanang\/wp-content\/uploads\/2021\/01\/VFD-800-2-300x300-1-70x70.png 70w, https:\/\/iposdanang.vn\/iposdanang\/wp-content\/uploads\/2021\/01\/VFD-800-2-300x300-1-100x100.png 100w, https:\/\/iposdanang.vn\/iposdanang\/wp-content\/uploads\/2021\/01\/VFD-800-2-300x300-1-75x75.png 75w\" sizes=\"(max-width: 300px) 100vw, 300px\" \/><\/p>\n<div id=\"single-product\" class=\"container\">\n<div class=\"row\">\n<div class=\"col-xs-12 col-sm-6 col-md-4\">\n<div class=\"product-specifiments\">\n<h3><strong>B\u1ea3o h\u00e0nh 12 th\u00e1ng t\u1ea1i v\u0103n ph\u00f2ng iPOS.vn<\/strong><\/h3>\n<\/div>\n<\/div>\n<\/div>\n<\/div>\n","protected":false},"excerpt":{"rendered":"<p><strong class=\"desc-text\">TH\u00d4NG S\u1ed0 K\u1ef8 THU\u1eacT<\/strong><\/p>\n<ul>\n<li>Thi\u1ebft b\u1ecb hi\u1ec3n th\u1ecb th\u00f4ng tin v\u1edbi kh\u00e1ch h\u00e0ng<\/li>\n<li>\u0110\u00e8n LED ma tr\u1eadn. \u2013 Hi\u1ec3n th\u1ecb 20 c\u1ed9t v\u00e0 2 d\u00f2ng th\u00f4ng tin<\/li>\n<li>Thi\u1ebft k\u1ebf ch\u1eafc ch\u1eafn, nh\u1ecf g\u1ecdn<\/li>\n<li>K\u1ebft n\u1ed1i USB<\/li>\n<\/ul>\n<p><strong>B\u1ea3o h\u00e0nh 12 th\u00e1ng t\u1ea1i v\u0103n ph\u00f2ng iPOSDANANG.vn<\/strong><\/p>\n<p><strong>Ch\u00ednh s\u00e1ch b\u1ea3o h\u00e0nh:\u00a0<\/strong><a href=\"https:\/\/ipos.vn\/wp-content\/uploads\/2020\/06\/Quy-Dinh-Bao-Hanh-Phan-Cung-update-web-iPOS.pdf\">Ph\u1ea7n c\u1ee9ng<\/a>\u00a0v\u00e0\u00a0<a href=\"https:\/\/ipos.vn\/wp-content\/uploads\/2020\/06\/Quy-Dinh-Bao-Hanh-Phan-Mem-iPOS.pdf\">ph\u1ea7n m\u1ec1m<\/a><\/p>\n<p><strong>Mi\u1ec5n ph\u00ed v\u1eadn chuy\u1ec3n to\u00e0n qu\u1ed1c theo ch\u00ednh s\u00e1ch c\u1ee7a iPOSDANANG.vn<\/strong><\/p>\n","protected":false},"featured_media":6370,"template":"","meta":{"_monsterinsights_skip_tracking":false,"_monsterinsights_sitenote_active":false,"_monsterinsights_sitenote_note":"","_monsterinsights_sitenote_category":0},"yoast_head":"<!-- This site is optimized with the Yoast SEO Premium plugin v15.0 - https:\/\/yoast.com\/wordpress\/plugins\/seo\/ -->\n<title>M\u00c0N H\u00ccNH HI\u1ec2N TH\u1eca VFD 800 USB - iPOS t\u1ea1i \u0110\u00e0 N\u1eb5ng<\/title>\n<meta name=\"robots\" content=\"index, follow, max-snippet:-1, max-image-preview:large, max-video-preview:-1\" \/>\n<link rel=\"canonical\" href=\"http:\/\/iposdanang.vn\/iposdanang\/index.php\/product\/man-hinh-hien-thi-vfd-800-usb\/\" \/>\n<meta property=\"og:locale\" content=\"vi_VN\" \/>\n<meta property=\"og:type\" content=\"article\" \/>\n<meta property=\"og:title\" content=\"M\u00c0N H\u00ccNH HI\u1ec2N TH\u1eca VFD 800 USB - iPOS t\u1ea1i \u0110\u00e0 N\u1eb5ng\" \/>\n<meta property=\"og:description\" content=\"TH\u00d4NG S\u1ed0 K\u1ef8 THU\u1eacT   Thi\u1ebft b\u1ecb hi\u1ec3n th\u1ecb th\u00f4ng tin v\u1edbi kh\u00e1ch h\u00e0ng  \u0110\u00e8n LED ma tr\u1eadn. \u2013 Hi\u1ec3n th\u1ecb 20 c\u1ed9t v\u00e0 2 d\u00f2ng th\u00f4ng tin  Thi\u1ebft k\u1ebf ch\u1eafc ch\u1eafn, nh\u1ecf g\u1ecdn  K\u1ebft n\u1ed1i USB  B\u1ea3o h\u00e0nh 12 th\u00e1ng t\u1ea1i v\u0103n ph\u00f2ng iPOSDANANG.vn  Ch\u00ednh s\u00e1ch b\u1ea3o h\u00e0nh:\u00a0Ph\u1ea7n c\u1ee9ng\u00a0v\u00e0\u00a0ph\u1ea7n m\u1ec1m  Mi\u1ec5n ph\u00ed v\u1eadn chuy\u1ec3n to\u00e0n qu\u1ed1c theo ch\u00ednh s\u00e1ch c\u1ee7a iPOSDANANG.vn\" \/>\n<meta property=\"og:url\" content=\"http:\/\/iposdanang.vn\/iposdanang\/index.php\/product\/man-hinh-hien-thi-vfd-800-usb\/\" \/>\n<meta property=\"og:site_name\" content=\"iPOS t\u1ea1i \u0110\u00e0 N\u1eb5ng\" \/>\n<meta property=\"article:modified_time\" content=\"2021-01-14T06:32:43+00:00\" \/>\n<meta property=\"og:image\" content=\"https:\/\/iposdanang.vn\/iposdanang\/wp-content\/uploads\/2021\/01\/VFD-800-1-600x600-2.png\" \/>\n\t<meta property=\"og:image:width\" content=\"600\" \/>\n\t<meta property=\"og:image:height\" content=\"600\" \/>\n<meta name=\"twitter:card\" content=\"summary_large_image\" \/>\n<script type=\"application\/ld+json\" class=\"yoast-schema-graph\">{\"@context\":\"https:\/\/schema.org\",\"@graph\":[{\"@type\":\"WebSite\",\"@id\":\"https:\/\/iposdanang.vn\/iposdanang\/#website\",\"url\":\"https:\/\/iposdanang.vn\/iposdanang\/\",\"name\":\"iPOS t\\u1ea1i \\u0110\\u00e0 N\\u1eb5ng\",\"description\":\"iPOSDaNang.vn\",\"potentialAction\":[{\"@type\":\"SearchAction\",\"target\":\"https:\/\/iposdanang.vn\/iposdanang\/?s={search_term_string}\",\"query-input\":\"required name=search_term_string\"}],\"inLanguage\":\"vi\"},{\"@type\":\"ImageObject\",\"@id\":\"http:\/\/iposdanang.vn\/iposdanang\/index.php\/product\/man-hinh-hien-thi-vfd-800-usb\/#primaryimage\",\"inLanguage\":\"vi\",\"url\":\"https:\/\/iposdanang.vn\/iposdanang\/wp-content\/uploads\/2021\/01\/VFD-800-1-600x600-2.png\",\"width\":600,\"height\":600},{\"@type\":\"WebPage\",\"@id\":\"http:\/\/iposdanang.vn\/iposdanang\/index.php\/product\/man-hinh-hien-thi-vfd-800-usb\/#webpage\",\"url\":\"http:\/\/iposdanang.vn\/iposdanang\/index.php\/product\/man-hinh-hien-thi-vfd-800-usb\/\",\"name\":\"M\\u00c0N H\\u00ccNH HI\\u1ec2N TH\\u1eca VFD 800 USB - iPOS t\\u1ea1i \\u0110\\u00e0 N\\u1eb5ng\",\"isPartOf\":{\"@id\":\"https:\/\/iposdanang.vn\/iposdanang\/#website\"},\"primaryImageOfPage\":{\"@id\":\"http:\/\/iposdanang.vn\/iposdanang\/index.php\/product\/man-hinh-hien-thi-vfd-800-usb\/#primaryimage\"},\"datePublished\":\"2021-01-08T06:26:29+00:00\",\"dateModified\":\"2021-01-14T06:32:43+00:00\",\"inLanguage\":\"vi\",\"potentialAction\":[{\"@type\":\"ReadAction\",\"target\":[\"http:\/\/iposdanang.vn\/iposdanang\/index.php\/product\/man-hinh-hien-thi-vfd-800-usb\/\"]}]}]}<\/script>\n<!-- \/ Yoast SEO Premium plugin. -->","_links":{"self":[{"href":"https:\/\/iposdanang.vn\/iposdanang\/index.php\/wp-json\/wp\/v2\/product\/6309"}],"collection":[{"href":"https:\/\/iposdanang.vn\/iposdanang\/index.php\/wp-json\/wp\/v2\/product"}],"about":[{"href":"https:\/\/iposdanang.vn\/iposdanang\/index.php\/wp-json\/wp\/v2\/types\/product"}],"wp:featuredmedia":[{"embeddable":true,"href":"https:\/\/iposdanang.vn\/iposdanang\/index.php\/wp-json\/wp\/v2\/media\/6370"}],"wp:attachment":[{"href":"https:\/\/iposdanang.vn\/iposdanang\/index.php\/wp-json\/wp\/v2\/media?parent=6309"}],"curies":[{"name":"wp","href":"https:\/\/api.w.org\/{rel}","templated":true}]}}